{"id":3642,"date":"2025-11-07T02:11:50","date_gmt":"2025-11-07T02:11:50","guid":{"rendered":"https:\/\/mountlaser.com\/?post_type=product&#038;p=3642"},"modified":"2025-11-27T08:25:46","modified_gmt":"2025-11-27T08:25:46","slug":"swiss-style-360-prism","status":"publish","type":"product","link":"https:\/\/mountlaser.com\/fr_fr\/produit\/swiss-style-360-prism\/","title":{"rendered":"Prisme suisse GRZ4\/GRZ4M \u00e0 360\u00b0"},"content":{"rendered":"<p>Le <a href=\"https:\/\/mountlaser.com\/fr_fr\/\"><strong>R\u00e9flecteur GRZ4 \u00e0 360\u00b0<\/strong> <\/a>repr\u00e9sente un produit tr\u00e8s pr\u00e9cis et durable <a href=\"https:\/\/mountlaser.com\/fr_fr\/products\/\"><strong>Prisme suisse \u00e0 360\u00b0<\/strong><\/a> Solution con\u00e7ue pour les applications de stations totales exigeant des mesures pr\u00e9cises et multidirectionnelles. Pens\u00e9 pour les g\u00e9om\u00e8tres professionnels, le r\u00e9flecteur GRZ4 360\u00b0 garantit une reconnaissance de cible fiable et une acquisition de donn\u00e9es efficace quel que soit l&#039;angle.<\/p>\n<p>Ce prisme 360\u00b0 de style suisse est compos\u00e9 de six prismes robustes, coll\u00e9s sans joint apparent pour une couverture compl\u00e8te \u00e0 360\u00b0. Il offre une constante suisse de +23,1 mm, assurant la compatibilit\u00e9 avec les instruments de style suisse, et garantit une pr\u00e9cision de centrage de \u00b12,0 mm pour une utilisation fiable sur le terrain.<\/p>\n<p><img fetchpriority=\"high\" decoding=\"async\" class=\"aligncenter wp-image-3653\" src=\"https:\/\/mountlaser.com\/wp-content\/uploads\/2025\/11\/L1-3603.webp\" alt=\"GRZ4 360\u00b0 Reflector\" width=\"500\" height=\"500\" srcset=\"https:\/\/mountlaser.com\/wp-content\/uploads\/2025\/11\/L1-3603.webp 1000w, https:\/\/mountlaser.com\/wp-content\/uploads\/2025\/11\/L1-3603-300x300.webp 300w, https:\/\/mountlaser.com\/wp-content\/uploads\/2025\/11\/L1-3603-400x400.webp 400w, https:\/\/mountlaser.com\/wp-content\/uploads\/2025\/11\/L1-3603-800x800.webp 800w, https:\/\/mountlaser.com\/wp-content\/uploads\/2025\/11\/L1-3603-600x600.webp 600w, https:\/\/mountlaser.com\/wp-content\/uploads\/2025\/11\/L1-3603-150x150.webp 150w, https:\/\/mountlaser.com\/wp-content\/uploads\/2025\/11\/L1-3603-768x768.webp 768w, https:\/\/mountlaser.com\/wp-content\/uploads\/2025\/11\/L1-3603-12x12.webp 12w\" sizes=\"(max-width: 500px) 100vw, 500px\" \/><\/p>\n<p>Le r\u00e9flecteur GRZ4 360\u00b0 est disponible en deux mod\u00e8les\u00a0:<\/p>\n<p>GRZ4\u00a0: Conception l\u00e9g\u00e8re en plastique fabriqu\u00e9 en nylon durable<\/p>\n<p>GRZ4M\u00a0: Conception m\u00e9tallique renforc\u00e9e pour une stabilit\u00e9 et une long\u00e9vit\u00e9 maximales<\/p>\n<p>Chaque <a href=\"https:\/\/mountlaser.com\/fr_fr\/contact-us\/\">Prisme suisse \u00e0 360\u00b0<\/a> Il est dot\u00e9 d&#039;un connecteur \u00e0 bouton-poussoir \u00e0 d\u00e9gagement rapide, permettant une fixation et un retrait rapides sur les perches ou les adaptateurs tribrach. Sa conception compacte et sans axe am\u00e9liore encore sa portabilit\u00e9 et sa fiabilit\u00e9 \u00e0 l&#039;usage.<\/p>","protected":false},"excerpt":{"rendered":"<ul>\n<li>Prisme 360\u00b0 de style suisse avec 6 mini-prismes int\u00e9gr\u00e9s pour une couverture compl\u00e8te<\/li>\n<li>Bouton-poussoir \u00e0 d\u00e9gagement rapide pour un montage rapide et s\u00e9curis\u00e9<\/li>\n<li>Absence d&#039;axe central en acier inoxydable, garantissant une forme l\u00e9g\u00e8re et compacte<\/li>\n<\/ul>","protected":false},"featured_media":3646,"comment_status":"open","ping_status":"closed","template":"","meta":[],"product_brand":[],"product_cat":[72,115],"product_tag":[],"class_list":{"0":"post-3642","1":"product","2":"type-product","3":"status-publish","4":"has-post-thumbnail","6":"product_cat-reflective-target-prism","7":"product_cat-wide-angle-prism","9":"first","10":"instock","11":"shipping-taxable","12":"product-type-simple"},"_links":{"self":[{"href":"https:\/\/mountlaser.com\/fr_fr\/wp-json\/wp\/v2\/product\/3642","targetHints":{"allow":["GET"]}}],"collection":[{"href":"https:\/\/mountlaser.com\/fr_fr\/wp-json\/wp\/v2\/product"}],"about":[{"href":"https:\/\/mountlaser.com\/fr_fr\/wp-json\/wp\/v2\/types\/product"}],"replies":[{"embeddable":true,"href":"https:\/\/mountlaser.com\/fr_fr\/wp-json\/wp\/v2\/comments?post=3642"}],"wp:featuredmedia":[{"embeddable":true,"href":"https:\/\/mountlaser.com\/fr_fr\/wp-json\/wp\/v2\/media\/3646"}],"wp:attachment":[{"href":"https:\/\/mountlaser.com\/fr_fr\/wp-json\/wp\/v2\/media?parent=3642"}],"wp:term":[{"taxonomy":"product_brand","embeddable":true,"href":"https:\/\/mountlaser.com\/fr_fr\/wp-json\/wp\/v2\/product_brand?post=3642"},{"taxonomy":"product_cat","embeddable":true,"href":"https:\/\/mountlaser.com\/fr_fr\/wp-json\/wp\/v2\/product_cat?post=3642"},{"taxonomy":"product_tag","embeddable":true,"href":"https:\/\/mountlaser.com\/fr_fr\/wp-json\/wp\/v2\/product_tag?post=3642"}],"curies":[{"name":"wp","href":"https:\/\/api.w.org\/{rel}","templated":true}]}}