{"id":3631,"date":"2025-11-07T01:23:30","date_gmt":"2025-11-07T01:23:30","guid":{"rendered":"https:\/\/mountlaser.com\/?post_type=product&#038;p=3631"},"modified":"2025-11-27T08:58:29","modified_gmt":"2025-11-27T08:58:29","slug":"mg1500sl-top-sliding-prism-with-pole","status":"publish","type":"product","link":"https:\/\/mountlaser.com\/fr_fr\/produit\/mg1500sl-top-sliding-prism-with-pole\/","title":{"rendered":"Prisme coulissant sup\u00e9rieur MG1500SL avec colonne"},"content":{"rendered":"<p>Le <a href=\"https:\/\/mountlaser.com\/fr_fr\/\"><strong>Mini prisme MG-1500SL<\/strong><\/a> est un produit de conception pr\u00e9cise <a href=\"https:\/\/mountlaser.com\/fr_fr\/products\/\"><strong>Mini prisme jaune avec m\u00e2t pour stations totales<\/strong><\/a>, Con\u00e7u pour offrir une pr\u00e9cision \u00e9lev\u00e9e et une durabilit\u00e9 exceptionnelle aux g\u00e9om\u00e8tres professionnels, le mini-prisme MG-1500SL est polyvalent et s&#039;adapte \u00e0 toutes les conditions de terrain. Son prisme argent\u00e9 de 38,1 mm garantit une r\u00e9flectivit\u00e9 sup\u00e9rieure et un signal stable, m\u00eame \u00e0 longue distance.<\/p>\n<p>Dot\u00e9 d&#039;un d\u00e9calage r\u00e9glable de 0 \u00e0 -30 mm, le mini-prisme MG-1500SL offre une grande flexibilit\u00e9 de mesure, adapt\u00e9e aux applications standard et d&#039;angle. Il inclut un adaptateur d&#039;angle pour un alignement et un positionnement pr\u00e9cis, ce qui en fait un mini-prisme jaune id\u00e9al pour les stations totales utilis\u00e9es dans les projets de construction, d&#039;ing\u00e9nierie et de surveillance.<\/p>\n<p><img fetchpriority=\"high\" decoding=\"async\" class=\"aligncenter wp-image-3636\" src=\"https:\/\/mountlaser.com\/wp-content\/uploads\/2025\/11\/MG-1500SL5.webp\" alt=\"mg-1500sl mini prism\" width=\"500\" height=\"500\" srcset=\"https:\/\/mountlaser.com\/wp-content\/uploads\/2025\/11\/MG-1500SL5.webp 1000w, https:\/\/mountlaser.com\/wp-content\/uploads\/2025\/11\/MG-1500SL5-300x300.webp 300w, https:\/\/mountlaser.com\/wp-content\/uploads\/2025\/11\/MG-1500SL5-400x400.webp 400w, https:\/\/mountlaser.com\/wp-content\/uploads\/2025\/11\/MG-1500SL5-800x800.webp 800w, https:\/\/mountlaser.com\/wp-content\/uploads\/2025\/11\/MG-1500SL5-600x600.webp 600w, https:\/\/mountlaser.com\/wp-content\/uploads\/2025\/11\/MG-1500SL5-150x150.webp 150w, https:\/\/mountlaser.com\/wp-content\/uploads\/2025\/11\/MG-1500SL5-768x768.webp 768w, https:\/\/mountlaser.com\/wp-content\/uploads\/2025\/11\/MG-1500SL5-12x12.webp 12w\" sizes=\"(max-width: 500px) 100vw, 500px\" \/><\/p>\n<p>Le mini-prisme mg-1500sl est \u00e9galement dot\u00e9 d&#039;un adaptateur \u00e0 double filetage (m\u00e2le M6 et femelle 5\/8\u2033-11) pour une compatibilit\u00e9 totale avec les tiges et accessoires de prisme standard. Une poign\u00e9e offre plus de confort et de contr\u00f4le, tandis que la tige en acier inoxydable \u00e0 cinq sections (300 mm chacune, extensible jusqu&#039;\u00e0 1,5 m) allie portabilit\u00e9 et robustesse.<\/p>\n<p>Ce <a href=\"https:\/\/mountlaser.com\/fr_fr\/contact-us\/\">Mini prisme jaune avec m\u00e2t pour stations totales<\/a> est emball\u00e9e dans un sac de protection souple, garantissant un transport s\u00fbr et une performance durable dans tous les environnements de travail.<\/p>","protected":false},"excerpt":{"rendered":"<ul>\n<li>Adaptateur d&#039;angle inclus pour une utilisation facile du prisme d&#039;angle<\/li>\n<li>Adaptateur de poign\u00e9e pour une manipulation et une installation confortables<\/li>\n<li>R\u00e9sistant et portable, fourni avec un sac de protection souple<\/li>\n<\/ul>","protected":false},"featured_media":3632,"comment_status":"open","ping_status":"closed","template":"","meta":[],"product_brand":[],"product_cat":[72,114],"product_tag":[],"class_list":{"0":"post-3631","1":"product","2":"type-product","3":"status-publish","4":"has-post-thumbnail","6":"product_cat-reflective-target-prism","7":"product_cat-mini-prism-with-pole","9":"first","10":"instock","11":"shipping-taxable","12":"product-type-simple"},"_links":{"self":[{"href":"https:\/\/mountlaser.com\/fr_fr\/wp-json\/wp\/v2\/product\/3631","targetHints":{"allow":["GET"]}}],"collection":[{"href":"https:\/\/mountlaser.com\/fr_fr\/wp-json\/wp\/v2\/product"}],"about":[{"href":"https:\/\/mountlaser.com\/fr_fr\/wp-json\/wp\/v2\/types\/product"}],"replies":[{"embeddable":true,"href":"https:\/\/mountlaser.com\/fr_fr\/wp-json\/wp\/v2\/comments?post=3631"}],"wp:featuredmedia":[{"embeddable":true,"href":"https:\/\/mountlaser.com\/fr_fr\/wp-json\/wp\/v2\/media\/3632"}],"wp:attachment":[{"href":"https:\/\/mountlaser.com\/fr_fr\/wp-json\/wp\/v2\/media?parent=3631"}],"wp:term":[{"taxonomy":"product_brand","embeddable":true,"href":"https:\/\/mountlaser.com\/fr_fr\/wp-json\/wp\/v2\/product_brand?post=3631"},{"taxonomy":"product_cat","embeddable":true,"href":"https:\/\/mountlaser.com\/fr_fr\/wp-json\/wp\/v2\/product_cat?post=3631"},{"taxonomy":"product_tag","embeddable":true,"href":"https:\/\/mountlaser.com\/fr_fr\/wp-json\/wp\/v2\/product_tag?post=3631"}],"curies":[{"name":"wp","href":"https:\/\/api.w.org\/{rel}","templated":true}]}}