{"id":3621,"date":"2025-11-06T09:29:18","date_gmt":"2025-11-06T09:29:18","guid":{"rendered":"https:\/\/mountlaser.com\/?post_type=product&#038;p=3621"},"modified":"2025-11-27T09:09:35","modified_gmt":"2025-11-27T09:09:35","slug":"m1500-top-sliding-prism-with-pole","status":"publish","type":"product","link":"https:\/\/mountlaser.com\/fr_fr\/produit\/m1500-top-sliding-prism-with-pole\/","title":{"rendered":"Prisme coulissant sup\u00e9rieur M1500 avec perche"},"content":{"rendered":"<p>Le <a href=\"https:\/\/mountlaser.com\/fr_fr\/\"><strong>Prisme coulissant sup\u00e9rieur M1500 avec perche<\/strong><\/a> Le prisme coulissant M1500 avec perche est un prisme haute performance con\u00e7u pour offrir une pr\u00e9cision, une fiabilit\u00e9 et une adaptabilit\u00e9 exceptionnelles aux applications topographiques les plus exigeantes. Destin\u00e9 aux professionnels qui requi\u00e8rent une pr\u00e9cision constante, le prisme coulissant M1500 avec perche est dot\u00e9 d&#039;un prisme de 38,1 mm avec rev\u00eatement argent\u00e9 haute performance qui garantit une r\u00e9flectivit\u00e9 sup\u00e9rieure et un retour de signal pr\u00e9cis, m\u00eame dans des conditions de terrain difficiles.<\/p>\n<p>Con\u00e7u pour la polyvalence, ce <a href=\"https:\/\/mountlaser.com\/fr_fr\/about-us\/\"><strong>prisme coulissant haute performance avec poteau<\/strong><\/a> Il comprend un adaptateur d&#039;angle, ce qui lui permet de fonctionner aussi bien comme prisme standard que comme prisme d&#039;angle. Gr\u00e2ce \u00e0 son d\u00e9calage de prisme de 0 mm, il garantit des mesures pr\u00e9cises pour les travaux de surveillance, d&#039;alignement et de lev\u00e9s topographiques sur les chantiers.<\/p>\n<p><img fetchpriority=\"high\" decoding=\"async\" class=\"aligncenter wp-image-3622\" src=\"https:\/\/mountlaser.com\/wp-content\/uploads\/2025\/11\/M-15001.webp\" alt=\"M1500 Top Sliding Prism With Pole\" width=\"500\" height=\"500\" srcset=\"https:\/\/mountlaser.com\/wp-content\/uploads\/2025\/11\/M-15001.webp 1000w, https:\/\/mountlaser.com\/wp-content\/uploads\/2025\/11\/M-15001-300x300.webp 300w, https:\/\/mountlaser.com\/wp-content\/uploads\/2025\/11\/M-15001-400x400.webp 400w, https:\/\/mountlaser.com\/wp-content\/uploads\/2025\/11\/M-15001-800x800.webp 800w, https:\/\/mountlaser.com\/wp-content\/uploads\/2025\/11\/M-15001-600x600.webp 600w, https:\/\/mountlaser.com\/wp-content\/uploads\/2025\/11\/M-15001-150x150.webp 150w, https:\/\/mountlaser.com\/wp-content\/uploads\/2025\/11\/M-15001-768x768.webp 768w, https:\/\/mountlaser.com\/wp-content\/uploads\/2025\/11\/M-15001-12x12.webp 12w\" sizes=\"(max-width: 500px) 100vw, 500px\" \/><\/p>\n<p>Le <a href=\"https:\/\/mountlaser.com\/fr_fr\/contact-us\/\">Prisme coulissant sup\u00e9rieur M1500 avec perche<\/a> Il propose deux options de verrouillage\u00a0: le M1500MP, dot\u00e9 d\u2019un m\u00e9canisme de verrouillage \u00e0 vis fiable, et le M1500GP, \u00e9quip\u00e9 d\u2019un syst\u00e8me de double verrouillage pour une stabilit\u00e9 accrue lors d\u2019une utilisation prolong\u00e9e. Sa tige en acier inoxydable (filetage M6, \u00d8\u00a09\u00a0mm) se compose de cinq sections de 300\u00a0mm, atteignant une longueur maximale de 1,5\u00a0m\u00e8tre (mod\u00e8le SSP093005), assurant un support robuste dans divers environnements de terrain.<\/p>\n<p>Livr\u00e9 dans un sac de protection souple, ce prisme coulissant haute performance avec perche allie portabilit\u00e9, pr\u00e9cision et durabilit\u00e9 \u00e0 long terme, ce qui en fait un choix de confiance pour les g\u00e9om\u00e8tres du monde entier.<\/p>","protected":false},"excerpt":{"rendered":"<ul>\n<li>L&#039;adaptateur d&#039;angle permet une utilisation flexible en tant que prisme standard ou d&#039;angle.<\/li>\n<li>Deux options de verrouillage\u00a0: verrouillage \u00e0 vis (M1500MP) ou double verrouillage (M1500GP) pour une stabilit\u00e9 accrue<\/li>\n<li>Broche en acier inoxydable durable<\/li>\n<li>Fourni avec un sac de transport souple pour faciliter le transport et la protection<\/li>\n<\/ul>","protected":false},"featured_media":3622,"comment_status":"open","ping_status":"closed","template":"","meta":[],"product_brand":[],"product_cat":[72,114],"product_tag":[],"class_list":{"0":"post-3621","1":"product","2":"type-product","3":"status-publish","4":"has-post-thumbnail","6":"product_cat-reflective-target-prism","7":"product_cat-mini-prism-with-pole","9":"first","10":"instock","11":"shipping-taxable","12":"product-type-simple"},"_links":{"self":[{"href":"https:\/\/mountlaser.com\/fr_fr\/wp-json\/wp\/v2\/product\/3621","targetHints":{"allow":["GET"]}}],"collection":[{"href":"https:\/\/mountlaser.com\/fr_fr\/wp-json\/wp\/v2\/product"}],"about":[{"href":"https:\/\/mountlaser.com\/fr_fr\/wp-json\/wp\/v2\/types\/product"}],"replies":[{"embeddable":true,"href":"https:\/\/mountlaser.com\/fr_fr\/wp-json\/wp\/v2\/comments?post=3621"}],"wp:featuredmedia":[{"embeddable":true,"href":"https:\/\/mountlaser.com\/fr_fr\/wp-json\/wp\/v2\/media\/3622"}],"wp:attachment":[{"href":"https:\/\/mountlaser.com\/fr_fr\/wp-json\/wp\/v2\/media?parent=3621"}],"wp:term":[{"taxonomy":"product_brand","embeddable":true,"href":"https:\/\/mountlaser.com\/fr_fr\/wp-json\/wp\/v2\/product_brand?post=3621"},{"taxonomy":"product_cat","embeddable":true,"href":"https:\/\/mountlaser.com\/fr_fr\/wp-json\/wp\/v2\/product_cat?post=3621"},{"taxonomy":"product_tag","embeddable":true,"href":"https:\/\/mountlaser.com\/fr_fr\/wp-json\/wp\/v2\/product_tag?post=3621"}],"curies":[{"name":"wp","href":"https:\/\/api.w.org\/{rel}","templated":true}]}}