{"id":3595,"date":"2025-11-06T08:57:54","date_gmt":"2025-11-06T08:57:54","guid":{"rendered":"https:\/\/mountlaser.com\/?post_type=product&#038;p=3595"},"modified":"2025-11-28T00:48:29","modified_gmt":"2025-11-28T00:48:29","slug":"cls-series-aluminum-mini-prism-pole","status":"publish","type":"product","link":"https:\/\/mountlaser.com\/fr_fr\/produit\/cls-series-aluminum-mini-prism-pole\/","title":{"rendered":"Mini-p\u00f4le prismatique en aluminium s\u00e9rie CLS"},"content":{"rendered":"<p>Le <a href=\"https:\/\/mountlaser.com\/fr_fr\/\"><strong>Mini-p\u00f4le prismatique en aluminium s\u00e9rie CLS<\/strong><\/a> Elle est con\u00e7ue pour r\u00e9pondre aux exigences rigoureuses des lev\u00e9s topographiques modernes, offrant un \u00e9quilibre parfait entre stabilit\u00e9 et portabilit\u00e9.<\/p>\n<p>Con\u00e7ue sp\u00e9cifiquement comme une mini-perche \u00e0 prisme haute performance pour les syst\u00e8mes de stations totales, elle garantit une collecte de donn\u00e9es pr\u00e9cise pour divers projets. Cette mini-perche \u00e0 prisme robuste pour topographie pr\u00e9sente un diam\u00e8tre ext\u00e9rieur de 32 mm, offrant une rigidit\u00e9 accrue pour une pr\u00e9cision sup\u00e9rieure sur le terrain. Dot\u00e9e d&#039;une base \u00e0 bulle en aluminium durable et fournie avec un sac de transport protecteur, la s\u00e9rie CLS est id\u00e9ale. <a href=\"https:\/\/mountlaser.com\/fr_fr\/products\/\"><strong>Mini-poteau prismatique pour station totale<\/strong><\/a> configurations.<\/p>\n<p>La construction de 32 mm de diam\u00e8tre ext\u00e9rieur (OD32mm) offre une plus grande int\u00e9grit\u00e9 structurelle, minimisant la flexion et assurant une pr\u00e9cision de mesure constante.<\/p>\n<p><strong>Sp\u00e9cifications des mini-m\u00e2ts prismatiques en aluminium de la s\u00e9rie CLS<\/strong><\/p>\n<table style=\"border-collapse: collapse; width: 741.77pt;\" border=\"0\" width=\"989\" cellspacing=\"0\" cellpadding=\"0\">\n<tbody>\n<tr style=\"height: 14.25pt;\">\n<td class=\"et2\" style=\"height: 14.25pt; width: 142.50pt;\" width=\"190\" height=\"19\">NOMBRE<\/td>\n<td class=\"et2\" style=\"width: 127.50pt;\" width=\"170\">MAT\u00c9RIEL<\/td>\n<td class=\"et2\" style=\"width: 126.00pt;\" width=\"168\">TAILLE PHYSIQUE<\/td>\n<td class=\"et2\" style=\"width: 135.00pt;\" width=\"180\">HAUTEUR DE L&#039;AXE DU PRISME<\/td>\n<td class=\"et2\" style=\"width: 124.50pt;\" width=\"166\">DIAM\u00c8TRE<\/td>\n<td style=\"width: 86.25pt;\" width=\"115\">image<\/td>\n<\/tr>\n<tr style=\"height: 14.25pt;\">\n<td class=\"et2\" style=\"height: 14.25pt;\" height=\"19\">CLS012<\/td>\n<td class=\"et3\">Aluminium<\/td>\n<td class=\"et3\">12 cm<\/td>\n<td class=\"et3\">22 cm<\/td>\n<td class=\"et3\">32 mm<\/td>\n<td><img fetchpriority=\"high\" decoding=\"async\" class=\"alignnone wp-image-3598 size-medium\" src=\"https:\/\/mountlaser.com\/wp-content\/uploads\/2025\/11\/CLS012-2-300x300.webp\" alt=\"Mini Prism Pole for Total Station\" width=\"300\" height=\"300\" srcset=\"https:\/\/mountlaser.com\/wp-content\/uploads\/2025\/11\/CLS012-2-300x300.webp 300w, https:\/\/mountlaser.com\/wp-content\/uploads\/2025\/11\/CLS012-2-400x400.webp 400w, https:\/\/mountlaser.com\/wp-content\/uploads\/2025\/11\/CLS012-2-800x800.webp 800w, https:\/\/mountlaser.com\/wp-content\/uploads\/2025\/11\/CLS012-2-600x600.webp 600w, https:\/\/mountlaser.com\/wp-content\/uploads\/2025\/11\/CLS012-2-150x150.webp 150w, https:\/\/mountlaser.com\/wp-content\/uploads\/2025\/11\/CLS012-2-768x768.webp 768w, https:\/\/mountlaser.com\/wp-content\/uploads\/2025\/11\/CLS012-2-12x12.webp 12w, https:\/\/mountlaser.com\/wp-content\/uploads\/2025\/11\/CLS012-2.webp 1000w\" sizes=\"(max-width: 300px) 100vw, 300px\" \/><\/td>\n<\/tr>\n<tr style=\"height: 14.25pt;\">\n<td class=\"et2\" style=\"height: 14.25pt;\" height=\"19\">CLS013<\/td>\n<td class=\"et3\">Aluminium<\/td>\n<td class=\"et3\">11,4 cm<\/td>\n<td class=\"et3\">15 cm<\/td>\n<td class=\"et3\">32 mm<\/td>\n<td><img decoding=\"async\" class=\"alignnone wp-image-3605 size-medium\" src=\"https:\/\/mountlaser.com\/wp-content\/uploads\/2025\/11\/CLS013-3-300x300.webp\" alt=\"Mini Prism Pole for Total Station\" width=\"300\" height=\"300\" srcset=\"https:\/\/mountlaser.com\/wp-content\/uploads\/2025\/11\/CLS013-3-300x300.webp 300w, https:\/\/mountlaser.com\/wp-content\/uploads\/2025\/11\/CLS013-3-400x400.webp 400w, https:\/\/mountlaser.com\/wp-content\/uploads\/2025\/11\/CLS013-3-800x800.webp 800w, https:\/\/mountlaser.com\/wp-content\/uploads\/2025\/11\/CLS013-3-600x600.webp 600w, https:\/\/mountlaser.com\/wp-content\/uploads\/2025\/11\/CLS013-3-150x150.webp 150w, https:\/\/mountlaser.com\/wp-content\/uploads\/2025\/11\/CLS013-3-768x768.webp 768w, https:\/\/mountlaser.com\/wp-content\/uploads\/2025\/11\/CLS013-3-12x12.webp 12w, https:\/\/mountlaser.com\/wp-content\/uploads\/2025\/11\/CLS013-3.webp 1000w\" sizes=\"(max-width: 300px) 100vw, 300px\" \/><\/td>\n<\/tr>\n<\/tbody>\n<\/table>","protected":false},"excerpt":{"rendered":"<ul>\n<li>Comprend un sac de transport souple pour un transport pratique et s\u00fbr, facilitant ainsi le transport de cet outil essentiel sur n&#039;importe quel chantier.<\/li>\n<li>Con\u00e7u pour fonctionner parfaitement comme une mini-perche \u00e0 prisme pour les syst\u00e8mes de station totale<\/li>\n<li>fournir une plateforme stable pour les prismes dans diverses applications topographiques.<\/li>\n<\/ul>","protected":false},"featured_media":3604,"comment_status":"open","ping_status":"closed","template":"","meta":[],"product_brand":[],"product_cat":[89,116],"product_tag":[],"class_list":{"0":"post-3595","1":"product","2":"type-product","3":"status-publish","4":"has-post-thumbnail","6":"product_cat-surveying-pole-rod","7":"product_cat-aluminum-mini-prism-pole","9":"first","10":"instock","11":"shipping-taxable","12":"product-type-simple"},"_links":{"self":[{"href":"https:\/\/mountlaser.com\/fr_fr\/wp-json\/wp\/v2\/product\/3595","targetHints":{"allow":["GET"]}}],"collection":[{"href":"https:\/\/mountlaser.com\/fr_fr\/wp-json\/wp\/v2\/product"}],"about":[{"href":"https:\/\/mountlaser.com\/fr_fr\/wp-json\/wp\/v2\/types\/product"}],"replies":[{"embeddable":true,"href":"https:\/\/mountlaser.com\/fr_fr\/wp-json\/wp\/v2\/comments?post=3595"}],"wp:featuredmedia":[{"embeddable":true,"href":"https:\/\/mountlaser.com\/fr_fr\/wp-json\/wp\/v2\/media\/3604"}],"wp:attachment":[{"href":"https:\/\/mountlaser.com\/fr_fr\/wp-json\/wp\/v2\/media?parent=3595"}],"wp:term":[{"taxonomy":"product_brand","embeddable":true,"href":"https:\/\/mountlaser.com\/fr_fr\/wp-json\/wp\/v2\/product_brand?post=3595"},{"taxonomy":"product_cat","embeddable":true,"href":"https:\/\/mountlaser.com\/fr_fr\/wp-json\/wp\/v2\/product_cat?post=3595"},{"taxonomy":"product_tag","embeddable":true,"href":"https:\/\/mountlaser.com\/fr_fr\/wp-json\/wp\/v2\/product_tag?post=3595"}],"curies":[{"name":"wp","href":"https:\/\/api.w.org\/{rel}","templated":true}]}}