{"id":3594,"date":"2025-11-06T09:04:53","date_gmt":"2025-11-06T09:04:53","guid":{"rendered":"https:\/\/mountlaser.com\/?post_type=product&#038;p=3594"},"modified":"2025-11-28T00:43:32","modified_gmt":"2025-11-28T00:43:32","slug":"mp1000spt-sliding-prism-with-pole","status":"publish","type":"product","link":"https:\/\/mountlaser.com\/fr_fr\/produit\/mp1000spt-sliding-prism-with-pole\/","title":{"rendered":"Prisme coulissant MP1000SPT avec poteau"},"content":{"rendered":"<p>Le <a href=\"https:\/\/mountlaser.com\/fr_fr\/\"><strong>Prisme coulissant MP1000SPT avec poteau<\/strong><\/a> Le prisme coulissant MP1000SPT, dot\u00e9 d&#039;une tige et d&#039;un rev\u00eatement argent\u00e9 de haute pr\u00e9cision, est con\u00e7u pour offrir une pr\u00e9cision, une durabilit\u00e9 et une flexibilit\u00e9 exceptionnelles lors des lev\u00e9s topographiques et des op\u00e9rations de surveillance. Destin\u00e9 \u00e0 un usage professionnel sur le terrain, il permet un r\u00e9glage pr\u00e9cis, un positionnement stable et une r\u00e9flectivit\u00e9 sup\u00e9rieure pour des performances constantes \u00e0 longue port\u00e9e.<\/p>\n<p>Ce <a href=\"https:\/\/mountlaser.com\/fr_fr\/products\/\"><strong>prisme coulissant sup\u00e9rieur argent\u00e9 avec poteau<\/strong><\/a> Dot\u00e9 d&#039;un prisme de 25,4 mm avec rev\u00eatement argent\u00e9 haute r\u00e9flectivit\u00e9, il garantit un retour de signal optimal et une grande pr\u00e9cision de mesure. Sa conception multifonctionnelle lui permet de servir de prisme standard ou d&#039;angle, ce qui le rend id\u00e9al pour diverses conditions de chantier.<\/p>\n<p><img fetchpriority=\"high\" decoding=\"async\" class=\"aligncenter wp-image-3603\" src=\"https:\/\/mountlaser.com\/wp-content\/uploads\/2025\/11\/MG-1000SPT5.webp\" alt=\"MP1000SPT Sliding Prism with Pole\" width=\"500\" height=\"500\" srcset=\"https:\/\/mountlaser.com\/wp-content\/uploads\/2025\/11\/MG-1000SPT5.webp 1000w, https:\/\/mountlaser.com\/wp-content\/uploads\/2025\/11\/MG-1000SPT5-300x300.webp 300w, https:\/\/mountlaser.com\/wp-content\/uploads\/2025\/11\/MG-1000SPT5-400x400.webp 400w, https:\/\/mountlaser.com\/wp-content\/uploads\/2025\/11\/MG-1000SPT5-800x800.webp 800w, https:\/\/mountlaser.com\/wp-content\/uploads\/2025\/11\/MG-1000SPT5-600x600.webp 600w, https:\/\/mountlaser.com\/wp-content\/uploads\/2025\/11\/MG-1000SPT5-150x150.webp 150w, https:\/\/mountlaser.com\/wp-content\/uploads\/2025\/11\/MG-1000SPT5-768x768.webp 768w, https:\/\/mountlaser.com\/wp-content\/uploads\/2025\/11\/MG-1000SPT5-12x12.webp 12w\" sizes=\"(max-width: 500px) 100vw, 500px\" \/><\/p>\n<p>Le<a href=\"https:\/\/mountlaser.com\/fr_fr\/about-us\/\"> Prisme coulissant MP1000SPT avec poteau<\/a> Il comprend un bouton de d\u00e9verrouillage rapide pour un r\u00e9glage coulissant ais\u00e9 et une t\u00eate prismatique rotative \u00e0 180\u00b0 pour une vis\u00e9e pr\u00e9cise. La tige en acier inoxydable fournie (filetage M6, diam\u00e8tre ext\u00e9rieur de 9 mm) se compose de cinq sections de 300 mm, atteignant une hauteur totale de 1,5 m\u00e8tre (mod\u00e8le SSP093005)\u00a0\u2014 id\u00e9ale pour des installations stables et op\u00e9rationnelles sur le terrain.<\/p>\n<p>Livr\u00e9 avec un sac de protection souple, le prisme coulissant \u00e0 rev\u00eatement argent\u00e9 avec perche est une solution compl\u00e8te et portable pour les g\u00e9om\u00e8tres professionnels modernes.<\/p>","protected":false},"excerpt":{"rendered":"<ul>\n<li>Rotation jusqu&#039;\u00e0 180\u00b0 pour un alignement flexible et des applications en angle<\/li>\n<li>M\u00e9canisme coulissant \u00e0 d\u00e9gagement rapide pour un r\u00e9glage facile et un positionnement s\u00fbr<\/li>\n<li>Piquet en acier inoxydable durable pour une stabilit\u00e9 accrue<\/li>\n<li>Sac de transport souple et protecteur pour le transport et la protection<\/li>\n<\/ul>","protected":false},"featured_media":3597,"comment_status":"open","ping_status":"closed","template":"","meta":[],"product_brand":[],"product_cat":[72,114],"product_tag":[],"class_list":{"0":"post-3594","1":"product","2":"type-product","3":"status-publish","4":"has-post-thumbnail","6":"product_cat-reflective-target-prism","7":"product_cat-mini-prism-with-pole","9":"first","10":"instock","11":"shipping-taxable","12":"product-type-simple"},"_links":{"self":[{"href":"https:\/\/mountlaser.com\/fr_fr\/wp-json\/wp\/v2\/product\/3594","targetHints":{"allow":["GET"]}}],"collection":[{"href":"https:\/\/mountlaser.com\/fr_fr\/wp-json\/wp\/v2\/product"}],"about":[{"href":"https:\/\/mountlaser.com\/fr_fr\/wp-json\/wp\/v2\/types\/product"}],"replies":[{"embeddable":true,"href":"https:\/\/mountlaser.com\/fr_fr\/wp-json\/wp\/v2\/comments?post=3594"}],"wp:featuredmedia":[{"embeddable":true,"href":"https:\/\/mountlaser.com\/fr_fr\/wp-json\/wp\/v2\/media\/3597"}],"wp:attachment":[{"href":"https:\/\/mountlaser.com\/fr_fr\/wp-json\/wp\/v2\/media?parent=3594"}],"wp:term":[{"taxonomy":"product_brand","embeddable":true,"href":"https:\/\/mountlaser.com\/fr_fr\/wp-json\/wp\/v2\/product_brand?post=3594"},{"taxonomy":"product_cat","embeddable":true,"href":"https:\/\/mountlaser.com\/fr_fr\/wp-json\/wp\/v2\/product_cat?post=3594"},{"taxonomy":"product_tag","embeddable":true,"href":"https:\/\/mountlaser.com\/fr_fr\/wp-json\/wp\/v2\/product_tag?post=3594"}],"curies":[{"name":"wp","href":"https:\/\/api.w.org\/{rel}","templated":true}]}}