{"id":3584,"date":"2025-11-06T08:26:22","date_gmt":"2025-11-06T08:26:22","guid":{"rendered":"https:\/\/mountlaser.com\/?post_type=product&#038;p=3584"},"modified":"2025-11-28T01:05:48","modified_gmt":"2025-11-28T01:05:48","slug":"dz-b-series-aluminum-mini-prism-pole","status":"publish","type":"product","link":"https:\/\/mountlaser.com\/fr_fr\/produit\/dz-b-series-aluminum-mini-prism-pole\/","title":{"rendered":"Mini-p\u00f4le prismatique en aluminium s\u00e9rie DZ-B"},"content":{"rendered":"<p>Le <a href=\"https:\/\/mountlaser.com\/fr_fr\/\"><strong>Mini-p\u00f4le prismatique en aluminium s\u00e9rie DZ-B<\/strong><\/a> repr\u00e9sente la fusion parfaite entre ing\u00e9nierie de pr\u00e9cision et robustesse sur le terrain, con\u00e7ue sp\u00e9cifiquement pour les g\u00e9om\u00e8tres qui refusent tout compromis sur la pr\u00e9cision ou la portabilit\u00e9.<\/p>\n<p>Cette perche \u00e0 mini-prisme en aluminium, d&#039;une qualit\u00e9 exceptionnelle et portable, offre une plateforme stable et fiable pour le montage du prisme, garantissant des performances constantes avec les stations totales dans diverses applications topographiques.<\/p>\n<p>Con\u00e7u avec un diam\u00e8tre ext\u00e9rieur de 25 mm et fabriqu\u00e9 en alliage d&#039;aluminium de haute qualit\u00e9, ce <a href=\"https:\/\/mountlaser.com\/fr_fr\/products\/\"><strong>Mini-p\u00f4le prismatique portatif en aluminium<\/strong><\/a> offre l&#039;\u00e9quilibre id\u00e9al entre int\u00e9grit\u00e9 structurelle et maniabilit\u00e9 l\u00e9g\u00e8re.<br \/>\nDot\u00e9 d&#039;une base \u00e0 bulle en aluminium robuste (disponible en noir) pour un nivellement rapide et pr\u00e9cis, assurant une pr\u00e9cision de mesure dans diverses conditions sur le terrain.<br \/>\nCe qui en fait le choix privil\u00e9gi\u00e9 des g\u00e9om\u00e8tres professionnels travaillant dans des espaces confin\u00e9s ou se d\u00e9pla\u00e7ant rapidement entre les points de mesure.<\/p>\n<p><strong><a href=\"https:\/\/mountlaser.com\/fr_fr\/contact-us\/\">Mini-p\u00f4le prismatique en aluminium s\u00e9rie DZ-B<\/a> Caract\u00e9ristiques<\/strong><\/p>\n<table style=\"border-collapse: collapse; width: 741.77pt;\" border=\"0\" width=\"989\" cellspacing=\"0\" cellpadding=\"0\">\n<tbody>\n<tr style=\"height: 14.25pt;\">\n<td class=\"et2\" style=\"height: 14.25pt; width: 142.50pt;\" width=\"190\" height=\"19\">NOMBRE<\/td>\n<td class=\"et2\" style=\"width: 127.50pt;\" width=\"170\">MAT\u00c9RIEL<\/td>\n<td class=\"et2\" style=\"width: 126.00pt;\" width=\"168\">TAILLE PHYSIQUE<\/td>\n<td class=\"et2\" style=\"width: 135.00pt;\" width=\"180\">HAUTEUR DE L&#039;AXE DU PRISME<\/td>\n<td class=\"et2\" style=\"width: 124.50pt;\" width=\"166\">DIAM\u00c8TRE<\/td>\n<td style=\"width: 86.25pt;\" width=\"115\">image<\/td>\n<\/tr>\n<tr style=\"height: 14.25pt;\">\n<td class=\"et2\" style=\"height: 14.25pt;\" height=\"19\">DZ02B<\/td>\n<td class=\"et3\">Aluminium<\/td>\n<td class=\"et2\">14 cm<\/td>\n<td class=\"et2\">24 cm<\/td>\n<td class=\"et2\">25 mm<\/td>\n<td><img fetchpriority=\"high\" decoding=\"async\" class=\"alignnone wp-image-3585 size-medium\" src=\"https:\/\/mountlaser.com\/wp-content\/uploads\/2025\/11\/DZ02B-1-300x300.webp\" alt=\"Hand Held Aluminum Mini Prism Pole\" width=\"300\" height=\"300\" srcset=\"https:\/\/mountlaser.com\/wp-content\/uploads\/2025\/11\/DZ02B-1-300x300.webp 300w, https:\/\/mountlaser.com\/wp-content\/uploads\/2025\/11\/DZ02B-1-400x400.webp 400w, https:\/\/mountlaser.com\/wp-content\/uploads\/2025\/11\/DZ02B-1-800x800.webp 800w, https:\/\/mountlaser.com\/wp-content\/uploads\/2025\/11\/DZ02B-1-600x600.webp 600w, https:\/\/mountlaser.com\/wp-content\/uploads\/2025\/11\/DZ02B-1-150x150.webp 150w, https:\/\/mountlaser.com\/wp-content\/uploads\/2025\/11\/DZ02B-1-768x768.webp 768w, https:\/\/mountlaser.com\/wp-content\/uploads\/2025\/11\/DZ02B-1-12x12.webp 12w, https:\/\/mountlaser.com\/wp-content\/uploads\/2025\/11\/DZ02B-1.webp 1000w\" sizes=\"(max-width: 300px) 100vw, 300px\" \/><\/td>\n<\/tr>\n<tr style=\"height: 14.25pt;\">\n<td class=\"et2\" style=\"height: 14.25pt;\" height=\"19\">DZ03B<\/td>\n<td class=\"et3\">Aluminium<\/td>\n<td class=\"et3\">20 cm<\/td>\n<td class=\"et3\">30 cm<\/td>\n<td class=\"et3\">25 mm<\/td>\n<td><img decoding=\"async\" class=\"alignnone wp-image-3587 size-medium\" src=\"https:\/\/mountlaser.com\/wp-content\/uploads\/2025\/11\/DZ03B-2-300x300.webp\" alt=\"Hand Held Aluminum Mini Prism Pole\" width=\"300\" height=\"300\" srcset=\"https:\/\/mountlaser.com\/wp-content\/uploads\/2025\/11\/DZ03B-2-300x300.webp 300w, https:\/\/mountlaser.com\/wp-content\/uploads\/2025\/11\/DZ03B-2-400x400.webp 400w, https:\/\/mountlaser.com\/wp-content\/uploads\/2025\/11\/DZ03B-2-800x800.webp 800w, https:\/\/mountlaser.com\/wp-content\/uploads\/2025\/11\/DZ03B-2-600x600.webp 600w, https:\/\/mountlaser.com\/wp-content\/uploads\/2025\/11\/DZ03B-2-150x150.webp 150w, https:\/\/mountlaser.com\/wp-content\/uploads\/2025\/11\/DZ03B-2-768x768.webp 768w, https:\/\/mountlaser.com\/wp-content\/uploads\/2025\/11\/DZ03B-2-12x12.webp 12w, https:\/\/mountlaser.com\/wp-content\/uploads\/2025\/11\/DZ03B-2.webp 1000w\" sizes=\"(max-width: 300px) 100vw, 300px\" \/><\/td>\n<\/tr>\n<tr style=\"height: 14.25pt;\">\n<td class=\"et2\" style=\"height: 14.25pt;\" height=\"19\">DZ04B<\/td>\n<td class=\"et3\">Aluminium<\/td>\n<td class=\"et3\">30 cm<\/td>\n<td class=\"et3\">40 cm<\/td>\n<td class=\"et3\">25 mm<\/td>\n<td><img decoding=\"async\" class=\"alignnone wp-image-3589 size-medium\" src=\"https:\/\/mountlaser.com\/wp-content\/uploads\/2025\/11\/DZ04B-1-300x300.webp\" alt=\"Hand Held Aluminum Mini Prism Pole\" width=\"300\" height=\"300\" srcset=\"https:\/\/mountlaser.com\/wp-content\/uploads\/2025\/11\/DZ04B-1-300x300.webp 300w, https:\/\/mountlaser.com\/wp-content\/uploads\/2025\/11\/DZ04B-1-400x400.webp 400w, https:\/\/mountlaser.com\/wp-content\/uploads\/2025\/11\/DZ04B-1-800x800.webp 800w, https:\/\/mountlaser.com\/wp-content\/uploads\/2025\/11\/DZ04B-1-600x600.webp 600w, https:\/\/mountlaser.com\/wp-content\/uploads\/2025\/11\/DZ04B-1-150x150.webp 150w, https:\/\/mountlaser.com\/wp-content\/uploads\/2025\/11\/DZ04B-1-768x768.webp 768w, https:\/\/mountlaser.com\/wp-content\/uploads\/2025\/11\/DZ04B-1-12x12.webp 12w, https:\/\/mountlaser.com\/wp-content\/uploads\/2025\/11\/DZ04B-1.webp 1000w\" sizes=\"(max-width: 300px) 100vw, 300px\" \/><\/td>\n<\/tr>\n<tr style=\"height: 14.25pt;\">\n<td class=\"et2\" style=\"height: 14.25pt;\" height=\"19\">DZ05B<\/td>\n<td class=\"et3\">Aluminium<\/td>\n<td class=\"et3\">40 cm<\/td>\n<td class=\"et3\">50 cm<\/td>\n<td class=\"et3\">25 mm<\/td>\n<td><img loading=\"lazy\" decoding=\"async\" class=\"alignnone wp-image-3592 size-medium\" src=\"https:\/\/mountlaser.com\/wp-content\/uploads\/2025\/11\/DZ04B-4-300x300.webp\" alt=\"Hand Held Aluminum Mini Prism Pole\" width=\"300\" height=\"300\" srcset=\"https:\/\/mountlaser.com\/wp-content\/uploads\/2025\/11\/DZ04B-4-300x300.webp 300w, https:\/\/mountlaser.com\/wp-content\/uploads\/2025\/11\/DZ04B-4-400x400.webp 400w, https:\/\/mountlaser.com\/wp-content\/uploads\/2025\/11\/DZ04B-4-800x800.webp 800w, https:\/\/mountlaser.com\/wp-content\/uploads\/2025\/11\/DZ04B-4-600x600.webp 600w, https:\/\/mountlaser.com\/wp-content\/uploads\/2025\/11\/DZ04B-4-150x150.webp 150w, https:\/\/mountlaser.com\/wp-content\/uploads\/2025\/11\/DZ04B-4-768x768.webp 768w, https:\/\/mountlaser.com\/wp-content\/uploads\/2025\/11\/DZ04B-4-12x12.webp 12w, https:\/\/mountlaser.com\/wp-content\/uploads\/2025\/11\/DZ04B-4.webp 1000w\" sizes=\"(max-width: 300px) 100vw, 300px\" \/><\/td>\n<\/tr>\n<\/tbody>\n<\/table>","protected":false},"excerpt":{"rendered":"<ul>\n<li>Fabriqu\u00e9 en alliage d&#039;aluminium de haute qualit\u00e9 offrant une r\u00e9sistance exceptionnelle \u00e0 la corrosion et aux chocs, il garantit une fiabilit\u00e9 \u00e0 long terme m\u00eame dans les environnements les plus exigeants.<\/li>\n<li>Prend en charge les longueurs et configurations personnalis\u00e9es pour r\u00e9pondre aux exigences sp\u00e9cifiques du projet, assurant une adaptation parfaite aux d\u00e9fis uniques des lev\u00e9s topographiques.<\/li>\n<\/ul>","protected":false},"featured_media":3589,"comment_status":"open","ping_status":"closed","template":"","meta":[],"product_brand":[],"product_cat":[89,116],"product_tag":[],"class_list":{"0":"post-3584","1":"product","2":"type-product","3":"status-publish","4":"has-post-thumbnail","6":"product_cat-surveying-pole-rod","7":"product_cat-aluminum-mini-prism-pole","9":"first","10":"instock","11":"shipping-taxable","12":"product-type-simple"},"_links":{"self":[{"href":"https:\/\/mountlaser.com\/fr_fr\/wp-json\/wp\/v2\/product\/3584","targetHints":{"allow":["GET"]}}],"collection":[{"href":"https:\/\/mountlaser.com\/fr_fr\/wp-json\/wp\/v2\/product"}],"about":[{"href":"https:\/\/mountlaser.com\/fr_fr\/wp-json\/wp\/v2\/types\/product"}],"replies":[{"embeddable":true,"href":"https:\/\/mountlaser.com\/fr_fr\/wp-json\/wp\/v2\/comments?post=3584"}],"wp:featuredmedia":[{"embeddable":true,"href":"https:\/\/mountlaser.com\/fr_fr\/wp-json\/wp\/v2\/media\/3589"}],"wp:attachment":[{"href":"https:\/\/mountlaser.com\/fr_fr\/wp-json\/wp\/v2\/media?parent=3584"}],"wp:term":[{"taxonomy":"product_brand","embeddable":true,"href":"https:\/\/mountlaser.com\/fr_fr\/wp-json\/wp\/v2\/product_brand?post=3584"},{"taxonomy":"product_cat","embeddable":true,"href":"https:\/\/mountlaser.com\/fr_fr\/wp-json\/wp\/v2\/product_cat?post=3584"},{"taxonomy":"product_tag","embeddable":true,"href":"https:\/\/mountlaser.com\/fr_fr\/wp-json\/wp\/v2\/product_tag?post=3584"}],"curies":[{"name":"wp","href":"https:\/\/api.w.org\/{rel}","templated":true}]}}