{"id":3575,"date":"2025-11-06T08:09:37","date_gmt":"2025-11-06T08:09:37","guid":{"rendered":"https:\/\/mountlaser.com\/?post_type=product&#038;p=3575"},"modified":"2025-11-28T01:07:55","modified_gmt":"2025-11-28T01:07:55","slug":"dz-a-series-aluminum-mini-prism-pole","status":"publish","type":"product","link":"https:\/\/mountlaser.com\/fr_fr\/produit\/dz-a-series-aluminum-mini-prism-pole\/","title":{"rendered":"Mini-p\u00f4le prismatique en aluminium s\u00e9rie DZ-A"},"content":{"rendered":"<p>Le <a href=\"https:\/\/mountlaser.com\/fr_fr\/\"><strong>Mini-p\u00f4le prismatique en aluminium s\u00e9rie DZ-A<\/strong><\/a> Cet accessoire essentiel de haute pr\u00e9cision est con\u00e7u pour les g\u00e9om\u00e8tres exigeant une portabilit\u00e9 et une stabilit\u00e9 exceptionnelles sur le terrain. Ce mini-poteau \u00e0 prisme polyvalent est con\u00e7u avec expertise pour offrir une solution de montage fiable aux prismes utilis\u00e9s avec les stations totales.<\/p>\n<p>&nbsp;<\/p>\n<p>Sa conception compacte et l\u00e9g\u00e8re en fait la perche \u00e0 prisme miniature portative id\u00e9ale, permettant une utilisation efficace dans les espaces restreints ou sur les chantiers de lev\u00e9s topographiques \u00e0 d\u00e9placement rapide. Con\u00e7ue pour durer et offrir un confort d&#039;utilisation optimal, la s\u00e9rie DZ-A garantit une collecte de donn\u00e9es pr\u00e9cise \u00e0 chaque utilisation.<a href=\"https:\/\/mountlaser.com\/fr_fr\/about-us\/\"> <strong>Mini-p\u00f4le prismatique portatif<\/strong><\/a>.<\/p>\n<p>La perche \u00e0 mini-prisme en aluminium de la s\u00e9rie DZ-A pr\u00e9sente un diam\u00e8tre ext\u00e9rieur de 25 mm (OD25mm), offrant un excellent \u00e9quilibre entre rigidit\u00e9 structurelle et l\u00e9g\u00e8ret\u00e9 de manipulation.<\/p>\n<p>&nbsp;<\/p>\n<p><strong><a href=\"https:\/\/mountlaser.com\/fr_fr\/contact-us\/\">Mini-p\u00f4le prismatique en aluminium s\u00e9rie DZ-A<\/a> Caract\u00e9ristiques<\/strong><\/p>\n<table style=\"border-collapse: collapse; width: 741.77pt;\" border=\"0\" width=\"989\" cellspacing=\"0\" cellpadding=\"0\">\n<tbody>\n<tr style=\"height: 14.25pt;\">\n<td class=\"et2\" style=\"height: 14.25pt; width: 142.50pt;\" width=\"190\" height=\"19\">NOMBRE<\/td>\n<td class=\"et2\" style=\"width: 127.50pt;\" width=\"170\">MAT\u00c9RIEL<\/td>\n<td class=\"et2\" style=\"width: 126.00pt;\" width=\"168\">TAILLE PHYSIQUE<\/td>\n<td class=\"et2\" style=\"width: 135.00pt;\" width=\"180\">HAUTEUR DE L&#039;AXE DU PRISME<\/td>\n<td class=\"et2\" style=\"width: 124.50pt;\" width=\"166\">DIAM\u00c8TRE<\/td>\n<td style=\"width: 86.25pt;\" width=\"115\">image<\/td>\n<\/tr>\n<tr style=\"height: 14.25pt;\">\n<td class=\"et2\" style=\"height: 14.25pt;\" height=\"19\">DZ02A<\/td>\n<td class=\"et3\">Aluminium<\/td>\n<td class=\"et2\">10 cm<\/td>\n<td class=\"et2\">20 cm<\/td>\n<td class=\"et2\">25 mm<\/td>\n<td><img fetchpriority=\"high\" decoding=\"async\" class=\"alignnone wp-image-3576 size-medium\" src=\"https:\/\/mountlaser.com\/wp-content\/uploads\/2025\/11\/DZ02A-2-300x300.webp\" alt=\"Hand Held Mini prism Pole\" width=\"300\" height=\"300\" srcset=\"https:\/\/mountlaser.com\/wp-content\/uploads\/2025\/11\/DZ02A-2-300x300.webp 300w, https:\/\/mountlaser.com\/wp-content\/uploads\/2025\/11\/DZ02A-2-400x400.webp 400w, https:\/\/mountlaser.com\/wp-content\/uploads\/2025\/11\/DZ02A-2-800x800.webp 800w, https:\/\/mountlaser.com\/wp-content\/uploads\/2025\/11\/DZ02A-2-600x600.webp 600w, https:\/\/mountlaser.com\/wp-content\/uploads\/2025\/11\/DZ02A-2-150x150.webp 150w, https:\/\/mountlaser.com\/wp-content\/uploads\/2025\/11\/DZ02A-2-768x768.webp 768w, https:\/\/mountlaser.com\/wp-content\/uploads\/2025\/11\/DZ02A-2-12x12.webp 12w, https:\/\/mountlaser.com\/wp-content\/uploads\/2025\/11\/DZ02A-2.webp 1000w\" sizes=\"(max-width: 300px) 100vw, 300px\" \/><\/td>\n<\/tr>\n<tr style=\"height: 14.25pt;\">\n<td class=\"et2\" style=\"height: 14.25pt;\" height=\"19\">DZ03A<\/td>\n<td class=\"et3\">Aluminium<\/td>\n<td class=\"et2\">20 cm<\/td>\n<td class=\"et2\">30 cm<\/td>\n<td class=\"et2\">25 mm<\/td>\n<td><img decoding=\"async\" class=\"alignnone wp-image-3579 size-medium\" src=\"https:\/\/mountlaser.com\/wp-content\/uploads\/2025\/11\/DZ03A-4-300x300.webp\" alt=\"Hand Held Mini prism Pole\" width=\"300\" height=\"300\" srcset=\"https:\/\/mountlaser.com\/wp-content\/uploads\/2025\/11\/DZ03A-4-300x300.webp 300w, https:\/\/mountlaser.com\/wp-content\/uploads\/2025\/11\/DZ03A-4-400x400.webp 400w, https:\/\/mountlaser.com\/wp-content\/uploads\/2025\/11\/DZ03A-4-800x800.webp 800w, https:\/\/mountlaser.com\/wp-content\/uploads\/2025\/11\/DZ03A-4-600x600.webp 600w, https:\/\/mountlaser.com\/wp-content\/uploads\/2025\/11\/DZ03A-4-150x150.webp 150w, https:\/\/mountlaser.com\/wp-content\/uploads\/2025\/11\/DZ03A-4-768x768.webp 768w, https:\/\/mountlaser.com\/wp-content\/uploads\/2025\/11\/DZ03A-4-12x12.webp 12w, https:\/\/mountlaser.com\/wp-content\/uploads\/2025\/11\/DZ03A-4.webp 1000w\" sizes=\"(max-width: 300px) 100vw, 300px\" \/><\/td>\n<\/tr>\n<tr style=\"height: 14.25pt;\">\n<td class=\"et2\" style=\"height: 14.25pt;\" height=\"19\">DZ04A<\/td>\n<td class=\"et3\">Aluminium<\/td>\n<td class=\"et2\">30 cm<\/td>\n<td class=\"et2\">40 cm<\/td>\n<td class=\"et2\">25 mm<\/td>\n<td><img decoding=\"async\" class=\"alignnone wp-image-3580 size-medium\" src=\"https:\/\/mountlaser.com\/wp-content\/uploads\/2025\/11\/DZ04A-1-300x300.webp\" alt=\"Hand Held Mini prism Pole\" width=\"300\" height=\"300\" srcset=\"https:\/\/mountlaser.com\/wp-content\/uploads\/2025\/11\/DZ04A-1-300x300.webp 300w, https:\/\/mountlaser.com\/wp-content\/uploads\/2025\/11\/DZ04A-1-400x400.webp 400w, https:\/\/mountlaser.com\/wp-content\/uploads\/2025\/11\/DZ04A-1-800x800.webp 800w, https:\/\/mountlaser.com\/wp-content\/uploads\/2025\/11\/DZ04A-1-600x600.webp 600w, https:\/\/mountlaser.com\/wp-content\/uploads\/2025\/11\/DZ04A-1-150x150.webp 150w, https:\/\/mountlaser.com\/wp-content\/uploads\/2025\/11\/DZ04A-1-768x768.webp 768w, https:\/\/mountlaser.com\/wp-content\/uploads\/2025\/11\/DZ04A-1-12x12.webp 12w, https:\/\/mountlaser.com\/wp-content\/uploads\/2025\/11\/DZ04A-1.webp 1000w\" sizes=\"(max-width: 300px) 100vw, 300px\" \/><\/td>\n<\/tr>\n<tr style=\"height: 14.25pt;\">\n<td class=\"et2\" style=\"height: 14.25pt;\" height=\"19\">DZ05A<\/td>\n<td class=\"et3\">Aluminium<\/td>\n<td class=\"et2\">40 cm<\/td>\n<td class=\"et2\">50 cm<\/td>\n<td class=\"et2\">25 mm<\/td>\n<td><img loading=\"lazy\" decoding=\"async\" class=\"alignnone wp-image-3582 size-medium\" src=\"https:\/\/mountlaser.com\/wp-content\/uploads\/2025\/11\/DZ05A-2-300x300.webp\" alt=\"Hand Held Mini prism Pole\" width=\"300\" height=\"300\" srcset=\"https:\/\/mountlaser.com\/wp-content\/uploads\/2025\/11\/DZ05A-2-300x300.webp 300w, https:\/\/mountlaser.com\/wp-content\/uploads\/2025\/11\/DZ05A-2-400x400.webp 400w, https:\/\/mountlaser.com\/wp-content\/uploads\/2025\/11\/DZ05A-2-800x800.webp 800w, https:\/\/mountlaser.com\/wp-content\/uploads\/2025\/11\/DZ05A-2-600x600.webp 600w, https:\/\/mountlaser.com\/wp-content\/uploads\/2025\/11\/DZ05A-2-150x150.webp 150w, https:\/\/mountlaser.com\/wp-content\/uploads\/2025\/11\/DZ05A-2-768x768.webp 768w, https:\/\/mountlaser.com\/wp-content\/uploads\/2025\/11\/DZ05A-2-12x12.webp 12w, https:\/\/mountlaser.com\/wp-content\/uploads\/2025\/11\/DZ05A-2.webp 1000w\" sizes=\"(max-width: 300px) 100vw, 300px\" \/><\/td>\n<\/tr>\n<\/tbody>\n<\/table>","protected":false},"excerpt":{"rendered":"<ul>\n<li>Dot\u00e9 d&#039;une base \u00e0 bulle en aluminium robuste (disponible en noir) pour assurer une mise \u00e0 niveau rapide et facile, essentielle pour maintenir la pr\u00e9cision des mesures.<\/li>\n<li>Livr\u00e9 avec une housse de transport souple, ce qui rend le transport et le rangement \u00e0 la fois pratiques et s\u00fbrs, prot\u00e9geant ainsi l&#039;instrument des dommages pendant le transport.<\/li>\n<\/ul>","protected":false},"featured_media":3579,"comment_status":"open","ping_status":"closed","template":"","meta":[],"product_brand":[],"product_cat":[116,89],"product_tag":[],"class_list":{"0":"post-3575","1":"product","2":"type-product","3":"status-publish","4":"has-post-thumbnail","6":"product_cat-aluminum-mini-prism-pole","7":"product_cat-surveying-pole-rod","9":"first","10":"instock","11":"shipping-taxable","12":"product-type-simple"},"_links":{"self":[{"href":"https:\/\/mountlaser.com\/fr_fr\/wp-json\/wp\/v2\/product\/3575","targetHints":{"allow":["GET"]}}],"collection":[{"href":"https:\/\/mountlaser.com\/fr_fr\/wp-json\/wp\/v2\/product"}],"about":[{"href":"https:\/\/mountlaser.com\/fr_fr\/wp-json\/wp\/v2\/types\/product"}],"replies":[{"embeddable":true,"href":"https:\/\/mountlaser.com\/fr_fr\/wp-json\/wp\/v2\/comments?post=3575"}],"wp:featuredmedia":[{"embeddable":true,"href":"https:\/\/mountlaser.com\/fr_fr\/wp-json\/wp\/v2\/media\/3579"}],"wp:attachment":[{"href":"https:\/\/mountlaser.com\/fr_fr\/wp-json\/wp\/v2\/media?parent=3575"}],"wp:term":[{"taxonomy":"product_brand","embeddable":true,"href":"https:\/\/mountlaser.com\/fr_fr\/wp-json\/wp\/v2\/product_brand?post=3575"},{"taxonomy":"product_cat","embeddable":true,"href":"https:\/\/mountlaser.com\/fr_fr\/wp-json\/wp\/v2\/product_cat?post=3575"},{"taxonomy":"product_tag","embeddable":true,"href":"https:\/\/mountlaser.com\/fr_fr\/wp-json\/wp\/v2\/product_tag?post=3575"}],"curies":[{"name":"wp","href":"https:\/\/api.w.org\/{rel}","templated":true}]}}