{"id":3564,"date":"2025-11-06T08:28:07","date_gmt":"2025-11-06T08:28:07","guid":{"rendered":"https:\/\/mountlaser.com\/?post_type=product&#038;p=3564"},"modified":"2025-11-28T00:54:13","modified_gmt":"2025-11-28T00:54:13","slug":"gmp111-mini-prism-with-pole","status":"publish","type":"product","link":"https:\/\/mountlaser.com\/fr_fr\/produit\/gmp111-mini-prism-with-pole\/","title":{"rendered":"Mini prisme GMP111 avec tige"},"content":{"rendered":"<p>Le mini-prisme GMP111 avec p\u00f4le est un instrument de haute pr\u00e9cision. <a href=\"https:\/\/mountlaser.com\/fr_fr\/\"><strong>Mini prisme \u00e0 4 p\u00f4les<\/strong><\/a> Con\u00e7u pour des performances fiables et pr\u00e9cises dans tous les types d&#039;applications de lev\u00e9s et de surveillance. Con\u00e7u pour offrir stabilit\u00e9, portabilit\u00e9 et une pr\u00e9cision de mesure constante, <a href=\"https:\/\/mountlaser.com\/fr_fr\/products\/\"><strong>Mini prisme GMP111 avec tige<\/strong><\/a> est une solution fiable pour les professionnels de terrain qui exigent pr\u00e9cision et durabilit\u00e9.<\/p>\n<p>Ce mini-prisme Levels \u00e0 4 branches est dot\u00e9 d&#039;un prisme cuivr\u00e9 de 25,4 mm log\u00e9 dans un bo\u00eetier en nylon r\u00e9sistant aux chocs, garantissant une durabilit\u00e9 \u00e0 long terme m\u00eame dans des conditions environnementales difficiles. Sa branche l\u00e9g\u00e8re en aluminium avec filetage 1\/4\u2033-20 (\u00d8 12 mm) facilite le montage et assure la compatibilit\u00e9 avec diff\u00e9rentes stations totales.<\/p>\n<p><img fetchpriority=\"high\" decoding=\"async\" class=\"aligncenter wp-image-3568\" src=\"https:\/\/mountlaser.com\/wp-content\/uploads\/2025\/11\/6-2GMP1114.webp\" alt=\"gmp111 mini prism with pole\" width=\"500\" height=\"500\" srcset=\"https:\/\/mountlaser.com\/wp-content\/uploads\/2025\/11\/6-2GMP1114.webp 1000w, https:\/\/mountlaser.com\/wp-content\/uploads\/2025\/11\/6-2GMP1114-300x300.webp 300w, https:\/\/mountlaser.com\/wp-content\/uploads\/2025\/11\/6-2GMP1114-400x400.webp 400w, https:\/\/mountlaser.com\/wp-content\/uploads\/2025\/11\/6-2GMP1114-800x800.webp 800w, https:\/\/mountlaser.com\/wp-content\/uploads\/2025\/11\/6-2GMP1114-600x600.webp 600w, https:\/\/mountlaser.com\/wp-content\/uploads\/2025\/11\/6-2GMP1114-150x150.webp 150w, https:\/\/mountlaser.com\/wp-content\/uploads\/2025\/11\/6-2GMP1114-768x768.webp 768w, https:\/\/mountlaser.com\/wp-content\/uploads\/2025\/11\/6-2GMP1114-12x12.webp 12w\" sizes=\"(max-width: 500px) 100vw, 500px\" \/><\/p>\n<p>Le <a href=\"https:\/\/mountlaser.com\/fr_fr\/contact-us\/\">Mini prisme GMP111 avec tige<\/a> Ce mod\u00e8le comprend quatre sections de 300 mm, extensibles jusqu&#039;\u00e0 1,2 m (mod\u00e8le AP123004) \u2013 une conception qui offre une excellente polyvalence et une grande portabilit\u00e9 lors des interventions sur le terrain. Deux options sont disponibles\u00a0: le GMP111-0 avec un d\u00e9port de 0 mm (syst\u00e8me suisse) et le GMP111 avec un d\u00e9port de 17,5 mm (syst\u00e8me suisse), afin de r\u00e9pondre aux exigences de divers projets.<\/p>\n<p>Livr\u00e9 dans un carton de protection, ce mini prisme Levels \u00e0 4 p\u00f4les combine optique de pr\u00e9cision, robustesse et configuration flexible en un outil de terrain fiable.<\/p>","protected":false},"excerpt":{"rendered":"<ul>\n<li>Prisme de 25,4 mm recouvert de cuivre pour une r\u00e9flectivit\u00e9 et une pr\u00e9cision \u00e9lev\u00e9es<\/li>\n<li>Le bo\u00eetier en nylon r\u00e9sistant aux chocs assure la durabilit\u00e9 sur le terrain.<\/li>\n<li>Livr\u00e9 dans un carton de protection pour un transport en toute s\u00e9curit\u00e9<\/li>\n<\/ul>","protected":false},"featured_media":3570,"comment_status":"open","ping_status":"closed","template":"","meta":[],"product_brand":[],"product_cat":[72,114],"product_tag":[],"class_list":{"0":"post-3564","1":"product","2":"type-product","3":"status-publish","4":"has-post-thumbnail","6":"product_cat-reflective-target-prism","7":"product_cat-mini-prism-with-pole","9":"first","10":"instock","11":"shipping-taxable","12":"product-type-simple"},"_links":{"self":[{"href":"https:\/\/mountlaser.com\/fr_fr\/wp-json\/wp\/v2\/product\/3564","targetHints":{"allow":["GET"]}}],"collection":[{"href":"https:\/\/mountlaser.com\/fr_fr\/wp-json\/wp\/v2\/product"}],"about":[{"href":"https:\/\/mountlaser.com\/fr_fr\/wp-json\/wp\/v2\/types\/product"}],"replies":[{"embeddable":true,"href":"https:\/\/mountlaser.com\/fr_fr\/wp-json\/wp\/v2\/comments?post=3564"}],"wp:featuredmedia":[{"embeddable":true,"href":"https:\/\/mountlaser.com\/fr_fr\/wp-json\/wp\/v2\/media\/3570"}],"wp:attachment":[{"href":"https:\/\/mountlaser.com\/fr_fr\/wp-json\/wp\/v2\/media?parent=3564"}],"wp:term":[{"taxonomy":"product_brand","embeddable":true,"href":"https:\/\/mountlaser.com\/fr_fr\/wp-json\/wp\/v2\/product_brand?post=3564"},{"taxonomy":"product_cat","embeddable":true,"href":"https:\/\/mountlaser.com\/fr_fr\/wp-json\/wp\/v2\/product_cat?post=3564"},{"taxonomy":"product_tag","embeddable":true,"href":"https:\/\/mountlaser.com\/fr_fr\/wp-json\/wp\/v2\/product_tag?post=3564"}],"curies":[{"name":"wp","href":"https:\/\/api.w.org\/{rel}","templated":true}]}}