{"id":3552,"date":"2025-11-06T07:27:48","date_gmt":"2025-11-06T07:27:48","guid":{"rendered":"https:\/\/mountlaser.com\/?post_type=product&#038;p=3552"},"modified":"2025-11-28T01:16:54","modified_gmt":"2025-11-28T01:16:54","slug":"sp069-mini-prism-with-pole","status":"publish","type":"product","link":"https:\/\/mountlaser.com\/fr_fr\/produit\/sp069-mini-prism-with-pole\/","title":{"rendered":"Mini prisme SP069 avec poteau"},"content":{"rendered":"<p>Le <a href=\"https:\/\/mountlaser.com\/fr_fr\/\"><strong>SP069 Mini prisme jaune avec tige<\/strong><\/a> Ce mini-prisme jaune de qualit\u00e9 professionnelle est un accessoire de station totale con\u00e7u pour des mesures de terrain pr\u00e9cises et efficaces. Destin\u00e9 aux g\u00e9om\u00e8tres exigeant fiabilit\u00e9, visibilit\u00e9 et pr\u00e9cision, ce mini-prisme jaune avec perche allie des mat\u00e9riaux robustes \u00e0 une configuration flexible, id\u00e9ale pour les travaux en angle, la surveillance et l&#039;implantation.<\/p>\n<p>Dot\u00e9 d&#039;un prisme argent\u00e9 de 38,1 mm avec un d\u00e9calage de 0\/30 mm, le<a href=\"https:\/\/mountlaser.com\/fr_fr\/products\/\"><strong> station totale mini-prisme jaune<\/strong> <\/a>Il offre une excellente r\u00e9flectivit\u00e9 et une grande pr\u00e9cision de mesure \u00e0 diff\u00e9rentes distances. Le syst\u00e8me comprend un adaptateur pour une utilisation en angle et une poign\u00e9e de fixation, garantissant une polyvalence optimale dans les environnements topographiques complexes.<\/p>\n<p><img fetchpriority=\"high\" decoding=\"async\" class=\"aligncenter wp-image-3556\" src=\"https:\/\/mountlaser.com\/wp-content\/uploads\/2025\/11\/SP0693.webp\" alt=\"SP069 Yellow mini Prism With pole\" width=\"500\" height=\"500\" srcset=\"https:\/\/mountlaser.com\/wp-content\/uploads\/2025\/11\/SP0693.webp 1000w, https:\/\/mountlaser.com\/wp-content\/uploads\/2025\/11\/SP0693-300x300.webp 300w, https:\/\/mountlaser.com\/wp-content\/uploads\/2025\/11\/SP0693-400x400.webp 400w, https:\/\/mountlaser.com\/wp-content\/uploads\/2025\/11\/SP0693-800x800.webp 800w, https:\/\/mountlaser.com\/wp-content\/uploads\/2025\/11\/SP0693-600x600.webp 600w, https:\/\/mountlaser.com\/wp-content\/uploads\/2025\/11\/SP0693-150x150.webp 150w, https:\/\/mountlaser.com\/wp-content\/uploads\/2025\/11\/SP0693-768x768.webp 768w, https:\/\/mountlaser.com\/wp-content\/uploads\/2025\/11\/SP0693-12x12.webp 12w\" sizes=\"(max-width: 500px) 100vw, 500px\" \/><\/p>\n<p>Le <a href=\"https:\/\/mountlaser.com\/fr_fr\/contact-us\/\">SP069 Mini prisme jaune avec tige<\/a> Il est fourni avec un adaptateur dot\u00e9 d&#039;un filetage m\u00e2le M6 et d&#039;un filetage femelle 5\/8\u2033-11, assurant la compatibilit\u00e9 avec la plupart des stations totales. Sa tige t\u00e9lescopique en acier inoxydable (diam\u00e8tre ext\u00e9rieur 9 mm) est extensible de 300 mm \u00d7 5 sections jusqu&#039;\u00e0 1,5 m (Mod\u00e8le\u00a0: SSP093005), ce qui la rend \u00e0 la fois stable et portable pour une utilisation sur le terrain.<\/p>\n<p>Pour une pr\u00e9cision accrue, cette station totale \u00e0 mini-prisme jaune peut \u00eatre associ\u00e9e \u00e0 des accessoires optionnels tels que le tr\u00e9pied pour mini-prisme MPT01 ou un tube en aluminium pour une rigidit\u00e9 renforc\u00e9e. Fournie dans un sac de transport souple, la station totale \u00e0 mini-prisme jaune SP069 avec perche garantit un transport s\u00e9curis\u00e9 et une pr\u00e9sentation professionnelle.<\/p>","protected":false},"excerpt":{"rendered":"<ul>\n<li>Adaptateur pour une utilisation en angle et poign\u00e9e de fixation pour un alignement facile<\/li>\n<li>La finition jaune durable am\u00e9liore la visibilit\u00e9 sur le terrain<\/li>\n<li>Fourni avec un sac de transport souple pour un transport pratique<\/li>\n<li>Compatible avec le mini-prisme Tribrach MPT01 et les accessoires pour tubes en aluminium<\/li>\n<\/ul>","protected":false},"featured_media":3554,"comment_status":"open","ping_status":"closed","template":"","meta":[],"product_brand":[],"product_cat":[72,114],"product_tag":[],"class_list":{"0":"post-3552","1":"product","2":"type-product","3":"status-publish","4":"has-post-thumbnail","6":"product_cat-reflective-target-prism","7":"product_cat-mini-prism-with-pole","9":"first","10":"instock","11":"shipping-taxable","12":"product-type-simple"},"_links":{"self":[{"href":"https:\/\/mountlaser.com\/fr_fr\/wp-json\/wp\/v2\/product\/3552","targetHints":{"allow":["GET"]}}],"collection":[{"href":"https:\/\/mountlaser.com\/fr_fr\/wp-json\/wp\/v2\/product"}],"about":[{"href":"https:\/\/mountlaser.com\/fr_fr\/wp-json\/wp\/v2\/types\/product"}],"replies":[{"embeddable":true,"href":"https:\/\/mountlaser.com\/fr_fr\/wp-json\/wp\/v2\/comments?post=3552"}],"wp:featuredmedia":[{"embeddable":true,"href":"https:\/\/mountlaser.com\/fr_fr\/wp-json\/wp\/v2\/media\/3554"}],"wp:attachment":[{"href":"https:\/\/mountlaser.com\/fr_fr\/wp-json\/wp\/v2\/media?parent=3552"}],"wp:term":[{"taxonomy":"product_brand","embeddable":true,"href":"https:\/\/mountlaser.com\/fr_fr\/wp-json\/wp\/v2\/product_brand?post=3552"},{"taxonomy":"product_cat","embeddable":true,"href":"https:\/\/mountlaser.com\/fr_fr\/wp-json\/wp\/v2\/product_cat?post=3552"},{"taxonomy":"product_tag","embeddable":true,"href":"https:\/\/mountlaser.com\/fr_fr\/wp-json\/wp\/v2\/product_tag?post=3552"}],"curies":[{"name":"wp","href":"https:\/\/api.w.org\/{rel}","templated":true}]}}