{"id":3541,"date":"2025-11-06T07:02:51","date_gmt":"2025-11-06T07:02:51","guid":{"rendered":"https:\/\/mountlaser.com\/?post_type=product&#038;p=3541"},"modified":"2025-11-28T01:18:35","modified_gmt":"2025-11-28T01:18:35","slug":"sp068-sliding-prism-with-pole","status":"publish","type":"product","link":"https:\/\/mountlaser.com\/fr_fr\/produit\/sp068-sliding-prism-with-pole\/","title":{"rendered":"Prisme coulissant SP068 avec poteau"},"content":{"rendered":"<p>Le prisme coulissant SP068 avec perche est un syst\u00e8me de mini-prisme et de perche de haute pr\u00e9cision, con\u00e7u pour les applications professionnelles de topographie, de surveillance et d&#039;implantation. Con\u00e7u pour une efficacit\u00e9 optimale sur le terrain et une robustesse \u00e0 toute \u00e9preuve, ce <a href=\"https:\/\/mountlaser.com\/fr_fr\/\"><strong>Syst\u00e8me de perche \u00e0 prisme compact et portable<\/strong><\/a> offre des performances exceptionnelles dans un format l\u00e9ger et facile \u00e0 transporter \u2014 id\u00e9al pour les g\u00e9om\u00e8tres qui ont besoin de fiabilit\u00e9 en d\u00e9placement.<\/p>\n<p>Dot\u00e9 d&#039;un prisme cuivr\u00e9 de 25,4 mm, le <a href=\"https:\/\/mountlaser.com\/fr_fr\/products\/\"><strong>Syst\u00e8me de mini-prisme et de poteau<\/strong><\/a> Elle garantit une r\u00e9flectivit\u00e9 et une pr\u00e9cision de mesure sup\u00e9rieures, m\u00eame dans des conditions de terrain difficiles. Le d\u00e9calage de prisme interchangeable de 0\/-30 mm offre une grande flexibilit\u00e9 pour r\u00e9pondre aux diff\u00e9rents besoins topographiques, tandis que le corps en aluminium anodis\u00e9 non ferreux assure une stabilit\u00e9 \u00e0 long terme et une r\u00e9sistance \u00e0 la corrosion.<\/p>\n<p><img fetchpriority=\"high\" decoding=\"async\" class=\"aligncenter wp-image-3544\" src=\"https:\/\/mountlaser.com\/wp-content\/uploads\/2025\/11\/6-6SP-683.webp\" alt=\"SP068 Mini Prism and Pole System\" width=\"500\" height=\"500\" srcset=\"https:\/\/mountlaser.com\/wp-content\/uploads\/2025\/11\/6-6SP-683.webp 1000w, https:\/\/mountlaser.com\/wp-content\/uploads\/2025\/11\/6-6SP-683-300x300.webp 300w, https:\/\/mountlaser.com\/wp-content\/uploads\/2025\/11\/6-6SP-683-400x400.webp 400w, https:\/\/mountlaser.com\/wp-content\/uploads\/2025\/11\/6-6SP-683-800x800.webp 800w, https:\/\/mountlaser.com\/wp-content\/uploads\/2025\/11\/6-6SP-683-600x600.webp 600w, https:\/\/mountlaser.com\/wp-content\/uploads\/2025\/11\/6-6SP-683-150x150.webp 150w, https:\/\/mountlaser.com\/wp-content\/uploads\/2025\/11\/6-6SP-683-768x768.webp 768w, https:\/\/mountlaser.com\/wp-content\/uploads\/2025\/11\/6-6SP-683-12x12.webp 12w\" sizes=\"(max-width: 500px) 100vw, 500px\" \/><\/p>\n<p>Le <a href=\"https:\/\/mountlaser.com\/fr_fr\/contact-us\/\">Syst\u00e8me de perche \u00e0 prisme compact et portable<\/a> Il comprend une tige en aluminium de pr\u00e9cision (filetage 1\/4\u2033-20, diam\u00e8tre ext\u00e9rieur 12 mm) extensible jusqu&#039;\u00e0 1,20 m gr\u00e2ce \u00e0 sa conception t\u00e9lescopique en quatre sections (300 mm \u00d7 4). Des c\u00f4nes lat\u00e9raux constituent un m\u00e9canisme de double verrouillage fiable, garantissant un positionnement s\u00fbr en hauteur et en angle pendant l&#039;utilisation.<\/p>\n<p>Pour une compatibilit\u00e9 optimale, le syst\u00e8me Mini Prisme et Perche est fourni avec un adaptateur en laiton dot\u00e9 d&#039;un filetage 5\/8\u2033-11, compatible avec les perches \u00e0 prisme et les tribrachs standard. Livr\u00e9 dans un sac de transport souple avec une bo\u00eete int\u00e9rieure, le prisme coulissant SP068 avec perche offre une portabilit\u00e9 et une protection optimales pour une utilisation professionnelle sur le terrain.<\/p>","protected":false},"excerpt":{"rendered":"<ul>\n<li>Syst\u00e8me de mini-prisme et de perche de haute pr\u00e9cision pour les lev\u00e9s topographiques et les op\u00e9rations d&#039;implantation.<\/li>\n<li>Corps en aluminium anodis\u00e9 non ferreux pour une r\u00e9sistance \u00e0 la corrosion et une solidit\u00e9 accrues.<\/li>\n<li>Les c\u00f4nes lat\u00e9raux agissent comme un syst\u00e8me de double verrouillage pour un r\u00e9glage stable et un contr\u00f4le d&#039;inclinaison<\/li>\n<li>Syst\u00e8me de perche \u00e0 prisme compact et portable, fourni avec un sac souple et une bo\u00eete int\u00e9rieure.<\/li>\n<\/ul>","protected":false},"featured_media":3542,"comment_status":"open","ping_status":"closed","template":"","meta":[],"product_brand":[],"product_cat":[72,114],"product_tag":[],"class_list":{"0":"post-3541","1":"product","2":"type-product","3":"status-publish","4":"has-post-thumbnail","6":"product_cat-reflective-target-prism","7":"product_cat-mini-prism-with-pole","9":"first","10":"instock","11":"shipping-taxable","12":"product-type-simple"},"_links":{"self":[{"href":"https:\/\/mountlaser.com\/fr_fr\/wp-json\/wp\/v2\/product\/3541","targetHints":{"allow":["GET"]}}],"collection":[{"href":"https:\/\/mountlaser.com\/fr_fr\/wp-json\/wp\/v2\/product"}],"about":[{"href":"https:\/\/mountlaser.com\/fr_fr\/wp-json\/wp\/v2\/types\/product"}],"replies":[{"embeddable":true,"href":"https:\/\/mountlaser.com\/fr_fr\/wp-json\/wp\/v2\/comments?post=3541"}],"wp:featuredmedia":[{"embeddable":true,"href":"https:\/\/mountlaser.com\/fr_fr\/wp-json\/wp\/v2\/media\/3542"}],"wp:attachment":[{"href":"https:\/\/mountlaser.com\/fr_fr\/wp-json\/wp\/v2\/media?parent=3541"}],"wp:term":[{"taxonomy":"product_brand","embeddable":true,"href":"https:\/\/mountlaser.com\/fr_fr\/wp-json\/wp\/v2\/product_brand?post=3541"},{"taxonomy":"product_cat","embeddable":true,"href":"https:\/\/mountlaser.com\/fr_fr\/wp-json\/wp\/v2\/product_cat?post=3541"},{"taxonomy":"product_tag","embeddable":true,"href":"https:\/\/mountlaser.com\/fr_fr\/wp-json\/wp\/v2\/product_tag?post=3541"}],"curies":[{"name":"wp","href":"https:\/\/api.w.org\/{rel}","templated":true}]}}