{"id":3533,"date":"2025-11-06T06:14:42","date_gmt":"2025-11-06T06:14:42","guid":{"rendered":"https:\/\/mountlaser.com\/?post_type=product&#038;p=3533"},"modified":"2025-11-28T01:22:55","modified_gmt":"2025-11-28T01:22:55","slug":"l8s8-35-aluminum-leveling-staff","status":"publish","type":"product","link":"https:\/\/mountlaser.com\/fr_fr\/produit\/l8s8-35-aluminum-leveling-staff\/","title":{"rendered":"M\u00e2t de nivellement en aluminium L8S8-35"},"content":{"rendered":"<p>Le <a href=\"https:\/\/mountlaser.com\/fr_fr\/\"><strong>M\u00e2t de nivellement en aluminium L8S8-35<\/strong><\/a> est une mire de nivellement haut de gamme et durable, con\u00e7ue pour les professionnels du lev\u00e9 topographique qui exigent fiabilit\u00e9 et pr\u00e9cision sur le terrain.<\/p>\n<p>\u00c9galement connue sous le nom de mire en aluminium L8S8-35, cette mire est con\u00e7ue pour une mesure pr\u00e9cise de la hauteur et est fabriqu\u00e9e pour r\u00e9sister aux rigueurs d&#039;une utilisation quotidienne. Son design attrayant est un atout majeur qui la rend particuli\u00e8rement comp\u00e9titive. <a href=\"https:\/\/mountlaser.com\/fr_fr\/about-us\/\"><strong>Prix du personnel de nivellement<\/strong><\/a>, Offrant un rapport qualit\u00e9-prix exceptionnel, ce produit se distingue par son excellent rapport qualit\u00e9-prix. En comparant ses performances \u00e0 celles des mires de nivellement, il appara\u00eet clairement qu&#039;il constitue une solution rentable pour vos travaux de topographie.<\/p>\n<p><img fetchpriority=\"high\" decoding=\"async\" class=\"aligncenter wp-image-3535\" src=\"https:\/\/mountlaser.com\/wp-content\/uploads\/2025\/11\/L8S8-351.webp\" alt=\"Levelling Staff Price\" width=\"500\" height=\"500\" srcset=\"https:\/\/mountlaser.com\/wp-content\/uploads\/2025\/11\/L8S8-351.webp 1000w, https:\/\/mountlaser.com\/wp-content\/uploads\/2025\/11\/L8S8-351-300x300.webp 300w, https:\/\/mountlaser.com\/wp-content\/uploads\/2025\/11\/L8S8-351-400x400.webp 400w, https:\/\/mountlaser.com\/wp-content\/uploads\/2025\/11\/L8S8-351-800x800.webp 800w, https:\/\/mountlaser.com\/wp-content\/uploads\/2025\/11\/L8S8-351-600x600.webp 600w, https:\/\/mountlaser.com\/wp-content\/uploads\/2025\/11\/L8S8-351-150x150.webp 150w, https:\/\/mountlaser.com\/wp-content\/uploads\/2025\/11\/L8S8-351-768x768.webp 768w, https:\/\/mountlaser.com\/wp-content\/uploads\/2025\/11\/L8S8-351-12x12.webp 12w\" sizes=\"(max-width: 500px) 100vw, 500px\" \/><\/p>\n<p><a href=\"https:\/\/mountlaser.com\/fr_fr\/contact-us\/\">M\u00e2t de nivellement en aluminium L8S8-35<\/a> Il est dot\u00e9 d&#039;un corps t\u00e9lescopique multi-sections qui se replie en une unit\u00e9 compacte et facile \u00e0 transporter. Des mod\u00e8les sp\u00e9cifiques, comme le mod\u00e8le 3 m\/5 sections, sont disponibles pour une portabilit\u00e9 optimale.<\/p>","protected":false},"excerpt":{"rendered":"<ul>\n<li>Nous proposons des longueurs et des \u00e9chelles personnalis\u00e9es pour r\u00e9pondre aux exigences sp\u00e9cifiques de votre projet, vous assurant ainsi d&#039;obtenir l&#039;outil exact dont vous avez besoin.<\/li>\n<li>L&#039;\u00e9chelle comporte des graduations pr\u00e9cises et r\u00e9sistantes \u00e0 l&#039;usure pour une lecture fiable et facile, aussi bien avec les niveaux optiques que num\u00e9riques.<\/li>\n<li>Chaque section est dot\u00e9e d&#039;un m\u00e9canisme de verrouillage fiable pour assurer la stabilit\u00e9 pendant la mesure, emp\u00eachant tout glissement et pr\u00e9servant l&#039;int\u00e9grit\u00e9 des donn\u00e9es.<\/li>\n<\/ul>","protected":false},"featured_media":3540,"comment_status":"open","ping_status":"closed","template":"","meta":[],"product_brand":[],"product_cat":[90],"product_tag":[],"class_list":{"0":"post-3533","1":"product","2":"type-product","3":"status-publish","4":"has-post-thumbnail","6":"product_cat-leveling-staff","8":"first","9":"instock","10":"shipping-taxable","11":"product-type-simple"},"_links":{"self":[{"href":"https:\/\/mountlaser.com\/fr_fr\/wp-json\/wp\/v2\/product\/3533","targetHints":{"allow":["GET"]}}],"collection":[{"href":"https:\/\/mountlaser.com\/fr_fr\/wp-json\/wp\/v2\/product"}],"about":[{"href":"https:\/\/mountlaser.com\/fr_fr\/wp-json\/wp\/v2\/types\/product"}],"replies":[{"embeddable":true,"href":"https:\/\/mountlaser.com\/fr_fr\/wp-json\/wp\/v2\/comments?post=3533"}],"wp:featuredmedia":[{"embeddable":true,"href":"https:\/\/mountlaser.com\/fr_fr\/wp-json\/wp\/v2\/media\/3540"}],"wp:attachment":[{"href":"https:\/\/mountlaser.com\/fr_fr\/wp-json\/wp\/v2\/media?parent=3533"}],"wp:term":[{"taxonomy":"product_brand","embeddable":true,"href":"https:\/\/mountlaser.com\/fr_fr\/wp-json\/wp\/v2\/product_brand?post=3533"},{"taxonomy":"product_cat","embeddable":true,"href":"https:\/\/mountlaser.com\/fr_fr\/wp-json\/wp\/v2\/product_cat?post=3533"},{"taxonomy":"product_tag","embeddable":true,"href":"https:\/\/mountlaser.com\/fr_fr\/wp-json\/wp\/v2\/product_tag?post=3533"}],"curies":[{"name":"wp","href":"https:\/\/api.w.org\/{rel}","templated":true}]}}