{"id":3516,"date":"2025-11-06T05:53:55","date_gmt":"2025-11-06T05:53:55","guid":{"rendered":"https:\/\/mountlaser.com\/?post_type=product&#038;p=3516"},"modified":"2025-11-28T01:29:21","modified_gmt":"2025-11-28T01:29:21","slug":"l3s3-235-aluminum-leveling-staff","status":"publish","type":"product","link":"https:\/\/mountlaser.com\/fr_fr\/produit\/l3s3-235-aluminum-leveling-staff\/","title":{"rendered":"M\u00e2t de nivellement en aluminium L3S3-235"},"content":{"rendered":"<p>Le <a href=\"https:\/\/mountlaser.com\/fr_fr\/\"><strong>M\u00e2t de nivellement en aluminium L3S3-235<\/strong><\/a> Cette mire t\u00e9lescopique en aluminium est un outil de pr\u00e9cision con\u00e7u pour les g\u00e9om\u00e8tres et les professionnels du BTP exigeant fiabilit\u00e9 et efficacit\u00e9 sur le terrain. Robuste, elle permet des mesures pr\u00e9cises de diff\u00e9rences de hauteur pour diverses applications de nivellement. Fabriqu\u00e9e en aluminium l\u00e9ger de haute qualit\u00e9, elle offre un \u00e9quilibre exceptionnel entre durabilit\u00e9 et portabilit\u00e9, ce qui en fait un outil indispensable pour tout g\u00e9om\u00e8tre.<\/p>\n<p>Que vous travailliez sur un projet de construction, une cartographie topographique ou le d\u00e9veloppement d&#039;infrastructures, la mire en aluminium L3S3-235 garantit une performance constante. Sa conception t\u00e9lescopique permet un d\u00e9ploiement et un repliage rapides et faciles, pour une utilisation simplifi\u00e9e et un gain de temps consid\u00e9rable.<\/p>\n<p><img fetchpriority=\"high\" decoding=\"async\" class=\"aligncenter wp-image-3520\" src=\"https:\/\/mountlaser.com\/wp-content\/uploads\/2025\/11\/L3S3-2354.webp\" alt=\"Telescopic Aluminum Surveying Leveling Staff\" width=\"500\" height=\"500\" srcset=\"https:\/\/mountlaser.com\/wp-content\/uploads\/2025\/11\/L3S3-2354.webp 1000w, https:\/\/mountlaser.com\/wp-content\/uploads\/2025\/11\/L3S3-2354-300x300.webp 300w, https:\/\/mountlaser.com\/wp-content\/uploads\/2025\/11\/L3S3-2354-400x400.webp 400w, https:\/\/mountlaser.com\/wp-content\/uploads\/2025\/11\/L3S3-2354-800x800.webp 800w, https:\/\/mountlaser.com\/wp-content\/uploads\/2025\/11\/L3S3-2354-600x600.webp 600w, https:\/\/mountlaser.com\/wp-content\/uploads\/2025\/11\/L3S3-2354-150x150.webp 150w, https:\/\/mountlaser.com\/wp-content\/uploads\/2025\/11\/L3S3-2354-768x768.webp 768w, https:\/\/mountlaser.com\/wp-content\/uploads\/2025\/11\/L3S3-2354-12x12.webp 12w\" sizes=\"(max-width: 500px) 100vw, 500px\" \/><\/p>\n<p>Ce mod\u00e8le fait partie de notre c\u00e9l\u00e8bre s\u00e9rie de <a href=\"https:\/\/mountlaser.com\/fr_fr\/about-us\/\"><strong>Mitre t\u00e9lescopique en aluminium pour topographie<\/strong><\/a> des instruments reconnus pour leur robustesse et leur pr\u00e9cision dans des environnements difficiles.<\/p>\n<p>Nous proposons des mod\u00e8les compacts, comme le mod\u00e8le 2,3 m\/5 sections, pour une portabilit\u00e9 optimale. De plus, nous offrons des longueurs et des \u00e9chelles sur mesure afin de r\u00e9pondre aux exigences sp\u00e9cifiques de chaque projet.<\/p>","protected":false},"excerpt":{"rendered":"<ul>\n<li>Comporte des graduations claires, pr\u00e9cises et r\u00e9sistantes \u00e0 l&#039;usure<\/li>\n<li>Qui sont indispensables pour obtenir des mesures fiables avec des niveaux optiques ou num\u00e9riques.<\/li>\n<li>Chaque section t\u00e9lescopique est \u00e9quip\u00e9e d&#039;un m\u00e9canisme de verrouillage s\u00e9curis\u00e9 pour \u00e9viter tout glissement pendant l&#039;utilisation, garantissant ainsi la stabilit\u00e9 et l&#039;int\u00e9grit\u00e9 des mesures.<\/li>\n<\/ul>","protected":false},"featured_media":3517,"comment_status":"open","ping_status":"closed","template":"","meta":[],"product_brand":[],"product_cat":[90],"product_tag":[],"class_list":{"0":"post-3516","1":"product","2":"type-product","3":"status-publish","4":"has-post-thumbnail","6":"product_cat-leveling-staff","8":"first","9":"instock","10":"shipping-taxable","11":"product-type-simple"},"_links":{"self":[{"href":"https:\/\/mountlaser.com\/fr_fr\/wp-json\/wp\/v2\/product\/3516","targetHints":{"allow":["GET"]}}],"collection":[{"href":"https:\/\/mountlaser.com\/fr_fr\/wp-json\/wp\/v2\/product"}],"about":[{"href":"https:\/\/mountlaser.com\/fr_fr\/wp-json\/wp\/v2\/types\/product"}],"replies":[{"embeddable":true,"href":"https:\/\/mountlaser.com\/fr_fr\/wp-json\/wp\/v2\/comments?post=3516"}],"wp:featuredmedia":[{"embeddable":true,"href":"https:\/\/mountlaser.com\/fr_fr\/wp-json\/wp\/v2\/media\/3517"}],"wp:attachment":[{"href":"https:\/\/mountlaser.com\/fr_fr\/wp-json\/wp\/v2\/media?parent=3516"}],"wp:term":[{"taxonomy":"product_brand","embeddable":true,"href":"https:\/\/mountlaser.com\/fr_fr\/wp-json\/wp\/v2\/product_brand?post=3516"},{"taxonomy":"product_cat","embeddable":true,"href":"https:\/\/mountlaser.com\/fr_fr\/wp-json\/wp\/v2\/product_cat?post=3516"},{"taxonomy":"product_tag","embeddable":true,"href":"https:\/\/mountlaser.com\/fr_fr\/wp-json\/wp\/v2\/product_tag?post=3516"}],"curies":[{"name":"wp","href":"https:\/\/api.w.org\/{rel}","templated":true}]}}