{"id":3515,"date":"2025-11-06T06:00:09","date_gmt":"2025-11-06T06:00:09","guid":{"rendered":"https:\/\/mountlaser.com\/?post_type=product&#038;p=3515"},"modified":"2025-11-28T01:27:16","modified_gmt":"2025-11-28T01:27:16","slug":"sp067-sliding-prism-with-pole","status":"publish","type":"product","link":"https:\/\/mountlaser.com\/fr_fr\/produit\/sp067-sliding-prism-with-pole\/","title":{"rendered":"Prisme coulissant SP067 avec poteau"},"content":{"rendered":"<p>Le prisme coulissant SP067 avec perche est un instrument de qualit\u00e9 professionnelle. <a href=\"https:\/\/mountlaser.com\/fr_fr\/\"><strong>Syst\u00e8me de perche coulissante Mini Prism<\/strong><\/a> Con\u00e7u pour les applications de lev\u00e9s topographiques et de surveillance de haute pr\u00e9cision, ce mini-prisme d&#039;implantation allie durabilit\u00e9, adaptabilit\u00e9 et portabilit\u00e9, offrant une pr\u00e9cision fiable pour les op\u00e9rations d&#039;implantation, d&#039;alignement et de surveillance sur le terrain et en milieu de construction.<\/p>\n<p>Dot\u00e9 d&#039;un prisme argent\u00e9 de 25,4 mm, le syst\u00e8me de perche coulissante Mini Prism garantit une excellente r\u00e9flectivit\u00e9 et un retour de signal stable, m\u00eame dans des conditions difficiles. Le d\u00e9calage du prisme de 0\/-30 mm offre une grande flexibilit\u00e9 d&#039;adaptation \u00e0 diverses configurations topographiques. Son bo\u00eetier en aluminium anodis\u00e9 non ferreux assure une longue dur\u00e9e de vie et une r\u00e9sistance optimale \u00e0 la corrosion.<\/p>\n<p>Le <a href=\"https:\/\/mountlaser.com\/fr_fr\/about-us\/\"><strong>Assemblage de piquet Mini Prism<\/strong><\/a> Il comprend un syst\u00e8me de verrouillage arri\u00e8re pour un r\u00e9glage pr\u00e9cis de la hauteur, tandis que deux c\u00f4nes lat\u00e9raux servent de double m\u00e9canisme de verrouillage (un pour la hauteur, l&#039;autre pour l&#039;inclinaison), garantissant ainsi des mesures stables et pr\u00e9cises. Gr\u00e2ce aux niveaux \u00e0 bulle situ\u00e9s en haut et en bas, l&#039;utilisateur peut facilement obtenir un alignement vertical parfait lors de l&#039;installation.<\/p>\n<p><img fetchpriority=\"high\" decoding=\"async\" class=\"aligncenter wp-image-3530\" src=\"https:\/\/mountlaser.com\/wp-content\/uploads\/2025\/11\/6-5SP0677.webp\" alt=\"SP067 Mini Prism Sliding Pole System\" width=\"500\" height=\"500\" srcset=\"https:\/\/mountlaser.com\/wp-content\/uploads\/2025\/11\/6-5SP0677.webp 1000w, https:\/\/mountlaser.com\/wp-content\/uploads\/2025\/11\/6-5SP0677-300x300.webp 300w, https:\/\/mountlaser.com\/wp-content\/uploads\/2025\/11\/6-5SP0677-400x400.webp 400w, https:\/\/mountlaser.com\/wp-content\/uploads\/2025\/11\/6-5SP0677-800x800.webp 800w, https:\/\/mountlaser.com\/wp-content\/uploads\/2025\/11\/6-5SP0677-600x600.webp 600w, https:\/\/mountlaser.com\/wp-content\/uploads\/2025\/11\/6-5SP0677-150x150.webp 150w, https:\/\/mountlaser.com\/wp-content\/uploads\/2025\/11\/6-5SP0677-768x768.webp 768w, https:\/\/mountlaser.com\/wp-content\/uploads\/2025\/11\/6-5SP0677-12x12.webp 12w\" sizes=\"(max-width: 500px) 100vw, 500px\" \/><\/p>\n<p>La perche en aluminium \u00e0 quatre sections (300 mm \u00d7 4) incluse s&#039;\u00e9tend jusqu&#039;\u00e0 1,2 m et se fixe par un filetage 1\/4\u2033-20, offrant l\u00e9g\u00e8ret\u00e9, robustesse et un montage rapide. Un adaptateur avec filetage 5\/8\u2033-11 am\u00e9liore la compatibilit\u00e9 avec la plupart des perches prismatiques et des tribrachs. Livr\u00e9e dans un sac de transport souple, la <a href=\"https:\/\/mountlaser.com\/fr_fr\/contact-us\/\">Prisme coulissant SP067 avec poteau<\/a> est un syst\u00e8me complet de perche coulissante Mini Prism, pr\u00eat pour un usage professionnel.<\/p>","protected":false},"excerpt":{"rendered":"<ul>\n<li>Pour un piquetage et un alignement de haute pr\u00e9cision<\/li>\n<li>Bo\u00eetier en aluminium anodis\u00e9 non ferreux pour une durabilit\u00e9 sup\u00e9rieure<\/li>\n<li>Syst\u00e8me de verrouillage arri\u00e8re pour le r\u00e9glage en hauteur et c\u00f4nes \u00e0 double verrouillage pour une meilleure stabilit\u00e9<\/li>\n<li>Les niveaux \u00e0 bulle (en haut et en bas) assurent un positionnement vertical pr\u00e9cis<\/li>\n<li>Fourni avec un sac de transport souple pour la protection et le transport.<\/li>\n<\/ul>","protected":false},"featured_media":3524,"comment_status":"open","ping_status":"closed","template":"","meta":[],"product_brand":[],"product_cat":[72,114],"product_tag":[],"class_list":{"0":"post-3515","1":"product","2":"type-product","3":"status-publish","4":"has-post-thumbnail","6":"product_cat-reflective-target-prism","7":"product_cat-mini-prism-with-pole","9":"first","10":"instock","11":"shipping-taxable","12":"product-type-simple"},"_links":{"self":[{"href":"https:\/\/mountlaser.com\/fr_fr\/wp-json\/wp\/v2\/product\/3515","targetHints":{"allow":["GET"]}}],"collection":[{"href":"https:\/\/mountlaser.com\/fr_fr\/wp-json\/wp\/v2\/product"}],"about":[{"href":"https:\/\/mountlaser.com\/fr_fr\/wp-json\/wp\/v2\/types\/product"}],"replies":[{"embeddable":true,"href":"https:\/\/mountlaser.com\/fr_fr\/wp-json\/wp\/v2\/comments?post=3515"}],"wp:featuredmedia":[{"embeddable":true,"href":"https:\/\/mountlaser.com\/fr_fr\/wp-json\/wp\/v2\/media\/3524"}],"wp:attachment":[{"href":"https:\/\/mountlaser.com\/fr_fr\/wp-json\/wp\/v2\/media?parent=3515"}],"wp:term":[{"taxonomy":"product_brand","embeddable":true,"href":"https:\/\/mountlaser.com\/fr_fr\/wp-json\/wp\/v2\/product_brand?post=3515"},{"taxonomy":"product_cat","embeddable":true,"href":"https:\/\/mountlaser.com\/fr_fr\/wp-json\/wp\/v2\/product_cat?post=3515"},{"taxonomy":"product_tag","embeddable":true,"href":"https:\/\/mountlaser.com\/fr_fr\/wp-json\/wp\/v2\/product_tag?post=3515"}],"curies":[{"name":"wp","href":"https:\/\/api.w.org\/{rel}","templated":true}]}}