{"id":3505,"date":"2025-11-06T05:25:00","date_gmt":"2025-11-06T05:25:00","guid":{"rendered":"https:\/\/mountlaser.com\/?post_type=product&#038;p=3505"},"modified":"2025-11-28T01:32:28","modified_gmt":"2025-11-28T01:32:28","slug":"sp066-mini-prism-with-pole","status":"publish","type":"product","link":"https:\/\/mountlaser.com\/fr_fr\/produit\/sp066-mini-prism-with-pole\/","title":{"rendered":"Mini prisme SP066 avec tige"},"content":{"rendered":"<p><!--StartFragment --><\/p>\n<p>Le prisme coulissant SP066 avec perche est un mini-prisme coulissant de haute pr\u00e9cision con\u00e7u pour un alignement pr\u00e9cis des angles et les lev\u00e9s topographiques. Con\u00e7u pour allier flexibilit\u00e9 et pr\u00e9cision, ce <a href=\"https:\/\/mountlaser.com\/fr_fr\/\"><strong>Kit de prisme coulissant et de poteau sectionnel<\/strong><\/a> offre aux g\u00e9om\u00e8tres un outil optique compact mais puissant, adapt\u00e9 \u00e0 diverses conditions de terrain.<\/p>\n<p>Ce <a href=\"https:\/\/mountlaser.com\/fr_fr\/about-us\/\"><strong>Assemblage de mini-prismes coulissants<\/strong><\/a> Dot\u00e9 d&#039;un prisme argent\u00e9 de 38,1 mm, ce mini-prisme coulissant offre une excellente r\u00e9flectivit\u00e9 et un signal stable, m\u00eame dans des environnements difficiles. Son d\u00e9calage r\u00e9glable de 0 \u00e0 30 mm permet une grande flexibilit\u00e9 de configuration. \u00c9quip\u00e9 d&#039;un adaptateur d&#039;angle, il garantit un alignement parfait pour la surveillance des bords et des murs.<\/p>\n<p><img fetchpriority=\"high\" decoding=\"async\" class=\"aligncenter wp-image-3509\" src=\"https:\/\/mountlaser.com\/wp-content\/uploads\/2025\/11\/SP0664.webp\" alt=\"SP066 Mini Sliding Prism Assembly\" width=\"500\" height=\"500\" srcset=\"https:\/\/mountlaser.com\/wp-content\/uploads\/2025\/11\/SP0664.webp 1000w, https:\/\/mountlaser.com\/wp-content\/uploads\/2025\/11\/SP0664-300x300.webp 300w, https:\/\/mountlaser.com\/wp-content\/uploads\/2025\/11\/SP0664-400x400.webp 400w, https:\/\/mountlaser.com\/wp-content\/uploads\/2025\/11\/SP0664-800x800.webp 800w, https:\/\/mountlaser.com\/wp-content\/uploads\/2025\/11\/SP0664-600x600.webp 600w, https:\/\/mountlaser.com\/wp-content\/uploads\/2025\/11\/SP0664-150x150.webp 150w, https:\/\/mountlaser.com\/wp-content\/uploads\/2025\/11\/SP0664-768x768.webp 768w, https:\/\/mountlaser.com\/wp-content\/uploads\/2025\/11\/SP0664-12x12.webp 12w\" sizes=\"(max-width: 500px) 100vw, 500px\" \/><\/p>\n<p>Le <a href=\"https:\/\/mountlaser.com\/fr_fr\/contact-us\/\">poteau \u00e0 \u00e9pingle en aluminium durable<\/a> Dot\u00e9 d&#039;un filetage 1\/4\u2033-20 et extensible jusqu&#039;\u00e0 1,5 m gr\u00e2ce \u00e0 sa conception t\u00e9lescopique \u00e0 cinq sections, ce kit offre \u00e0 la fois portabilit\u00e9 et stabilit\u00e9. Une poign\u00e9e facilite son utilisation lors de l&#039;installation et du transport. Ce kit complet de prisme coulissant et de perche sectionnelle comprend tous les composants n\u00e9cessaires \u00e0 une utilisation efficace sur le terrain et est compatible avec les syst\u00e8mes de stations totales standard.<\/p>","protected":false},"excerpt":{"rendered":"<ul>\n<li>Adaptateur d&#039;angle pour un alignement pr\u00e9cis des angles ou des bords<\/li>\n<li>Kit de prisme coulissant et de perche sectionnelle avec perche en aluminium \u00e0 5 sections<\/li>\n<li>Construction l\u00e9g\u00e8re en aluminium anodis\u00e9 avec adaptateur de poign\u00e9e pour une manipulation ais\u00e9e<\/li>\n<li>Livr\u00e9 dans un sac de transport souple pour la protection et le transport.<\/li>\n<\/ul>","protected":false},"featured_media":3506,"comment_status":"open","ping_status":"closed","template":"","meta":[],"product_brand":[],"product_cat":[72,114],"product_tag":[],"class_list":{"0":"post-3505","1":"product","2":"type-product","3":"status-publish","4":"has-post-thumbnail","6":"product_cat-reflective-target-prism","7":"product_cat-mini-prism-with-pole","9":"first","10":"instock","11":"shipping-taxable","12":"product-type-simple"},"_links":{"self":[{"href":"https:\/\/mountlaser.com\/fr_fr\/wp-json\/wp\/v2\/product\/3505","targetHints":{"allow":["GET"]}}],"collection":[{"href":"https:\/\/mountlaser.com\/fr_fr\/wp-json\/wp\/v2\/product"}],"about":[{"href":"https:\/\/mountlaser.com\/fr_fr\/wp-json\/wp\/v2\/types\/product"}],"replies":[{"embeddable":true,"href":"https:\/\/mountlaser.com\/fr_fr\/wp-json\/wp\/v2\/comments?post=3505"}],"wp:featuredmedia":[{"embeddable":true,"href":"https:\/\/mountlaser.com\/fr_fr\/wp-json\/wp\/v2\/media\/3506"}],"wp:attachment":[{"href":"https:\/\/mountlaser.com\/fr_fr\/wp-json\/wp\/v2\/media?parent=3505"}],"wp:term":[{"taxonomy":"product_brand","embeddable":true,"href":"https:\/\/mountlaser.com\/fr_fr\/wp-json\/wp\/v2\/product_brand?post=3505"},{"taxonomy":"product_cat","embeddable":true,"href":"https:\/\/mountlaser.com\/fr_fr\/wp-json\/wp\/v2\/product_cat?post=3505"},{"taxonomy":"product_tag","embeddable":true,"href":"https:\/\/mountlaser.com\/fr_fr\/wp-json\/wp\/v2\/product_tag?post=3505"}],"curies":[{"name":"wp","href":"https:\/\/api.w.org\/{rel}","templated":true}]}}