{"id":3486,"date":"2025-11-06T03:14:00","date_gmt":"2025-11-06T03:14:00","guid":{"rendered":"https:\/\/mountlaser.com\/?post_type=product&#038;p=3486"},"modified":"2025-11-28T01:35:25","modified_gmt":"2025-11-28T01:35:25","slug":"sp065-sliding-prism-with-pole","status":"publish","type":"product","link":"https:\/\/mountlaser.com\/fr_fr\/produit\/sp065-sliding-prism-with-pole\/","title":{"rendered":"Prisme coulissant SP065 avec poteau"},"content":{"rendered":"<p>Le <a href=\"https:\/\/mountlaser.com\/fr_fr\/products\/\"><strong>Prisme coulissant SP065 avec poteau<\/strong><\/a> est une haute pr\u00e9cision <a href=\"https:\/\/mountlaser.com\/fr_fr\/about-us\/\"><strong>Mini prisme SP065 pour station totale<\/strong><\/a> Con\u00e7u pour une installation en angle et des applications de surveillance g\u00e9n\u00e9rale, ce syst\u00e8me, destin\u00e9 aux professionnels de terrain exigeant pr\u00e9cision et flexibilit\u00e9, offre des performances de mesure stables pour les travaux de construction, de surveillance des d\u00e9formations et d&#039;alignement.<\/p>\n<p>Dot\u00e9 d&#039;un mini-prisme argent\u00e9 de 38,1 mm (1,5 pouce), le prisme coulissant SP065 avec perche offre une r\u00e9flectivit\u00e9 et une clart\u00e9 de signal exceptionnelles. Son d\u00e9calage de 0 mm garantit un alignement parfait pour une collecte de donn\u00e9es fiable. L&#039;adaptateur d&#039;angle int\u00e9gr\u00e9 permet une installation ais\u00e9e sur les bords ou les structures o\u00f9 les prismes standard sont difficiles \u00e0 installer, ce qui le rend id\u00e9al pour les espaces de surveillance restreints.<\/p>\n<p><img fetchpriority=\"high\" decoding=\"async\" class=\"aligncenter wp-image-3501\" src=\"https:\/\/mountlaser.com\/wp-content\/uploads\/2025\/11\/SP065D6.webp\" alt=\"SP065 Sliding Prism with Pole\" width=\"500\" height=\"500\" srcset=\"https:\/\/mountlaser.com\/wp-content\/uploads\/2025\/11\/SP065D6.webp 1000w, https:\/\/mountlaser.com\/wp-content\/uploads\/2025\/11\/SP065D6-300x300.webp 300w, https:\/\/mountlaser.com\/wp-content\/uploads\/2025\/11\/SP065D6-400x400.webp 400w, https:\/\/mountlaser.com\/wp-content\/uploads\/2025\/11\/SP065D6-800x800.webp 800w, https:\/\/mountlaser.com\/wp-content\/uploads\/2025\/11\/SP065D6-600x600.webp 600w, https:\/\/mountlaser.com\/wp-content\/uploads\/2025\/11\/SP065D6-150x150.webp 150w, https:\/\/mountlaser.com\/wp-content\/uploads\/2025\/11\/SP065D6-768x768.webp 768w, https:\/\/mountlaser.com\/wp-content\/uploads\/2025\/11\/SP065D6-12x12.webp 12w\" sizes=\"(max-width: 500px) 100vw, 500px\" \/><\/p>\n<p>La tige filet\u00e9e en acier inoxydable durable avec filetage M6 (diam\u00e8tre ext\u00e9rieur 9 mm) assure la rigidit\u00e9, tandis que la conception t\u00e9lescopique \u00e0 cinq sections (300 mm \u00d7 5) s&#039;\u00e9tend jusqu&#039;\u00e0 1,5 m, offrant une excellente polyvalence en mati\u00e8re de r\u00e9glage de la hauteur. <a href=\"https:\/\/mountlaser.com\/fr_fr\/contact-us\/\">Prisme coulissant SP065 avec poteau<\/a> est disponible en deux styles de verrouillage \u2014 Verrouillage \u00e0 vis (SP065S) et Double verrouillage (SP065D) \u2014 offrant aux utilisateurs un fonctionnement s\u00fbr et stable dans des conditions variables.<\/p>","protected":false},"excerpt":{"rendered":"<ul>\n<li>Con\u00e7u avec pr\u00e9cision pour la surveillance des stations totales<\/li>\n<li>Comprend un adaptateur d&#039;angle \u2013 id\u00e9al pour les installations en angle et les espaces restreints.<\/li>\n<li>Compatible avec le mini-prisme Tribrach MPT05 et le tube en aluminium pour accessoires de poteau \u00e0 broche<\/li>\n<\/ul>","protected":false},"featured_media":3496,"comment_status":"open","ping_status":"closed","template":"","meta":[],"product_brand":[],"product_cat":[114,72],"product_tag":[],"class_list":{"0":"post-3486","1":"product","2":"type-product","3":"status-publish","4":"has-post-thumbnail","6":"product_cat-mini-prism-with-pole","7":"product_cat-reflective-target-prism","9":"first","10":"instock","11":"shipping-taxable","12":"product-type-simple"},"_links":{"self":[{"href":"https:\/\/mountlaser.com\/fr_fr\/wp-json\/wp\/v2\/product\/3486","targetHints":{"allow":["GET"]}}],"collection":[{"href":"https:\/\/mountlaser.com\/fr_fr\/wp-json\/wp\/v2\/product"}],"about":[{"href":"https:\/\/mountlaser.com\/fr_fr\/wp-json\/wp\/v2\/types\/product"}],"replies":[{"embeddable":true,"href":"https:\/\/mountlaser.com\/fr_fr\/wp-json\/wp\/v2\/comments?post=3486"}],"wp:featuredmedia":[{"embeddable":true,"href":"https:\/\/mountlaser.com\/fr_fr\/wp-json\/wp\/v2\/media\/3496"}],"wp:attachment":[{"href":"https:\/\/mountlaser.com\/fr_fr\/wp-json\/wp\/v2\/media?parent=3486"}],"wp:term":[{"taxonomy":"product_brand","embeddable":true,"href":"https:\/\/mountlaser.com\/fr_fr\/wp-json\/wp\/v2\/product_brand?post=3486"},{"taxonomy":"product_cat","embeddable":true,"href":"https:\/\/mountlaser.com\/fr_fr\/wp-json\/wp\/v2\/product_cat?post=3486"},{"taxonomy":"product_tag","embeddable":true,"href":"https:\/\/mountlaser.com\/fr_fr\/wp-json\/wp\/v2\/product_tag?post=3486"}],"curies":[{"name":"wp","href":"https:\/\/api.w.org\/{rel}","templated":true}]}}