{"id":3474,"date":"2025-11-06T02:12:04","date_gmt":"2025-11-06T02:12:04","guid":{"rendered":"https:\/\/mountlaser.com\/?post_type=product&#038;p=3474"},"modified":"2025-11-28T01:38:11","modified_gmt":"2025-11-28T01:38:11","slug":"sp063-mini-prism-with-pole","status":"publish","type":"product","link":"https:\/\/mountlaser.com\/fr_fr\/produit\/sp063-mini-prism-with-pole\/","title":{"rendered":"Mini prisme SP063 avec tige"},"content":{"rendered":"<p>Le mini prisme SP063 avec perche est un outil professionnel et l\u00e9ger. <a href=\"https:\/\/mountlaser.com\/fr_fr\/\"><strong>Mini prisme 360\u00b0 \u00e0 4 p\u00f4les<\/strong><\/a>\u00a0Syst\u00e8me con\u00e7u pour les lev\u00e9s topographiques et les applications d&#039;alignement de pr\u00e9cision. Con\u00e7u pour une portabilit\u00e9 et une durabilit\u00e9 maximales, cet ensemble compact garantit des mesures stables et pr\u00e9cises pour les projets de construction, de topographie et de surveillance.<\/p>\n<p>Fabriqu\u00e9 avec un bo\u00eetier en nylon haute r\u00e9sistance, le mini-prisme SP063 avec sa perche offre une excellente r\u00e9sistance aux chocs tout en conservant un poids r\u00e9duit pour une manipulation ais\u00e9e sur le terrain. La perche en aluminium usin\u00e9 avec pr\u00e9cision assure rigidit\u00e9 et r\u00e9glage t\u00e9lescopique fluide, et s&#039;\u00e9tend jusqu&#039;\u00e0 1,2 m gr\u00e2ce \u00e0 sa conception en quatre sections (300 mm \u00d7 4).<\/p>\n<p>Le <a href=\"https:\/\/mountlaser.com\/fr_fr\/products\/\"><strong>Mini prisme 360\u00b0 \u00e0 4 p\u00f4les<\/strong><\/a>\u00a0Ce jeu de prismes comprend un prisme cuivr\u00e9 de 25,4 mm disponible avec plusieurs options de d\u00e9calage (0 mm, 17,5 mm ou 0\/-30 mm), assurant ainsi la compatibilit\u00e9 avec les syst\u00e8mes suisses et non suisses. Fourni avec une housse de transport souple, il constitue une solution efficace et pr\u00eate \u00e0 l&#039;emploi pour les lev\u00e9s topographiques quotidiens.<\/p>\n<figure id=\"attachment_3483\" aria-describedby=\"caption-attachment-3483\" style=\"width: 500px\" class=\"wp-caption aligncenter\"><img fetchpriority=\"high\" decoding=\"async\" class=\"wp-image-3483\" src=\"https:\/\/mountlaser.com\/wp-content\/uploads\/2025\/11\/SP0639.webp\" alt=\"360\u00b0 Mini Prism With 4 Poles\" width=\"500\" height=\"500\" srcset=\"https:\/\/mountlaser.com\/wp-content\/uploads\/2025\/11\/SP0639.webp 1000w, https:\/\/mountlaser.com\/wp-content\/uploads\/2025\/11\/SP0639-300x300.webp 300w, https:\/\/mountlaser.com\/wp-content\/uploads\/2025\/11\/SP0639-400x400.webp 400w, https:\/\/mountlaser.com\/wp-content\/uploads\/2025\/11\/SP0639-800x800.webp 800w, https:\/\/mountlaser.com\/wp-content\/uploads\/2025\/11\/SP0639-600x600.webp 600w, https:\/\/mountlaser.com\/wp-content\/uploads\/2025\/11\/SP0639-150x150.webp 150w, https:\/\/mountlaser.com\/wp-content\/uploads\/2025\/11\/SP0639-768x768.webp 768w, https:\/\/mountlaser.com\/wp-content\/uploads\/2025\/11\/SP0639-12x12.webp 12w\" sizes=\"(max-width: 500px) 100vw, 500px\" \/><figcaption id=\"caption-attachment-3483\" class=\"wp-caption-text\">Mini prisme SP063C avec tige<\/figcaption><\/figure>\n<p><strong>Le <a href=\"https:\/\/mountlaser.com\/fr_fr\/contact-us\/\">Mini prisme SP063 avec tige<\/a> se d\u00e9cline en 3 mod\u00e8les.<\/strong><\/p>\n<p>Mini-prisme SP063A avec p\u00f4le \u2013 D\u00e9port\u00a0: 0\u00a0mm, rev\u00eatement en cuivre, compatible avec le syst\u00e8me suisse<br \/>\nMini prisme SP063B avec p\u00f4le \u2013 D\u00e9port\u00a0: 17,5\u00a0mm, rev\u00eatement en cuivre, compatible avec le syst\u00e8me suisse<br \/>\nMini-prisme SP063C avec p\u00f4le \u2013 D\u00e9calage\u00a0: 0\/-30\u00a0mm, rev\u00eatement en cuivre, syst\u00e8me non suisse<\/p>\n<figure id=\"attachment_3476\" aria-describedby=\"caption-attachment-3476\" style=\"width: 500px\" class=\"wp-caption aligncenter\"><img decoding=\"async\" class=\"wp-image-3476\" src=\"https:\/\/mountlaser.com\/wp-content\/uploads\/2025\/11\/SP0632.webp\" alt=\"360\u00b0 Mini Prism With 4 Poles\" width=\"500\" height=\"500\" srcset=\"https:\/\/mountlaser.com\/wp-content\/uploads\/2025\/11\/SP0632.webp 1000w, https:\/\/mountlaser.com\/wp-content\/uploads\/2025\/11\/SP0632-300x300.webp 300w, https:\/\/mountlaser.com\/wp-content\/uploads\/2025\/11\/SP0632-400x400.webp 400w, https:\/\/mountlaser.com\/wp-content\/uploads\/2025\/11\/SP0632-800x800.webp 800w, https:\/\/mountlaser.com\/wp-content\/uploads\/2025\/11\/SP0632-600x600.webp 600w, https:\/\/mountlaser.com\/wp-content\/uploads\/2025\/11\/SP0632-150x150.webp 150w, https:\/\/mountlaser.com\/wp-content\/uploads\/2025\/11\/SP0632-768x768.webp 768w, https:\/\/mountlaser.com\/wp-content\/uploads\/2025\/11\/SP0632-12x12.webp 12w\" sizes=\"(max-width: 500px) 100vw, 500px\" \/><figcaption id=\"caption-attachment-3476\" class=\"wp-caption-text\">Mini prisme SP063A\/B avec poteau<\/figcaption><\/figure>","protected":false},"excerpt":{"rendered":"<ul>\n<li>Mini prisme de pr\u00e9cision en aluminium \u00e0 360\u00b0 avec 4 p\u00f4les<\/li>\n<li>Accessoires optionnels\u00a0: Tribrach mini prismatique MPT02 et tube en aluminium pour m\u00e2t \u00e0 broche<\/li>\n<li>Comprend un sac de transport souple pour faciliter le transport et la protection<\/li>\n<\/ul>","protected":false},"featured_media":3463,"comment_status":"open","ping_status":"closed","template":"","meta":[],"product_brand":[],"product_cat":[114,72],"product_tag":[],"class_list":{"0":"post-3474","1":"product","2":"type-product","3":"status-publish","4":"has-post-thumbnail","6":"product_cat-mini-prism-with-pole","7":"product_cat-reflective-target-prism","9":"first","10":"instock","11":"shipping-taxable","12":"product-type-simple"},"_links":{"self":[{"href":"https:\/\/mountlaser.com\/fr_fr\/wp-json\/wp\/v2\/product\/3474","targetHints":{"allow":["GET"]}}],"collection":[{"href":"https:\/\/mountlaser.com\/fr_fr\/wp-json\/wp\/v2\/product"}],"about":[{"href":"https:\/\/mountlaser.com\/fr_fr\/wp-json\/wp\/v2\/types\/product"}],"replies":[{"embeddable":true,"href":"https:\/\/mountlaser.com\/fr_fr\/wp-json\/wp\/v2\/comments?post=3474"}],"wp:featuredmedia":[{"embeddable":true,"href":"https:\/\/mountlaser.com\/fr_fr\/wp-json\/wp\/v2\/media\/3463"}],"wp:attachment":[{"href":"https:\/\/mountlaser.com\/fr_fr\/wp-json\/wp\/v2\/media?parent=3474"}],"wp:term":[{"taxonomy":"product_brand","embeddable":true,"href":"https:\/\/mountlaser.com\/fr_fr\/wp-json\/wp\/v2\/product_brand?post=3474"},{"taxonomy":"product_cat","embeddable":true,"href":"https:\/\/mountlaser.com\/fr_fr\/wp-json\/wp\/v2\/product_cat?post=3474"},{"taxonomy":"product_tag","embeddable":true,"href":"https:\/\/mountlaser.com\/fr_fr\/wp-json\/wp\/v2\/product_tag?post=3474"}],"curies":[{"name":"wp","href":"https:\/\/api.w.org\/{rel}","templated":true}]}}