{"id":3464,"date":"2025-11-06T01:55:54","date_gmt":"2025-11-06T01:55:54","guid":{"rendered":"https:\/\/mountlaser.com\/?post_type=product&#038;p=3464"},"modified":"2025-11-28T01:40:23","modified_gmt":"2025-11-28T01:40:23","slug":"sp061-mini-prism-with-pole","status":"publish","type":"product","link":"https:\/\/mountlaser.com\/fr_fr\/produit\/sp061-mini-prism-with-pole\/","title":{"rendered":"Mini prisme SP061 avec tige"},"content":{"rendered":"<p>Le <a href=\"https:\/\/mountlaser.com\/fr_fr\/\"><strong>Ensemble de r\u00e9flecteurs SP061<\/strong><\/a> est une haute pr\u00e9cision <a href=\"https:\/\/mountlaser.com\/fr_fr\/products\/\"><strong>Station totale Mini Prisme<\/strong> <\/a>Syst\u00e8me con\u00e7u pour les applications professionnelles d&#039;implantation, d&#039;alignement et de surveillance. Alliant robustesse et polyvalence, cet ensemble prismatique offre des performances exceptionnelles pour les lev\u00e9s topographiques et les mesures de d\u00e9formation.<\/p>\n<p>Dot\u00e9 d&#039;un mini-prisme de 25,4 mm rev\u00eatu de cuivre ou d&#039;argent, le r\u00e9flecteur SP061 garantit une r\u00e9flectivit\u00e9 optimale et une pr\u00e9cision \u00e0 longue port\u00e9e. Son d\u00e9calage interchangeable de 0 mm \/ -30 mm offre une grande flexibilit\u00e9 pour r\u00e9pondre aux exigences de divers projets, tandis que son bo\u00eetier en aluminium anodis\u00e9 non ferreux assure une excellente r\u00e9sistance \u00e0 la corrosion et \u00e0 l&#039;usure.<\/p>\n<p>Le <a href=\"https:\/\/mountlaser.com\/fr_fr\/contact-us\/\">Station totale Mini Prisme<\/a> Ce syst\u00e8me comprend un support de fil \u00e0 plomb int\u00e9gr\u00e9, un crochet en S et un point d&#039;ancrage au sol, garantissant un alignement vertical pr\u00e9cis et des op\u00e9rations d&#039;ancrage efficaces. La perche en aluminium l\u00e9ger est extensible en 4 sections (jusqu&#039;\u00e0 1,2 m) pour un transport et une installation faciles.<\/p>\n<p><img fetchpriority=\"high\" decoding=\"async\" class=\"aligncenter wp-image-3468\" src=\"https:\/\/mountlaser.com\/wp-content\/uploads\/2025\/11\/5-10SP0614.webp\" alt=\"SP061 Reflector Set\" width=\"500\" height=\"500\" srcset=\"https:\/\/mountlaser.com\/wp-content\/uploads\/2025\/11\/5-10SP0614.webp 1000w, https:\/\/mountlaser.com\/wp-content\/uploads\/2025\/11\/5-10SP0614-300x300.webp 300w, https:\/\/mountlaser.com\/wp-content\/uploads\/2025\/11\/5-10SP0614-400x400.webp 400w, https:\/\/mountlaser.com\/wp-content\/uploads\/2025\/11\/5-10SP0614-800x800.webp 800w, https:\/\/mountlaser.com\/wp-content\/uploads\/2025\/11\/5-10SP0614-600x600.webp 600w, https:\/\/mountlaser.com\/wp-content\/uploads\/2025\/11\/5-10SP0614-150x150.webp 150w, https:\/\/mountlaser.com\/wp-content\/uploads\/2025\/11\/5-10SP0614-768x768.webp 768w, https:\/\/mountlaser.com\/wp-content\/uploads\/2025\/11\/5-10SP0614-12x12.webp 12w\" sizes=\"(max-width: 500px) 100vw, 500px\" \/><\/p>","protected":false},"excerpt":{"rendered":"<ul>\n<li>Syst\u00e8me de mini-prisme de station totale de pr\u00e9cision pour les t\u00e2ches d&#039;implantation et de surveillance<\/li>\n<li>Pour un retour de signal sup\u00e9rieur, pour une flexibilit\u00e9 de mesure<\/li>\n<li>Bo\u00eetier robuste en aluminium anodis\u00e9 avec niveau \u00e0 bulle int\u00e9gr\u00e9 (options de montage central ou lat\u00e9ral)<\/li>\n<li>Le kit r\u00e9flecteur SP061 complet comprend un support pour fil \u00e0 plomb, une tige de fixation et un sac de transport.<\/li>\n<li>Compatible avec le tribrach Mini Prism MPT02 et tube en aluminium en option pour une rigidit\u00e9 accrue.<\/li>\n<\/ul>","protected":false},"featured_media":3469,"comment_status":"open","ping_status":"closed","template":"","meta":[],"product_brand":[],"product_cat":[72,114],"product_tag":[],"class_list":{"0":"post-3464","1":"product","2":"type-product","3":"status-publish","4":"has-post-thumbnail","6":"product_cat-reflective-target-prism","7":"product_cat-mini-prism-with-pole","9":"first","10":"instock","11":"shipping-taxable","12":"product-type-simple"},"_links":{"self":[{"href":"https:\/\/mountlaser.com\/fr_fr\/wp-json\/wp\/v2\/product\/3464","targetHints":{"allow":["GET"]}}],"collection":[{"href":"https:\/\/mountlaser.com\/fr_fr\/wp-json\/wp\/v2\/product"}],"about":[{"href":"https:\/\/mountlaser.com\/fr_fr\/wp-json\/wp\/v2\/types\/product"}],"replies":[{"embeddable":true,"href":"https:\/\/mountlaser.com\/fr_fr\/wp-json\/wp\/v2\/comments?post=3464"}],"wp:featuredmedia":[{"embeddable":true,"href":"https:\/\/mountlaser.com\/fr_fr\/wp-json\/wp\/v2\/media\/3469"}],"wp:attachment":[{"href":"https:\/\/mountlaser.com\/fr_fr\/wp-json\/wp\/v2\/media?parent=3464"}],"wp:term":[{"taxonomy":"product_brand","embeddable":true,"href":"https:\/\/mountlaser.com\/fr_fr\/wp-json\/wp\/v2\/product_brand?post=3464"},{"taxonomy":"product_cat","embeddable":true,"href":"https:\/\/mountlaser.com\/fr_fr\/wp-json\/wp\/v2\/product_cat?post=3464"},{"taxonomy":"product_tag","embeddable":true,"href":"https:\/\/mountlaser.com\/fr_fr\/wp-json\/wp\/v2\/product_tag?post=3464"}],"curies":[{"name":"wp","href":"https:\/\/api.w.org\/{rel}","templated":true}]}}