{"id":3453,"date":"2025-11-06T01:27:12","date_gmt":"2025-11-06T01:27:12","guid":{"rendered":"https:\/\/mountlaser.com\/?post_type=product&#038;p=3453"},"modified":"2025-11-28T01:42:06","modified_gmt":"2025-11-28T01:42:06","slug":"sp060-sliding-mini-prism-with-pole","status":"publish","type":"product","link":"https:\/\/mountlaser.com\/fr_fr\/produit\/sp060-sliding-mini-prism-with-pole\/","title":{"rendered":"SP060 Mini prisme coulissant avec poteau"},"content":{"rendered":"<p>Le <a href=\"https:\/\/mountlaser.com\/fr_fr\/\"><strong>SP060 Mini prisme coulissant avec poteau<\/strong><\/a> est une solution de surveillance compacte et polyvalente con\u00e7ue pour les lev\u00e9s topographiques de pr\u00e9cision et la mesure des d\u00e9formations. <a href=\"https:\/\/mountlaser.com\/fr_fr\/about-us\/\"><strong>Syst\u00e8me de mini-prisme \u00e0 p\u00f4les pin\u00e9s<\/strong><\/a> Elle allie haute pr\u00e9cision, construction durable et fonctionnalit\u00e9 modulaire \u2013 id\u00e9ale pour les contr\u00f4les de site \u00e0 court terme comme pour les projets de surveillance \u00e0 long terme.<\/p>\n<p>Con\u00e7u pour une pr\u00e9cision optimale, le mini-prisme coulissant SP060 avec perche est dot\u00e9 d&#039;un mini-prisme de haute pr\u00e9cision sans d\u00e9calage de 0 mm, garantissant un alignement parfait pour les mesures de distance. Disponible avec un rev\u00eatement en cuivre ou en argent, il s&#039;adapte \u00e0 diff\u00e9rents besoins de mesure et conditions environnementales. Fabriqu\u00e9 en aluminium anodis\u00e9 usin\u00e9 CNC, il offre une durabilit\u00e9 et une r\u00e9sistance \u00e0 la corrosion exceptionnelles, ce qui en fait un choix fiable pour les applications de terrain exigeantes.<\/p>\n<p><img fetchpriority=\"high\" decoding=\"async\" class=\"aligncenter wp-image-3454\" src=\"https:\/\/mountlaser.com\/wp-content\/uploads\/2025\/11\/5-9SP0601.webp\" alt=\"SP060 Sliding Mini Prism with Pole\" width=\"500\" height=\"500\" srcset=\"https:\/\/mountlaser.com\/wp-content\/uploads\/2025\/11\/5-9SP0601.webp 1000w, https:\/\/mountlaser.com\/wp-content\/uploads\/2025\/11\/5-9SP0601-300x300.webp 300w, https:\/\/mountlaser.com\/wp-content\/uploads\/2025\/11\/5-9SP0601-400x400.webp 400w, https:\/\/mountlaser.com\/wp-content\/uploads\/2025\/11\/5-9SP0601-800x800.webp 800w, https:\/\/mountlaser.com\/wp-content\/uploads\/2025\/11\/5-9SP0601-600x600.webp 600w, https:\/\/mountlaser.com\/wp-content\/uploads\/2025\/11\/5-9SP0601-150x150.webp 150w, https:\/\/mountlaser.com\/wp-content\/uploads\/2025\/11\/5-9SP0601-768x768.webp 768w, https:\/\/mountlaser.com\/wp-content\/uploads\/2025\/11\/5-9SP0601-12x12.webp 12w\" sizes=\"(max-width: 500px) 100vw, 500px\" \/><\/p>\n<p>Le <a href=\"https:\/\/mountlaser.com\/fr_fr\/contact-us\/\">Syst\u00e8me de mini-prisme \u00e0 p\u00f4les pin\u00e9s<\/a> Ce dispositif est \u00e9quip\u00e9 de deux c\u00f4nes lat\u00e9raux formant un syst\u00e8me de double verrouillage s\u00e9curis\u00e9, garantissant un positionnement stable du prisme. Le crochet et l&#039;adaptateur d&#039;angle inclus permettent une installation flexible sur diverses surfaces, tandis que la perche en acier \u00e0 trois sections (500 mm par section, soit 1,5 m au total) offre une hauteur r\u00e9glable pour une utilisation polyvalente sur le terrain.<\/p>\n<p>Pour une pr\u00e9cision accrue, les utilisateurs peuvent associer le mini-prisme coulissant SP060 avec perche au mini-prisme Tribrach MPT05 en option ou \u00e0 une extension de tube en aluminium pour une rigidit\u00e9 et une pr\u00e9cision accrues.<\/p>","protected":false},"excerpt":{"rendered":"<p>\u2022 Les deux c\u00f4nes lat\u00e9raux assurent un verrouillage stable et une r\u00e9p\u00e9tabilit\u00e9<br \/>\n\u2022 Comprend un crochet, un adaptateur d&#039;angle et un sac de transport souple<br \/>\n\u2022 Compatible avec le tribrach Mini Prism MPT05 et ses accessoires d&#039;extension<\/p>","protected":false},"featured_media":3459,"comment_status":"open","ping_status":"closed","template":"","meta":[],"product_brand":[],"product_cat":[72,114],"product_tag":[],"class_list":{"0":"post-3453","1":"product","2":"type-product","3":"status-publish","4":"has-post-thumbnail","6":"product_cat-reflective-target-prism","7":"product_cat-mini-prism-with-pole","9":"first","10":"instock","11":"shipping-taxable","12":"product-type-simple"},"_links":{"self":[{"href":"https:\/\/mountlaser.com\/fr_fr\/wp-json\/wp\/v2\/product\/3453","targetHints":{"allow":["GET"]}}],"collection":[{"href":"https:\/\/mountlaser.com\/fr_fr\/wp-json\/wp\/v2\/product"}],"about":[{"href":"https:\/\/mountlaser.com\/fr_fr\/wp-json\/wp\/v2\/types\/product"}],"replies":[{"embeddable":true,"href":"https:\/\/mountlaser.com\/fr_fr\/wp-json\/wp\/v2\/comments?post=3453"}],"wp:featuredmedia":[{"embeddable":true,"href":"https:\/\/mountlaser.com\/fr_fr\/wp-json\/wp\/v2\/media\/3459"}],"wp:attachment":[{"href":"https:\/\/mountlaser.com\/fr_fr\/wp-json\/wp\/v2\/media?parent=3453"}],"wp:term":[{"taxonomy":"product_brand","embeddable":true,"href":"https:\/\/mountlaser.com\/fr_fr\/wp-json\/wp\/v2\/product_brand?post=3453"},{"taxonomy":"product_cat","embeddable":true,"href":"https:\/\/mountlaser.com\/fr_fr\/wp-json\/wp\/v2\/product_cat?post=3453"},{"taxonomy":"product_tag","embeddable":true,"href":"https:\/\/mountlaser.com\/fr_fr\/wp-json\/wp\/v2\/product_tag?post=3453"}],"curies":[{"name":"wp","href":"https:\/\/api.w.org\/{rel}","templated":true}]}}