{"id":3448,"date":"2025-11-05T09:12:55","date_gmt":"2025-11-05T09:12:55","guid":{"rendered":"https:\/\/mountlaser.com\/?post_type=product&#038;p=3448"},"modified":"2025-11-28T01:44:50","modified_gmt":"2025-11-28T01:44:50","slug":"7m-telescopic-levelling-staff","status":"publish","type":"product","link":"https:\/\/mountlaser.com\/fr_fr\/produit\/7m-telescopic-levelling-staff\/","title":{"rendered":"Mitre t\u00e9lescopique de 7 m"},"content":{"rendered":"<p>Le Mont Laser <a href=\"https:\/\/mountlaser.com\/fr_fr\/\"><strong>M\u00e2t de nivellement en aluminium de 7 m<\/strong><\/a> Ce niveleur de 7 m \u00e9tablit une nouvelle norme pour les travaux de nivellement de grande envergure et de haute pr\u00e9cision. Con\u00e7u pour les professionnels exigeant une port\u00e9e exceptionnelle et une pr\u00e9cision sans faille, il offre des performances in\u00e9gal\u00e9es. Son syst\u00e8me innovant de nivellement \u00e0 double face en aluminium, dot\u00e9 d&#039;\u00e9chelles claires et faciles \u00e0 lire sur les deux faces, constitue un atout majeur de cet outil de pointe. Il offre ainsi une polyvalence accrue et un confort de lecture optimal sur les chantiers complexes.<\/p>\n<p>Fabriqu\u00e9 en alliage d&#039;aluminium 6061 haute r\u00e9sistance avec une finition anodis\u00e9e argent\u00e9e protectrice, ce <a href=\"https:\/\/mountlaser.com\/fr_fr\/products\/\"><strong>Jambe de niveau double face en aluminium<\/strong><\/a> Con\u00e7ue pour une durabilit\u00e9 et une r\u00e9sistance \u00e0 la corrosion maximales, elle est capable de r\u00e9sister aux conditions de terrain les plus difficiles.<br \/>\nLes graduations sont appliqu\u00e9es avec pr\u00e9cision par s\u00e9rigraphie traditionnelle et s\u00e9chage \u00e0 haute temp\u00e9rature, assurant ainsi une fixation permanente et une r\u00e9sistance aux intemp\u00e9ries, \u00e0 l&#039;abrasion et aux UV. Ce proc\u00e9d\u00e9 garantit la lisibilit\u00e9 \u00e0 long terme essentielle au syst\u00e8me de nivellement double face en aluminium. Pliable pour un transport ais\u00e9 et fournie avec un sac de transport d\u00e9di\u00e9, cette mire de 7 m\u00e8tres constitue la solution id\u00e9ale pour vos grands projets de topographie et de construction.<\/p>\n<p>Tige de nivellement en aluminium de haute qualit\u00e9. Les tailles standard comprennent 7 m\/5 sections.<\/p>\n<p><img fetchpriority=\"high\" decoding=\"async\" class=\"wp-image-3428 aligncenter\" src=\"https:\/\/mountlaser.com\/wp-content\/uploads\/2025\/11\/0b2093a1-9948-45d7-b293-7bf17d80b027_\u526f\u672c.webp\" alt=\"Aluminum Dual Faces Levelling staff\" width=\"500\" height=\"500\" srcset=\"https:\/\/mountlaser.com\/wp-content\/uploads\/2025\/11\/0b2093a1-9948-45d7-b293-7bf17d80b027_\u526f\u672c.webp 800w, https:\/\/mountlaser.com\/wp-content\/uploads\/2025\/11\/0b2093a1-9948-45d7-b293-7bf17d80b027_\u526f\u672c-300x300.webp 300w, https:\/\/mountlaser.com\/wp-content\/uploads\/2025\/11\/0b2093a1-9948-45d7-b293-7bf17d80b027_\u526f\u672c-400x400.webp 400w, https:\/\/mountlaser.com\/wp-content\/uploads\/2025\/11\/0b2093a1-9948-45d7-b293-7bf17d80b027_\u526f\u672c-600x600.webp 600w, https:\/\/mountlaser.com\/wp-content\/uploads\/2025\/11\/0b2093a1-9948-45d7-b293-7bf17d80b027_\u526f\u672c-150x150.webp 150w, https:\/\/mountlaser.com\/wp-content\/uploads\/2025\/11\/0b2093a1-9948-45d7-b293-7bf17d80b027_\u526f\u672c-768x768.webp 768w, https:\/\/mountlaser.com\/wp-content\/uploads\/2025\/11\/0b2093a1-9948-45d7-b293-7bf17d80b027_\u526f\u672c-12x12.webp 12w\" sizes=\"(max-width: 500px) 100vw, 500px\" \/><br \/>\nL&#039;image pr\u00e9sente diff\u00e9rents types de repr\u00e9sentations parmi lesquels choisir.<\/p>\n<p><img decoding=\"async\" class=\"aligncenter wp-image-3429\" src=\"https:\/\/mountlaser.com\/wp-content\/uploads\/2025\/11\/228c0b4c-8469-40d6-a029-3e5a5f677176_\u526f\u672c.webp\" alt=\"Aluminum Dual Faces Levelling staff\" width=\"500\" height=\"500\" srcset=\"https:\/\/mountlaser.com\/wp-content\/uploads\/2025\/11\/228c0b4c-8469-40d6-a029-3e5a5f677176_\u526f\u672c.webp 800w, https:\/\/mountlaser.com\/wp-content\/uploads\/2025\/11\/228c0b4c-8469-40d6-a029-3e5a5f677176_\u526f\u672c-300x300.webp 300w, https:\/\/mountlaser.com\/wp-content\/uploads\/2025\/11\/228c0b4c-8469-40d6-a029-3e5a5f677176_\u526f\u672c-400x400.webp 400w, https:\/\/mountlaser.com\/wp-content\/uploads\/2025\/11\/228c0b4c-8469-40d6-a029-3e5a5f677176_\u526f\u672c-600x600.webp 600w, https:\/\/mountlaser.com\/wp-content\/uploads\/2025\/11\/228c0b4c-8469-40d6-a029-3e5a5f677176_\u526f\u672c-150x150.webp 150w, https:\/\/mountlaser.com\/wp-content\/uploads\/2025\/11\/228c0b4c-8469-40d6-a029-3e5a5f677176_\u526f\u672c-768x768.webp 768w, https:\/\/mountlaser.com\/wp-content\/uploads\/2025\/11\/228c0b4c-8469-40d6-a029-3e5a5f677176_\u526f\u672c-12x12.webp 12w\" sizes=\"(max-width: 500px) 100vw, 500px\" \/><\/p>\n<p>Lorsque votre projet exige \u00e0 la fois une port\u00e9e extr\u00eame et une fonctionnalit\u00e9 sup\u00e9rieure, ce <a href=\"https:\/\/mountlaser.com\/fr_fr\/about-us\/\">Tige de nivellement en aluminium de haute qualit\u00e9<\/a> est le choix id\u00e9al pour obtenir des r\u00e9sultats pr\u00e9cis et efficaces.<\/p>","protected":false},"excerpt":{"rendered":"<ul>\n<li>La mire de nivellement \u00e0 double face en aluminium offre une port\u00e9e compl\u00e8te de 7 m\u00e8tres pour d\u00e9terminer les diff\u00e9rences d&#039;altitude sur de grandes distances gr\u00e2ce \u00e0 des niveaux laser et optiques.<\/li>\n<li>La conception innovante du syst\u00e8me de nivellement \u00e0 double face en aluminium permet une lecture facile sous diff\u00e9rents angles et positions, am\u00e9liorant ainsi l&#039;efficacit\u00e9 du flux de travail.<\/li>\n<\/ul>","protected":false},"featured_media":3450,"comment_status":"open","ping_status":"closed","template":"","meta":[],"product_brand":[],"product_cat":[90],"product_tag":[],"class_list":{"0":"post-3448","1":"product","2":"type-product","3":"status-publish","4":"has-post-thumbnail","6":"product_cat-leveling-staff","8":"first","9":"instock","10":"shipping-taxable","11":"product-type-simple"},"_links":{"self":[{"href":"https:\/\/mountlaser.com\/fr_fr\/wp-json\/wp\/v2\/product\/3448","targetHints":{"allow":["GET"]}}],"collection":[{"href":"https:\/\/mountlaser.com\/fr_fr\/wp-json\/wp\/v2\/product"}],"about":[{"href":"https:\/\/mountlaser.com\/fr_fr\/wp-json\/wp\/v2\/types\/product"}],"replies":[{"embeddable":true,"href":"https:\/\/mountlaser.com\/fr_fr\/wp-json\/wp\/v2\/comments?post=3448"}],"wp:featuredmedia":[{"embeddable":true,"href":"https:\/\/mountlaser.com\/fr_fr\/wp-json\/wp\/v2\/media\/3450"}],"wp:attachment":[{"href":"https:\/\/mountlaser.com\/fr_fr\/wp-json\/wp\/v2\/media?parent=3448"}],"wp:term":[{"taxonomy":"product_brand","embeddable":true,"href":"https:\/\/mountlaser.com\/fr_fr\/wp-json\/wp\/v2\/product_brand?post=3448"},{"taxonomy":"product_cat","embeddable":true,"href":"https:\/\/mountlaser.com\/fr_fr\/wp-json\/wp\/v2\/product_cat?post=3448"},{"taxonomy":"product_tag","embeddable":true,"href":"https:\/\/mountlaser.com\/fr_fr\/wp-json\/wp\/v2\/product_tag?post=3448"}],"curies":[{"name":"wp","href":"https:\/\/api.w.org\/{rel}","templated":true}]}}