{"id":3441,"date":"2025-11-05T09:00:30","date_gmt":"2025-11-05T09:00:30","guid":{"rendered":"https:\/\/mountlaser.com\/?post_type=product&#038;p=3441"},"modified":"2025-11-28T02:09:25","modified_gmt":"2025-11-28T02:09:25","slug":"5m-aluminum-leveling-staff","status":"publish","type":"product","link":"https:\/\/mountlaser.com\/fr_fr\/produit\/5m-aluminum-leveling-staff\/","title":{"rendered":"M\u00e2t de nivellement en aluminium de 5 m"},"content":{"rendered":"<p><a href=\"https:\/\/mountlaser.com\/fr_fr\/\"><strong>M\u00e2t de nivellement en aluminium de 5 m<\/strong><\/a> Con\u00e7ue pour les professionnels exigeant une grande port\u00e9e sans compromis sur la portabilit\u00e9 ni la pr\u00e9cision, cette mire t\u00e9lescopique en aluminium de 5 m est la solution id\u00e9ale pour les projets de topographie et de construction d&#039;envergure. D\u00e9ployable jusqu&#039;\u00e0 5 m\u00e8tres, elle offre la port\u00e9e n\u00e9cessaire pour des mesures d&#039;altitude compl\u00e8tes avec niveaux laser et optiques. Son design innovant en 5 sections la rend remarquablement compacte une fois repli\u00e9e, facilitant ainsi son transport et son rangement.<\/p>\n<p>Fabriqu\u00e9e en alliage d&#039;aluminium 6061 haute r\u00e9sistance avec une finition anodis\u00e9e argent, cette mire est con\u00e7ue pour r\u00e9sister \u00e0 la corrosion et \u00e0 un usage quotidien intensif. Les graduations sont r\u00e9alis\u00e9es par s\u00e9rigraphie traditionnelle suivie d&#039;un s\u00e9chage \u00e0 haute temp\u00e9rature, ce qui conf\u00e8re \u00e0 l&#039;\u00e9chelle une excellente r\u00e9sistance aux intemp\u00e9ries, \u00e0 l&#039;abrasion et \u00e0 la d\u00e9coloration. Ceci garantit la clart\u00e9 et la fiabilit\u00e9 \u00e0 long terme de cette mire t\u00e9lescopique en aluminium de 5 m. Fournie avec un sac de transport protecteur, cette mire <a href=\"https:\/\/mountlaser.com\/fr_fr\/about-us\/\"><strong>M\u00e2t d&#039;arpenteur en aluminium de 5 m\u00e8tres et 5 sections<\/strong><\/a> est un kit complet, pr\u00eat \u00e0 l&#039;emploi, pour tout chantier.<\/p>\n<p>&nbsp;<\/p>\n<p>Les tailles standard comprennent 5 m\/5 sections<\/p>\n<p>L&#039;image pr\u00e9sente diff\u00e9rents types de repr\u00e9sentations parmi lesquels choisir.<img fetchpriority=\"high\" decoding=\"async\" class=\"alignnone wp-image-3428\" src=\"https:\/\/mountlaser.com\/wp-content\/uploads\/2025\/11\/0b2093a1-9948-45d7-b293-7bf17d80b027_\u526f\u672c.webp\" alt=\"5 Meter 5-Section Aluminium Survey Staff\" width=\"500\" height=\"500\" srcset=\"https:\/\/mountlaser.com\/wp-content\/uploads\/2025\/11\/0b2093a1-9948-45d7-b293-7bf17d80b027_\u526f\u672c.webp 800w, https:\/\/mountlaser.com\/wp-content\/uploads\/2025\/11\/0b2093a1-9948-45d7-b293-7bf17d80b027_\u526f\u672c-300x300.webp 300w, https:\/\/mountlaser.com\/wp-content\/uploads\/2025\/11\/0b2093a1-9948-45d7-b293-7bf17d80b027_\u526f\u672c-400x400.webp 400w, https:\/\/mountlaser.com\/wp-content\/uploads\/2025\/11\/0b2093a1-9948-45d7-b293-7bf17d80b027_\u526f\u672c-600x600.webp 600w, https:\/\/mountlaser.com\/wp-content\/uploads\/2025\/11\/0b2093a1-9948-45d7-b293-7bf17d80b027_\u526f\u672c-150x150.webp 150w, https:\/\/mountlaser.com\/wp-content\/uploads\/2025\/11\/0b2093a1-9948-45d7-b293-7bf17d80b027_\u526f\u672c-768x768.webp 768w, https:\/\/mountlaser.com\/wp-content\/uploads\/2025\/11\/0b2093a1-9948-45d7-b293-7bf17d80b027_\u526f\u672c-12x12.webp 12w\" sizes=\"(max-width: 500px) 100vw, 500px\" \/><\/p>\n<p>&nbsp;<\/p>\n<p><img decoding=\"async\" class=\"aligncenter wp-image-3429\" src=\"https:\/\/mountlaser.com\/wp-content\/uploads\/2025\/11\/228c0b4c-8469-40d6-a029-3e5a5f677176_\u526f\u672c.webp\" alt=\"5 Meter 5-Section Aluminium Survey Staff\" width=\"500\" height=\"500\" srcset=\"https:\/\/mountlaser.com\/wp-content\/uploads\/2025\/11\/228c0b4c-8469-40d6-a029-3e5a5f677176_\u526f\u672c.webp 800w, https:\/\/mountlaser.com\/wp-content\/uploads\/2025\/11\/228c0b4c-8469-40d6-a029-3e5a5f677176_\u526f\u672c-300x300.webp 300w, https:\/\/mountlaser.com\/wp-content\/uploads\/2025\/11\/228c0b4c-8469-40d6-a029-3e5a5f677176_\u526f\u672c-400x400.webp 400w, https:\/\/mountlaser.com\/wp-content\/uploads\/2025\/11\/228c0b4c-8469-40d6-a029-3e5a5f677176_\u526f\u672c-600x600.webp 600w, https:\/\/mountlaser.com\/wp-content\/uploads\/2025\/11\/228c0b4c-8469-40d6-a029-3e5a5f677176_\u526f\u672c-150x150.webp 150w, https:\/\/mountlaser.com\/wp-content\/uploads\/2025\/11\/228c0b4c-8469-40d6-a029-3e5a5f677176_\u526f\u672c-768x768.webp 768w, https:\/\/mountlaser.com\/wp-content\/uploads\/2025\/11\/228c0b4c-8469-40d6-a029-3e5a5f677176_\u526f\u672c-12x12.webp 12w\" sizes=\"(max-width: 500px) 100vw, 500px\" \/><\/p>","protected":false},"excerpt":{"rendered":"<ul>\n<li>Cette mire d&#039;arpenteur en aluminium de 5 m\u00e8tres et 5 sections se replie en une petite unit\u00e9 maniable, ce qui la rend incroyablement facile \u00e0 transporter et \u00e0 ranger.<\/li>\n<li>Comprend un \u00e9tui de transport pratique, rendant l&#039;ensemble du syst\u00e8me de tige de nivellement t\u00e9lescopique en aluminium de 5 m portable et prot\u00e9g\u00e9 pendant le transport.<\/li>\n<\/ul>","protected":false},"featured_media":3446,"comment_status":"open","ping_status":"closed","template":"","meta":[],"product_brand":[],"product_cat":[90],"product_tag":[],"class_list":{"0":"post-3441","1":"product","2":"type-product","3":"status-publish","4":"has-post-thumbnail","6":"product_cat-leveling-staff","8":"first","9":"instock","10":"shipping-taxable","11":"product-type-simple"},"_links":{"self":[{"href":"https:\/\/mountlaser.com\/fr_fr\/wp-json\/wp\/v2\/product\/3441","targetHints":{"allow":["GET"]}}],"collection":[{"href":"https:\/\/mountlaser.com\/fr_fr\/wp-json\/wp\/v2\/product"}],"about":[{"href":"https:\/\/mountlaser.com\/fr_fr\/wp-json\/wp\/v2\/types\/product"}],"replies":[{"embeddable":true,"href":"https:\/\/mountlaser.com\/fr_fr\/wp-json\/wp\/v2\/comments?post=3441"}],"wp:featuredmedia":[{"embeddable":true,"href":"https:\/\/mountlaser.com\/fr_fr\/wp-json\/wp\/v2\/media\/3446"}],"wp:attachment":[{"href":"https:\/\/mountlaser.com\/fr_fr\/wp-json\/wp\/v2\/media?parent=3441"}],"wp:term":[{"taxonomy":"product_brand","embeddable":true,"href":"https:\/\/mountlaser.com\/fr_fr\/wp-json\/wp\/v2\/product_brand?post=3441"},{"taxonomy":"product_cat","embeddable":true,"href":"https:\/\/mountlaser.com\/fr_fr\/wp-json\/wp\/v2\/product_cat?post=3441"},{"taxonomy":"product_tag","embeddable":true,"href":"https:\/\/mountlaser.com\/fr_fr\/wp-json\/wp\/v2\/product_tag?post=3441"}],"curies":[{"name":"wp","href":"https:\/\/api.w.org\/{rel}","templated":true}]}}