{"id":3435,"date":"2025-11-05T08:52:36","date_gmt":"2025-11-05T08:52:36","guid":{"rendered":"https:\/\/mountlaser.com\/?post_type=product&#038;p=3435"},"modified":"2025-11-28T02:15:49","modified_gmt":"2025-11-28T02:15:49","slug":"4m-aluminum-leveling-staff","status":"publish","type":"product","link":"https:\/\/mountlaser.com\/fr_fr\/produit\/4m-aluminum-leveling-staff\/","title":{"rendered":"M\u00e2t de nivellement en aluminium de 4 m"},"content":{"rendered":"<p><a href=\"https:\/\/mountlaser.com\/fr_fr\/\"><strong>M\u00e2t de nivellement en aluminium de 4 m<\/strong><\/a> Il s&#039;agit d&#039;un outil professionnel con\u00e7u pour une pr\u00e9cision et une efficacit\u00e9 optimales sur les chantiers. \u00c9galement connu sous le nom de mire de nivellement en aluminium de 4 m, ce produit est con\u00e7u pour r\u00e9pondre aux exigences rigoureuses des g\u00e9om\u00e8tres et des professionnels de la construction.<\/p>\n<p>Robuste et t\u00e9lescopique, cette mire de nivellement s&#039;\u00e9tend jusqu&#039;\u00e0 une longueur de 4 m\u00e8tres, offrant la port\u00e9e n\u00e9cessaire pour une large gamme de t\u00e2ches de mesure avec des niveaux laser et optiques.<\/p>\n<p>&nbsp;<\/p>\n<p>Fabriqu\u00e9e en alliage d&#039;aluminium 6061 haute r\u00e9sistance avec une finition anodis\u00e9e argent protectrice, cette canne d&#039;arpenteur en aluminium est con\u00e7ue pour une durabilit\u00e9 et une long\u00e9vit\u00e9 accrues. Elle r\u00e9siste efficacement \u00e0 la corrosion et aux conditions ext\u00e9rieures difficiles. L&#039;\u00e9chelle gradu\u00e9e est appliqu\u00e9e par s\u00e9rigraphie traditionnelle et s\u00e9chage \u00e0 haute temp\u00e9rature, garantissant une adh\u00e9rence sup\u00e9rieure et une r\u00e9sistance aux intemp\u00e9ries et \u00e0 l&#039;abrasion. <a href=\"https:\/\/mountlaser.com\/fr_fr\/products\/\"><strong>tige de nivellement t\u00e9lescopique<\/strong><\/a> Facile \u00e0 lire et durable, m\u00eame en cas d&#039;utilisation intensive. Le sac de transport inclus facilite le transport et le rangement de cette mire d&#039;arpenteur portable en aluminium, offrant ainsi une solution compl\u00e8te pour tout professionnel.<\/p>\n<p>Les tailles standard comprennent <a href=\"https:\/\/mountlaser.com\/fr_fr\/contact-us\/\">4 m\/4 sections<\/a><\/p>\n<p><img fetchpriority=\"high\" decoding=\"async\" class=\"wp-image-3428 aligncenter\" src=\"https:\/\/mountlaser.com\/wp-content\/uploads\/2025\/11\/0b2093a1-9948-45d7-b293-7bf17d80b027_\u526f\u672c.webp\" alt=\"Telescopic Leveling Rod\" width=\"500\" height=\"500\" srcset=\"https:\/\/mountlaser.com\/wp-content\/uploads\/2025\/11\/0b2093a1-9948-45d7-b293-7bf17d80b027_\u526f\u672c.webp 800w, https:\/\/mountlaser.com\/wp-content\/uploads\/2025\/11\/0b2093a1-9948-45d7-b293-7bf17d80b027_\u526f\u672c-300x300.webp 300w, https:\/\/mountlaser.com\/wp-content\/uploads\/2025\/11\/0b2093a1-9948-45d7-b293-7bf17d80b027_\u526f\u672c-400x400.webp 400w, https:\/\/mountlaser.com\/wp-content\/uploads\/2025\/11\/0b2093a1-9948-45d7-b293-7bf17d80b027_\u526f\u672c-600x600.webp 600w, https:\/\/mountlaser.com\/wp-content\/uploads\/2025\/11\/0b2093a1-9948-45d7-b293-7bf17d80b027_\u526f\u672c-150x150.webp 150w, https:\/\/mountlaser.com\/wp-content\/uploads\/2025\/11\/0b2093a1-9948-45d7-b293-7bf17d80b027_\u526f\u672c-768x768.webp 768w, https:\/\/mountlaser.com\/wp-content\/uploads\/2025\/11\/0b2093a1-9948-45d7-b293-7bf17d80b027_\u526f\u672c-12x12.webp 12w\" sizes=\"(max-width: 500px) 100vw, 500px\" \/><\/p>\n<p>L&#039;image pr\u00e9sente diff\u00e9rents types de repr\u00e9sentations parmi lesquels choisir.<\/p>\n<p><img decoding=\"async\" class=\"aligncenter wp-image-3429\" src=\"https:\/\/mountlaser.com\/wp-content\/uploads\/2025\/11\/228c0b4c-8469-40d6-a029-3e5a5f677176_\u526f\u672c.webp\" alt=\"Telescopic Leveling Rod\" width=\"500\" height=\"500\" srcset=\"https:\/\/mountlaser.com\/wp-content\/uploads\/2025\/11\/228c0b4c-8469-40d6-a029-3e5a5f677176_\u526f\u672c.webp 800w, https:\/\/mountlaser.com\/wp-content\/uploads\/2025\/11\/228c0b4c-8469-40d6-a029-3e5a5f677176_\u526f\u672c-300x300.webp 300w, https:\/\/mountlaser.com\/wp-content\/uploads\/2025\/11\/228c0b4c-8469-40d6-a029-3e5a5f677176_\u526f\u672c-400x400.webp 400w, https:\/\/mountlaser.com\/wp-content\/uploads\/2025\/11\/228c0b4c-8469-40d6-a029-3e5a5f677176_\u526f\u672c-600x600.webp 600w, https:\/\/mountlaser.com\/wp-content\/uploads\/2025\/11\/228c0b4c-8469-40d6-a029-3e5a5f677176_\u526f\u672c-150x150.webp 150w, https:\/\/mountlaser.com\/wp-content\/uploads\/2025\/11\/228c0b4c-8469-40d6-a029-3e5a5f677176_\u526f\u672c-768x768.webp 768w, https:\/\/mountlaser.com\/wp-content\/uploads\/2025\/11\/228c0b4c-8469-40d6-a029-3e5a5f677176_\u526f\u672c-12x12.webp 12w\" sizes=\"(max-width: 500px) 100vw, 500px\" \/><\/p>","protected":false},"excerpt":{"rendered":"<ul>\n<li>Sert de mire t\u00e9lescopique de 4 m\u00e8tres pour d\u00e9terminer avec pr\u00e9cision les diff\u00e9rences d&#039;\u00e9l\u00e9vation et les hauteurs \u00e0 l&#039;aide de divers instruments de nivellement.<\/li>\n<li>Comporte une \u00e9chelle tr\u00e8s lisible, r\u00e9sistante aux intemp\u00e9ries et \u00e0 la corrosion, s\u00e9rigraphi\u00e9e et s\u00e9ch\u00e9e \u00e0 chaud pour une durabilit\u00e9 et une clart\u00e9 maximales.<\/li>\n<\/ul>","protected":false},"featured_media":3439,"comment_status":"open","ping_status":"closed","template":"","meta":[],"product_brand":[],"product_cat":[90],"product_tag":[],"class_list":{"0":"post-3435","1":"product","2":"type-product","3":"status-publish","4":"has-post-thumbnail","6":"product_cat-leveling-staff","8":"first","9":"instock","10":"shipping-taxable","11":"product-type-simple"},"_links":{"self":[{"href":"https:\/\/mountlaser.com\/fr_fr\/wp-json\/wp\/v2\/product\/3435","targetHints":{"allow":["GET"]}}],"collection":[{"href":"https:\/\/mountlaser.com\/fr_fr\/wp-json\/wp\/v2\/product"}],"about":[{"href":"https:\/\/mountlaser.com\/fr_fr\/wp-json\/wp\/v2\/types\/product"}],"replies":[{"embeddable":true,"href":"https:\/\/mountlaser.com\/fr_fr\/wp-json\/wp\/v2\/comments?post=3435"}],"wp:featuredmedia":[{"embeddable":true,"href":"https:\/\/mountlaser.com\/fr_fr\/wp-json\/wp\/v2\/media\/3439"}],"wp:attachment":[{"href":"https:\/\/mountlaser.com\/fr_fr\/wp-json\/wp\/v2\/media?parent=3435"}],"wp:term":[{"taxonomy":"product_brand","embeddable":true,"href":"https:\/\/mountlaser.com\/fr_fr\/wp-json\/wp\/v2\/product_brand?post=3435"},{"taxonomy":"product_cat","embeddable":true,"href":"https:\/\/mountlaser.com\/fr_fr\/wp-json\/wp\/v2\/product_cat?post=3435"},{"taxonomy":"product_tag","embeddable":true,"href":"https:\/\/mountlaser.com\/fr_fr\/wp-json\/wp\/v2\/product_tag?post=3435"}],"curies":[{"name":"wp","href":"https:\/\/api.w.org\/{rel}","templated":true}]}}