{"id":3427,"date":"2025-11-05T08:38:37","date_gmt":"2025-11-05T08:38:37","guid":{"rendered":"https:\/\/mountlaser.com\/?post_type=product&#038;p=3427"},"modified":"2025-11-28T02:22:32","modified_gmt":"2025-11-28T02:22:32","slug":"3m-aluminum-leveling-staff","status":"publish","type":"product","link":"https:\/\/mountlaser.com\/fr_fr\/produit\/3m-aluminum-leveling-staff\/","title":{"rendered":"M\u00e8tre en aluminium 3M"},"content":{"rendered":"<p>Le Mont Laser <a href=\"https:\/\/mountlaser.com\/fr_fr\/\u3001\/\"><strong>M\u00e8tre en aluminium 3M<\/strong> <\/a>La mire t\u00e9lescopique (\u00e9galement appel\u00e9e nivellement) est un instrument de nivellement de haute pr\u00e9cision con\u00e7u pour les applications professionnelles de topographie et de construction. Fabriqu\u00e9e en alliage d&#039;aluminium 6061 haute r\u00e9sistance avec une finition anodis\u00e9e argent, elle offre un rapport r\u00e9sistance\/poids exceptionnel, ce qui la rend \u00e0 la fois l\u00e9g\u00e8re et extr\u00eamement durable. Elle est disponible en deux \u00e9paisseurs\u00a0: 1,0\u00a0mm et 0,8\u00a0mm, afin de r\u00e9pondre aux exigences sp\u00e9cifiques de chaque application.<\/p>\n<p>Ce <a href=\"https:\/\/mountlaser.com\/fr_fr\/about-us\/\"><strong>Personnel de topographie de pr\u00e9cision<\/strong><\/a> Dot\u00e9 d&#039;une \u00e9chelle claire et permanente, imprim\u00e9e par s\u00e9rigraphie traditionnelle et s\u00e9ch\u00e9e \u00e0 haute temp\u00e9rature, ce nivellement offre une excellente r\u00e9sistance aux intemp\u00e9ries, \u00e0 la corrosion et \u00e0 l&#039;abrasion. L&#039;\u00e9chelle au dos permet une lecture ais\u00e9e de la hauteur totale. D&#039;une longueur maximale de 3 m\u00e8tres, il est id\u00e9al pour une utilisation avec des niveaux laser et optiques. Ce nivellement t\u00e9lescopique polyvalent et r\u00e9glable est fourni avec un sac de transport pour une portabilit\u00e9 optimale, ce qui en fait un outil fiable et facile \u00e0 utiliser pour de nombreux besoins de mesure.<\/p>\n<p>&nbsp;<\/p>\n<p>Les tailles standard comprennent 3 m \/ 3 sections.<img fetchpriority=\"high\" decoding=\"async\" class=\"aligncenter wp-image-3428\" src=\"https:\/\/mountlaser.com\/wp-content\/uploads\/2025\/11\/0b2093a1-9948-45d7-b293-7bf17d80b027_\u526f\u672c.webp\" alt=\"Telescopic Leveling Staff\" width=\"500\" height=\"500\" srcset=\"https:\/\/mountlaser.com\/wp-content\/uploads\/2025\/11\/0b2093a1-9948-45d7-b293-7bf17d80b027_\u526f\u672c.webp 800w, https:\/\/mountlaser.com\/wp-content\/uploads\/2025\/11\/0b2093a1-9948-45d7-b293-7bf17d80b027_\u526f\u672c-300x300.webp 300w, https:\/\/mountlaser.com\/wp-content\/uploads\/2025\/11\/0b2093a1-9948-45d7-b293-7bf17d80b027_\u526f\u672c-400x400.webp 400w, https:\/\/mountlaser.com\/wp-content\/uploads\/2025\/11\/0b2093a1-9948-45d7-b293-7bf17d80b027_\u526f\u672c-600x600.webp 600w, https:\/\/mountlaser.com\/wp-content\/uploads\/2025\/11\/0b2093a1-9948-45d7-b293-7bf17d80b027_\u526f\u672c-150x150.webp 150w, https:\/\/mountlaser.com\/wp-content\/uploads\/2025\/11\/0b2093a1-9948-45d7-b293-7bf17d80b027_\u526f\u672c-768x768.webp 768w, https:\/\/mountlaser.com\/wp-content\/uploads\/2025\/11\/0b2093a1-9948-45d7-b293-7bf17d80b027_\u526f\u672c-12x12.webp 12w\" sizes=\"(max-width: 500px) 100vw, 500px\" \/><\/p>\n<p>L&#039;image pr\u00e9sente diff\u00e9rents types de repr\u00e9sentations parmi lesquels choisir.<\/p>\n<p><img decoding=\"async\" class=\"aligncenter wp-image-3429\" src=\"https:\/\/mountlaser.com\/wp-content\/uploads\/2025\/11\/228c0b4c-8469-40d6-a029-3e5a5f677176_\u526f\u672c.webp\" alt=\"Telescopic Leveling Staff\" width=\"500\" height=\"500\" srcset=\"https:\/\/mountlaser.com\/wp-content\/uploads\/2025\/11\/228c0b4c-8469-40d6-a029-3e5a5f677176_\u526f\u672c.webp 800w, https:\/\/mountlaser.com\/wp-content\/uploads\/2025\/11\/228c0b4c-8469-40d6-a029-3e5a5f677176_\u526f\u672c-300x300.webp 300w, https:\/\/mountlaser.com\/wp-content\/uploads\/2025\/11\/228c0b4c-8469-40d6-a029-3e5a5f677176_\u526f\u672c-400x400.webp 400w, https:\/\/mountlaser.com\/wp-content\/uploads\/2025\/11\/228c0b4c-8469-40d6-a029-3e5a5f677176_\u526f\u672c-600x600.webp 600w, https:\/\/mountlaser.com\/wp-content\/uploads\/2025\/11\/228c0b4c-8469-40d6-a029-3e5a5f677176_\u526f\u672c-150x150.webp 150w, https:\/\/mountlaser.com\/wp-content\/uploads\/2025\/11\/228c0b4c-8469-40d6-a029-3e5a5f677176_\u526f\u672c-768x768.webp 768w, https:\/\/mountlaser.com\/wp-content\/uploads\/2025\/11\/228c0b4c-8469-40d6-a029-3e5a5f677176_\u526f\u672c-12x12.webp 12w\" sizes=\"(max-width: 500px) 100vw, 500px\" \/><\/p>","protected":false},"excerpt":{"rendered":"<ul>\n<li>Sert de mire t\u00e9lescopique de 3 m\u00e8tres pour d\u00e9terminer les diff\u00e9rences d&#039;\u00e9l\u00e9vation et les hauteurs \u00e0 l&#039;aide de niveaux optiques ou laser.<\/li>\n<li>L&#039;\u00e9chelle situ\u00e9e au dos permet une lecture pratique de la taille globale, facilitant ainsi la collecte de donn\u00e9es pr\u00e9cises.<\/li>\n<li>Livr\u00e9 avec un sac de transport pratique, ce qui facilite le transport et le rangement de l&#039;ensemble du mat\u00e9riel d&#039;arpentage de pr\u00e9cision.<\/li>\n<\/ul>","protected":false},"featured_media":3431,"comment_status":"open","ping_status":"closed","template":"","meta":[],"product_brand":[],"product_cat":[90],"product_tag":[],"class_list":{"0":"post-3427","1":"product","2":"type-product","3":"status-publish","4":"has-post-thumbnail","6":"product_cat-leveling-staff","8":"first","9":"instock","10":"shipping-taxable","11":"product-type-simple"},"_links":{"self":[{"href":"https:\/\/mountlaser.com\/fr_fr\/wp-json\/wp\/v2\/product\/3427","targetHints":{"allow":["GET"]}}],"collection":[{"href":"https:\/\/mountlaser.com\/fr_fr\/wp-json\/wp\/v2\/product"}],"about":[{"href":"https:\/\/mountlaser.com\/fr_fr\/wp-json\/wp\/v2\/types\/product"}],"replies":[{"embeddable":true,"href":"https:\/\/mountlaser.com\/fr_fr\/wp-json\/wp\/v2\/comments?post=3427"}],"wp:featuredmedia":[{"embeddable":true,"href":"https:\/\/mountlaser.com\/fr_fr\/wp-json\/wp\/v2\/media\/3431"}],"wp:attachment":[{"href":"https:\/\/mountlaser.com\/fr_fr\/wp-json\/wp\/v2\/media?parent=3427"}],"wp:term":[{"taxonomy":"product_brand","embeddable":true,"href":"https:\/\/mountlaser.com\/fr_fr\/wp-json\/wp\/v2\/product_brand?post=3427"},{"taxonomy":"product_cat","embeddable":true,"href":"https:\/\/mountlaser.com\/fr_fr\/wp-json\/wp\/v2\/product_cat?post=3427"},{"taxonomy":"product_tag","embeddable":true,"href":"https:\/\/mountlaser.com\/fr_fr\/wp-json\/wp\/v2\/product_tag?post=3427"}],"curies":[{"name":"wp","href":"https:\/\/api.w.org\/{rel}","templated":true}]}}