{"id":3417,"date":"2025-11-05T08:41:37","date_gmt":"2025-11-05T08:41:37","guid":{"rendered":"https:\/\/mountlaser.com\/?post_type=product&#038;p=3417"},"modified":"2025-11-28T02:17:17","modified_gmt":"2025-11-28T02:17:17","slug":"trm02-tr-large-monitoring-prism","status":"publish","type":"product","link":"https:\/\/mountlaser.com\/fr_fr\/produit\/trm02-tr-large-monitoring-prism\/","title":{"rendered":"Prisme de surveillance TRM02 TR de grande taille"},"content":{"rendered":"<p>Le <a href=\"https:\/\/mountlaser.com\/fr_fr\/\"><strong>Prisme de surveillance TRM02 TR de grande taille<\/strong><\/a> Con\u00e7u pour une pr\u00e9cision et une stabilit\u00e9 \u00e0 longue port\u00e9e dans les applications professionnelles de topographie et de surveillance g\u00e9otechnique, ce prisme de surveillance topographique Trimble offre des performances exceptionnelles. Sa construction robuste, sa r\u00e9sistance aux intemp\u00e9ries et sa facilit\u00e9 d&#039;installation garantissent des r\u00e9sultats constants, m\u00eame dans les environnements les plus difficiles.<\/p>\n<p>Ce <a href=\"https:\/\/mountlaser.com\/fr_fr\/products\/\"><strong>Grand prisme de surveillance<\/strong><\/a> Ce dispositif est dot\u00e9 d&#039;un prisme argent\u00e9 de 62 mm, optimis\u00e9 pour une surveillance de haute pr\u00e9cision et \u00e0 longue distance. Il offre un d\u00e9calage absolu de -40 mm avec une pr\u00e9cision de \u00b12 mm et un syst\u00e8me de pivotement \u00e0 deux axes pour un r\u00e9glage fin et un alignement stable. Son capot de protection contre la pluie pr\u00e9serve le prisme de la poussi\u00e8re, de la neige et de l&#039;humidit\u00e9, garantissant ainsi des mesures fiables m\u00eame dans des conditions de terrain difficiles.<\/p>\n<p><img fetchpriority=\"high\" decoding=\"async\" class=\"aligncenter wp-image-3418\" src=\"https:\/\/mountlaser.com\/wp-content\/uploads\/2025\/11\/5-7TRM021.webp\" alt=\"TRM02 Large Monitoring Prism\" width=\"500\" height=\"500\" srcset=\"https:\/\/mountlaser.com\/wp-content\/uploads\/2025\/11\/5-7TRM021.webp 1000w, https:\/\/mountlaser.com\/wp-content\/uploads\/2025\/11\/5-7TRM021-300x300.webp 300w, https:\/\/mountlaser.com\/wp-content\/uploads\/2025\/11\/5-7TRM021-400x400.webp 400w, https:\/\/mountlaser.com\/wp-content\/uploads\/2025\/11\/5-7TRM021-800x800.webp 800w, https:\/\/mountlaser.com\/wp-content\/uploads\/2025\/11\/5-7TRM021-600x600.webp 600w, https:\/\/mountlaser.com\/wp-content\/uploads\/2025\/11\/5-7TRM021-150x150.webp 150w, https:\/\/mountlaser.com\/wp-content\/uploads\/2025\/11\/5-7TRM021-768x768.webp 768w, https:\/\/mountlaser.com\/wp-content\/uploads\/2025\/11\/5-7TRM021-12x12.webp 12w\" sizes=\"(max-width: 500px) 100vw, 500px\" \/><\/p>\n<p>Construit avec une base robuste en forme de L mesurant 2,3\u2033 \u00d7 3,4\u2033, le <a href=\"https:\/\/mountlaser.com\/fr_fr\/contact-us\/\">Prisme de surveillance TRM02 TR de grande taille<\/a> Ce syst\u00e8me assure une installation s\u00e9curis\u00e9e gr\u00e2ce \u00e0 ses cinq trous de fixation, garantissant une stabilit\u00e9 maximale. Compatible avec tous les bo\u00eetiers prismatiques \u00e0 visser M20, il est con\u00e7u pour s&#039;int\u00e9grer parfaitement aux syst\u00e8mes Trimble et autres syst\u00e8mes de surveillance professionnels. L\u00e9ger et robuste, il est id\u00e9al pour les projets d&#039;observation structurale \u00e0 long terme, d&#039;exploitation mini\u00e8re et de surveillance des d\u00e9formations.<\/p>","protected":false},"excerpt":{"rendered":"<p>\u2022 Pour une surveillance \u00e0 longue port\u00e9e et de haute pr\u00e9cision<br \/>\n\u2022 Un pivot \u00e0 double axe et des verrous en acier inoxydable assurent un alignement stable<br \/>\n\u2022 La capuche de protection contre la pluie maintient la pr\u00e9cision m\u00eame par mauvais temps.<br \/>\n\u2022 Base robuste en L avec plusieurs trous de fixation<br \/>\n\u2022 L\u00e9ger et durable \u2013 id\u00e9al pour la surveillance et l&#039;exploitation mini\u00e8re<br \/>\n\u2022 Disponible en versions de pr\u00e9cision 2\u2033 ou 3\u20134\u2033<\/p>","protected":false},"featured_media":3422,"comment_status":"open","ping_status":"closed","template":"","meta":[],"product_brand":[],"product_cat":[72,112],"product_tag":[],"class_list":{"0":"post-3417","1":"product","2":"type-product","3":"status-publish","4":"has-post-thumbnail","6":"product_cat-reflective-target-prism","7":"product_cat-monitoring-prism","9":"first","10":"instock","11":"shipping-taxable","12":"product-type-simple"},"_links":{"self":[{"href":"https:\/\/mountlaser.com\/fr_fr\/wp-json\/wp\/v2\/product\/3417","targetHints":{"allow":["GET"]}}],"collection":[{"href":"https:\/\/mountlaser.com\/fr_fr\/wp-json\/wp\/v2\/product"}],"about":[{"href":"https:\/\/mountlaser.com\/fr_fr\/wp-json\/wp\/v2\/types\/product"}],"replies":[{"embeddable":true,"href":"https:\/\/mountlaser.com\/fr_fr\/wp-json\/wp\/v2\/comments?post=3417"}],"wp:featuredmedia":[{"embeddable":true,"href":"https:\/\/mountlaser.com\/fr_fr\/wp-json\/wp\/v2\/media\/3422"}],"wp:attachment":[{"href":"https:\/\/mountlaser.com\/fr_fr\/wp-json\/wp\/v2\/media?parent=3417"}],"wp:term":[{"taxonomy":"product_brand","embeddable":true,"href":"https:\/\/mountlaser.com\/fr_fr\/wp-json\/wp\/v2\/product_brand?post=3417"},{"taxonomy":"product_cat","embeddable":true,"href":"https:\/\/mountlaser.com\/fr_fr\/wp-json\/wp\/v2\/product_cat?post=3417"},{"taxonomy":"product_tag","embeddable":true,"href":"https:\/\/mountlaser.com\/fr_fr\/wp-json\/wp\/v2\/product_tag?post=3417"}],"curies":[{"name":"wp","href":"https:\/\/api.w.org\/{rel}","templated":true}]}}