{"id":3408,"date":"2025-11-05T07:50:42","date_gmt":"2025-11-05T07:50:42","guid":{"rendered":"https:\/\/mountlaser.com\/?post_type=product&#038;p=3408"},"modified":"2025-11-28T02:25:47","modified_gmt":"2025-11-28T02:25:47","slug":"gpr112s-monitoring-prism-set","status":"publish","type":"product","link":"https:\/\/mountlaser.com\/fr_fr\/produit\/gpr112s-monitoring-prism-set\/","title":{"rendered":"Ensemble de prismes de surveillance GPR112S"},"content":{"rendered":"<p>Le <a href=\"https:\/\/mountlaser.com\/fr_fr\/\"><strong>Ensemble de prismes de surveillance GPR112S<\/strong><\/a> Con\u00e7u pour une pr\u00e9cision et une fiabilit\u00e9 optimales lors de la surveillance structurelle et g\u00e9otechnique \u00e0 long terme, le kit de prismes de surveillance GPR112S est pens\u00e9 pour fonctionner dans les conditions de terrain les plus exigeantes. Offrant une pr\u00e9cision, une durabilit\u00e9 et une stabilit\u00e9 exceptionnelles, il constitue un outil indispensable pour les g\u00e9om\u00e8tres et les sp\u00e9cialistes de la surveillance.<\/p>\n<p>Ce <a href=\"https:\/\/mountlaser.com\/fr_fr\/products\/\"><strong>Ensemble de prismes de surveillance<\/strong><\/a> Ce dispositif comprend un prisme argent\u00e9 de 62 mm offrant une r\u00e9flectivit\u00e9 exceptionnelle et une port\u00e9e de mesure remarquable. Disponible avec une pr\u00e9cision angulaire de 2\u2033 ou de 3 \u00e0 4\u2033, il s\u2019adapte \u00e0 divers besoins de surveillance. Le kit complet inclut un syst\u00e8me de montage et une protection contre les intemp\u00e9ries, garantissant un fonctionnement optimal m\u00eame sous la pluie, la neige ou en pr\u00e9sence de poussi\u00e8re.<\/p>\n<p><img fetchpriority=\"high\" decoding=\"async\" class=\"aligncenter wp-image-3410\" src=\"https:\/\/mountlaser.com\/wp-content\/uploads\/2025\/11\/5-8GRPR112S2.webp\" alt=\"GPR112S Monitoring Prism Set\" width=\"500\" height=\"500\" srcset=\"https:\/\/mountlaser.com\/wp-content\/uploads\/2025\/11\/5-8GRPR112S2.webp 1000w, https:\/\/mountlaser.com\/wp-content\/uploads\/2025\/11\/5-8GRPR112S2-300x300.webp 300w, https:\/\/mountlaser.com\/wp-content\/uploads\/2025\/11\/5-8GRPR112S2-400x400.webp 400w, https:\/\/mountlaser.com\/wp-content\/uploads\/2025\/11\/5-8GRPR112S2-800x800.webp 800w, https:\/\/mountlaser.com\/wp-content\/uploads\/2025\/11\/5-8GRPR112S2-600x600.webp 600w, https:\/\/mountlaser.com\/wp-content\/uploads\/2025\/11\/5-8GRPR112S2-150x150.webp 150w, https:\/\/mountlaser.com\/wp-content\/uploads\/2025\/11\/5-8GRPR112S2-768x768.webp 768w, https:\/\/mountlaser.com\/wp-content\/uploads\/2025\/11\/5-8GRPR112S2-12x12.webp 12w\" sizes=\"(max-width: 500px) 100vw, 500px\" \/><\/p>\n<p>Le <a href=\"https:\/\/mountlaser.com\/fr_fr\/contact-us\/\">Ensemble de prismes de surveillance GPR112S<\/a> Compatible avec les filetages M8 et 5\/8\u2033, cet appareil offre une installation simple et s\u00e9curis\u00e9e sur diff\u00e9rentes surfaces. Son syst\u00e8me de r\u00e9glage \u00e0 deux axes permet un alignement pr\u00e9cis du prisme pour une pr\u00e9cision de ciblage optimale. Fabriqu\u00e9 avec des mat\u00e9riaux robustes et une conception r\u00e9sistante aux intemp\u00e9ries, il garantit une qualit\u00e9 de mesure constante et une stabilit\u00e9 \u00e0 long terme en ext\u00e9rieur.<\/p>","protected":false},"excerpt":{"rendered":"<p>\u2022 Pour des mesures de haute pr\u00e9cision et \u00e0 longue port\u00e9e<br \/>\n\u2022 Conception r\u00e9glable sur deux axes pour un alignement pr\u00e9cis et une stabilit\u00e9 optimale<br \/>\n\u2022 La capuche r\u00e9sistante aux intemp\u00e9ries prot\u00e8ge contre la pluie, la neige et la poussi\u00e8re<br \/>\n\u2022 Constantes du prisme : -34,4 mm (absolue), +0,0 mm (suisse)<br \/>\n\u2022 Ensemble complet avec kit de montage et protection contre les intemp\u00e9ries<\/p>","protected":false},"featured_media":3409,"comment_status":"open","ping_status":"closed","template":"","meta":[],"product_brand":[],"product_cat":[72,112],"product_tag":[],"class_list":{"0":"post-3408","1":"product","2":"type-product","3":"status-publish","4":"has-post-thumbnail","6":"product_cat-reflective-target-prism","7":"product_cat-monitoring-prism","9":"first","10":"instock","11":"shipping-taxable","12":"product-type-simple"},"_links":{"self":[{"href":"https:\/\/mountlaser.com\/fr_fr\/wp-json\/wp\/v2\/product\/3408","targetHints":{"allow":["GET"]}}],"collection":[{"href":"https:\/\/mountlaser.com\/fr_fr\/wp-json\/wp\/v2\/product"}],"about":[{"href":"https:\/\/mountlaser.com\/fr_fr\/wp-json\/wp\/v2\/types\/product"}],"replies":[{"embeddable":true,"href":"https:\/\/mountlaser.com\/fr_fr\/wp-json\/wp\/v2\/comments?post=3408"}],"wp:featuredmedia":[{"embeddable":true,"href":"https:\/\/mountlaser.com\/fr_fr\/wp-json\/wp\/v2\/media\/3409"}],"wp:attachment":[{"href":"https:\/\/mountlaser.com\/fr_fr\/wp-json\/wp\/v2\/media?parent=3408"}],"wp:term":[{"taxonomy":"product_brand","embeddable":true,"href":"https:\/\/mountlaser.com\/fr_fr\/wp-json\/wp\/v2\/product_brand?post=3408"},{"taxonomy":"product_cat","embeddable":true,"href":"https:\/\/mountlaser.com\/fr_fr\/wp-json\/wp\/v2\/product_cat?post=3408"},{"taxonomy":"product_tag","embeddable":true,"href":"https:\/\/mountlaser.com\/fr_fr\/wp-json\/wp\/v2\/product_tag?post=3408"}],"curies":[{"name":"wp","href":"https:\/\/api.w.org\/{rel}","templated":true}]}}