{"id":3393,"date":"2025-11-05T05:03:25","date_gmt":"2025-11-05T05:03:25","guid":{"rendered":"https:\/\/mountlaser.com\/?post_type=product&#038;p=3393"},"modified":"2025-11-28T02:33:41","modified_gmt":"2025-11-28T02:33:41","slug":"mp091-mini-prism","status":"publish","type":"product","link":"https:\/\/mountlaser.com\/fr_fr\/produit\/mp091-mini-prism\/","title":{"rendered":"Mini-prisme MP091"},"content":{"rendered":"<p>Le <a href=\"https:\/\/mountlaser.com\/fr_fr\/\"><strong>Mini prisme MP091<\/strong><\/a> est un <a href=\"https:\/\/mountlaser.com\/fr_fr\/about-us\/\"><strong>mini prisme rotatif et inclinable<\/strong><\/a> Con\u00e7u pour la surveillance de haute pr\u00e9cision des sols et des structures en environnements difficiles, le mini-prisme MP091 est id\u00e9al pour l&#039;analyse g\u00e9otechnique et des d\u00e9formations \u00e0 long terme. Il offre une stabilit\u00e9, une flexibilit\u00e9 et une r\u00e9sistance aux intemp\u00e9ries exceptionnelles.<\/p>\n<p>Ce syst\u00e8me de mini-prisme rotatif et inclinable offre des angles de r\u00e9flexion pr\u00e9cis pour les mesures par station totale, garantissant une collecte de donn\u00e9es fiable m\u00eame sur des terrains complexes ou dans des espaces restreints. Dot\u00e9 d&#039;un bo\u00eetier robuste en aluminium et d&#039;une protection int\u00e9gr\u00e9e contre la neige et la pluie, le mini-prisme MP091 assure des performances optimales, m\u00eame dans des conditions ext\u00e9rieures difficiles.<\/p>\n<p><img fetchpriority=\"high\" decoding=\"async\" class=\"aligncenter wp-image-3395\" src=\"https:\/\/mountlaser.com\/wp-content\/uploads\/2025\/11\/2-4MP0912.webp\" alt=\"MP091 mini prism\" width=\"500\" height=\"500\" srcset=\"https:\/\/mountlaser.com\/wp-content\/uploads\/2025\/11\/2-4MP0912.webp 1000w, https:\/\/mountlaser.com\/wp-content\/uploads\/2025\/11\/2-4MP0912-300x300.webp 300w, https:\/\/mountlaser.com\/wp-content\/uploads\/2025\/11\/2-4MP0912-400x400.webp 400w, https:\/\/mountlaser.com\/wp-content\/uploads\/2025\/11\/2-4MP0912-800x800.webp 800w, https:\/\/mountlaser.com\/wp-content\/uploads\/2025\/11\/2-4MP0912-600x600.webp 600w, https:\/\/mountlaser.com\/wp-content\/uploads\/2025\/11\/2-4MP0912-150x150.webp 150w, https:\/\/mountlaser.com\/wp-content\/uploads\/2025\/11\/2-4MP0912-768x768.webp 768w, https:\/\/mountlaser.com\/wp-content\/uploads\/2025\/11\/2-4MP0912-12x12.webp 12w\" sizes=\"(max-width: 500px) 100vw, 500px\" \/><\/p>\n<p>Disponible en<a href=\"https:\/\/mountlaser.com\/fr_fr\/products\/\"> deux configurations<\/a> \u2014 MP091A (\u00d8 25,4 mm) et MP091B (\u00d8 35,0 mm) \u2014 ce mod\u00e8le offre des options de pr\u00e9cision de 2\u2033 ou 3\u20134\u2033 pour r\u00e9pondre \u00e0 diff\u00e9rents besoins de surveillance. Chaque prisme est recouvert d\u2019argent pour une r\u00e9flectivit\u00e9 accrue et une stabilit\u00e9 optique \u00e0 long terme.<\/p>","protected":false},"excerpt":{"rendered":"<p>\u2022 Prisme rotatif et inclinable pour un alignement polyvalent<br \/>\n\u2022 Bo\u00eetier robuste en aluminium avec protection int\u00e9gr\u00e9e contre la neige et la pluie<br \/>\n\u2022 Dimensions de la plaque de base : 40 \u00d7 40 mm<br \/>\n\u2022 Diam\u00e8tre du trou de fixation\u00a0: \u00d83 mm pour une fixation s\u00e9curis\u00e9e<br \/>\n\u2022 Rev\u00eatement argent\u00e9 pour une r\u00e9flectivit\u00e9 et une pr\u00e9cision \u00e0 long terme<\/p>","protected":false},"featured_media":3395,"comment_status":"open","ping_status":"closed","template":"","meta":[],"product_brand":[],"product_cat":[72,112],"product_tag":[],"class_list":{"0":"post-3393","1":"product","2":"type-product","3":"status-publish","4":"has-post-thumbnail","6":"product_cat-reflective-target-prism","7":"product_cat-monitoring-prism","9":"first","10":"instock","11":"shipping-taxable","12":"product-type-simple"},"_links":{"self":[{"href":"https:\/\/mountlaser.com\/fr_fr\/wp-json\/wp\/v2\/product\/3393","targetHints":{"allow":["GET"]}}],"collection":[{"href":"https:\/\/mountlaser.com\/fr_fr\/wp-json\/wp\/v2\/product"}],"about":[{"href":"https:\/\/mountlaser.com\/fr_fr\/wp-json\/wp\/v2\/types\/product"}],"replies":[{"embeddable":true,"href":"https:\/\/mountlaser.com\/fr_fr\/wp-json\/wp\/v2\/comments?post=3393"}],"wp:featuredmedia":[{"embeddable":true,"href":"https:\/\/mountlaser.com\/fr_fr\/wp-json\/wp\/v2\/media\/3395"}],"wp:attachment":[{"href":"https:\/\/mountlaser.com\/fr_fr\/wp-json\/wp\/v2\/media?parent=3393"}],"wp:term":[{"taxonomy":"product_brand","embeddable":true,"href":"https:\/\/mountlaser.com\/fr_fr\/wp-json\/wp\/v2\/product_brand?post=3393"},{"taxonomy":"product_cat","embeddable":true,"href":"https:\/\/mountlaser.com\/fr_fr\/wp-json\/wp\/v2\/product_cat?post=3393"},{"taxonomy":"product_tag","embeddable":true,"href":"https:\/\/mountlaser.com\/fr_fr\/wp-json\/wp\/v2\/product_tag?post=3393"}],"curies":[{"name":"wp","href":"https:\/\/api.w.org\/{rel}","templated":true}]}}