{"id":3347,"date":"2025-11-05T01:45:32","date_gmt":"2025-11-05T01:45:32","guid":{"rendered":"https:\/\/mountlaser.com\/?post_type=product&#038;p=3347"},"modified":"2025-11-28T02:35:32","modified_gmt":"2025-11-28T02:35:32","slug":"rap001-002-right-angle-prism","status":"publish","type":"product","link":"https:\/\/mountlaser.com\/fr_fr\/produit\/rap001-002-right-angle-prism\/","title":{"rendered":"Prisme \u00e0 angle droit RAP001\/002"},"content":{"rendered":"<p>Le prisme \u00e0 angle droit simple RAP001 est un instrument de pr\u00e9cision. <a href=\"https:\/\/mountlaser.com\/fr_fr\/\"><strong>prisme \u00e0 angle droit<\/strong><\/a> Con\u00e7u pour une r\u00e9flexion et un alignement pr\u00e9cis \u00e0 90\u00b0 dans les applications topographiques et d&#039;ing\u00e9nierie. Compact et robuste, <a href=\"https:\/\/mountlaser.com\/fr_fr\/products\/\"><strong>RAP001 Prisme \u00e0 angle droit simple<\/strong><\/a> assure une redirection optique fiable lors de travaux dans des zones restreintes ou obstru\u00e9es, ce qui la rend id\u00e9ale pour les t\u00e2ches de station totale et de surveillance des d\u00e9formations.<\/p>\n<p>Ce <a href=\"https:\/\/mountlaser.com\/fr_fr\/contact-us\/\">prisme \u00e0 angle droit<\/a> Dot\u00e9 d&#039;une lentille de 26,8 \u00d7 26,8 \u00d7 37,9 \u00d7 10 mm log\u00e9e dans un bo\u00eetier m\u00e9tallique de 15 mm, cet instrument offre une pr\u00e9cision inf\u00e9rieure \u00e0 8 secondes d&#039;arc pour des mesures angulaires pr\u00e9cises. Sa poign\u00e9e ergonomique de 62 mm assure une prise en main confortable (\u00d8 10 mm int\u00e9rieur \/ \u00d8 15 mm ext\u00e9rieur), et un emplacement pour fil \u00e0 plomb (en option) facilite l&#039;alignement vertical sur le terrain. Un \u00e9tui en similicuir de haute qualit\u00e9, muni d&#039;une boucle de ceinture, garantit protection et transport.<\/p>\n<figure id=\"attachment_3349\" aria-describedby=\"caption-attachment-3349\" style=\"width: 500px\" class=\"wp-caption aligncenter\"><img fetchpriority=\"high\" decoding=\"async\" class=\"wp-image-3349\" src=\"https:\/\/mountlaser.com\/wp-content\/uploads\/2025\/11\/3-4RAP0012.webp\" alt=\"RAP001 Single Right Angle Prism\" width=\"500\" height=\"500\" srcset=\"https:\/\/mountlaser.com\/wp-content\/uploads\/2025\/11\/3-4RAP0012.webp 1000w, https:\/\/mountlaser.com\/wp-content\/uploads\/2025\/11\/3-4RAP0012-300x300.webp 300w, https:\/\/mountlaser.com\/wp-content\/uploads\/2025\/11\/3-4RAP0012-400x400.webp 400w, https:\/\/mountlaser.com\/wp-content\/uploads\/2025\/11\/3-4RAP0012-800x800.webp 800w, https:\/\/mountlaser.com\/wp-content\/uploads\/2025\/11\/3-4RAP0012-600x600.webp 600w, https:\/\/mountlaser.com\/wp-content\/uploads\/2025\/11\/3-4RAP0012-150x150.webp 150w, https:\/\/mountlaser.com\/wp-content\/uploads\/2025\/11\/3-4RAP0012-768x768.webp 768w, https:\/\/mountlaser.com\/wp-content\/uploads\/2025\/11\/3-4RAP0012-12x12.webp 12w\" sizes=\"(max-width: 500px) 100vw, 500px\" \/><figcaption id=\"caption-attachment-3349\" class=\"wp-caption-text\">RAP001 Prisme \u00e0 angle droit simple<\/figcaption><\/figure>\n<figure id=\"attachment_3356\" aria-describedby=\"caption-attachment-3356\" style=\"width: 500px\" class=\"wp-caption aligncenter\"><img decoding=\"async\" class=\"wp-image-3356\" src=\"https:\/\/mountlaser.com\/wp-content\/uploads\/2025\/11\/3-5RAP0021.webp\" alt=\"RAP002 right angle prism\" width=\"500\" height=\"500\" srcset=\"https:\/\/mountlaser.com\/wp-content\/uploads\/2025\/11\/3-5RAP0021.webp 1000w, https:\/\/mountlaser.com\/wp-content\/uploads\/2025\/11\/3-5RAP0021-300x300.webp 300w, https:\/\/mountlaser.com\/wp-content\/uploads\/2025\/11\/3-5RAP0021-400x400.webp 400w, https:\/\/mountlaser.com\/wp-content\/uploads\/2025\/11\/3-5RAP0021-800x800.webp 800w, https:\/\/mountlaser.com\/wp-content\/uploads\/2025\/11\/3-5RAP0021-600x600.webp 600w, https:\/\/mountlaser.com\/wp-content\/uploads\/2025\/11\/3-5RAP0021-150x150.webp 150w, https:\/\/mountlaser.com\/wp-content\/uploads\/2025\/11\/3-5RAP0021-768x768.webp 768w, https:\/\/mountlaser.com\/wp-content\/uploads\/2025\/11\/3-5RAP0021-12x12.webp 12w\" sizes=\"(max-width: 500px) 100vw, 500px\" \/><figcaption id=\"caption-attachment-3356\" class=\"wp-caption-text\">RAP002 prisme \u00e0 angle droit<\/figcaption><\/figure>\n<p>Pour une polyvalence accrue, la version RAP002 \u00e0 double prisme \u00e0 angle droit permet des mesures \u00e0 90\u00b0 et 180\u00b0, gr\u00e2ce \u00e0 une grande lentille centrale et un couvercle rotatif. Une personnalisation OEM est disponible pour r\u00e9pondre aux besoins sp\u00e9cifiques de surveillance ou d&#039;alignement industriel.<\/p>","protected":false},"excerpt":{"rendered":"<ul>\n<li>Pour les stations totales et les syst\u00e8mes d&#039;alignement<\/li>\n<li>Installation compacte dans des espaces restreints<\/li>\n<li>T\u00e2ches de surveillance \u00e0 long terme et d&#039;alignement des constructions<\/li>\n<li>Alignement facile sur le terrain gr\u00e2ce \u00e0 sa compatibilit\u00e9 avec le fil \u00e0 plomb<\/li>\n<\/ul>","protected":false},"featured_media":3356,"comment_status":"open","ping_status":"closed","template":"","meta":[],"product_brand":[],"product_cat":[72,112],"product_tag":[],"class_list":{"0":"post-3347","1":"product","2":"type-product","3":"status-publish","4":"has-post-thumbnail","6":"product_cat-reflective-target-prism","7":"product_cat-monitoring-prism","9":"first","10":"instock","11":"shipping-taxable","12":"product-type-simple"},"_links":{"self":[{"href":"https:\/\/mountlaser.com\/fr_fr\/wp-json\/wp\/v2\/product\/3347","targetHints":{"allow":["GET"]}}],"collection":[{"href":"https:\/\/mountlaser.com\/fr_fr\/wp-json\/wp\/v2\/product"}],"about":[{"href":"https:\/\/mountlaser.com\/fr_fr\/wp-json\/wp\/v2\/types\/product"}],"replies":[{"embeddable":true,"href":"https:\/\/mountlaser.com\/fr_fr\/wp-json\/wp\/v2\/comments?post=3347"}],"wp:featuredmedia":[{"embeddable":true,"href":"https:\/\/mountlaser.com\/fr_fr\/wp-json\/wp\/v2\/media\/3356"}],"wp:attachment":[{"href":"https:\/\/mountlaser.com\/fr_fr\/wp-json\/wp\/v2\/media?parent=3347"}],"wp:term":[{"taxonomy":"product_brand","embeddable":true,"href":"https:\/\/mountlaser.com\/fr_fr\/wp-json\/wp\/v2\/product_brand?post=3347"},{"taxonomy":"product_cat","embeddable":true,"href":"https:\/\/mountlaser.com\/fr_fr\/wp-json\/wp\/v2\/product_cat?post=3347"},{"taxonomy":"product_tag","embeddable":true,"href":"https:\/\/mountlaser.com\/fr_fr\/wp-json\/wp\/v2\/product_tag?post=3347"}],"curies":[{"name":"wp","href":"https:\/\/api.w.org\/{rel}","templated":true}]}}