{"id":3321,"date":"2025-11-04T08:36:43","date_gmt":"2025-11-04T08:36:43","guid":{"rendered":"https:\/\/mountlaser.com\/?post_type=product&#038;p=3321"},"modified":"2025-11-28T02:38:14","modified_gmt":"2025-11-28T02:38:14","slug":"japan-style-dw-1-series-wooden-tripod","status":"publish","type":"product","link":"https:\/\/mountlaser.com\/fr_fr\/produit\/japan-style-dw-1-series-wooden-tripod\/","title":{"rendered":"Tr\u00e9pied en bois de style japonais, s\u00e9rie DW-1"},"content":{"rendered":"<p>Le <a href=\"https:\/\/mountlaser.com\/fr_fr\/products\/\"><strong>Tr\u00e9pied en bois de style japonais, s\u00e9rie DW-1<\/strong><\/a> Le tr\u00e9pied Mount Laser incarne l&#039;harmonie parfaite entre le design minimaliste japonais et la fiabilit\u00e9 professionnelle des lev\u00e9s topographiques. Ce syst\u00e8me de support exceptionnel repr\u00e9sente ce que devrait \u00eatre un tr\u00e9pied en bois de haute qualit\u00e9\u00a0: fabriqu\u00e9 en bouleau import\u00e9 de premi\u00e8re qualit\u00e9, il garantit une durabilit\u00e9 \u00e0 long terme et des performances constantes.<\/p>\n<p>Con\u00e7u avec une configuration \u00e0 t\u00eate plate, ce remarquable <a href=\"https:\/\/mountlaser.com\/fr_fr\/contact-us\/\"><strong>Tr\u00e9pied en bois de bonne qualit\u00e9<\/strong><\/a> Ce tr\u00e9pied offre une stabilit\u00e9 exceptionnelle, id\u00e9ale pour les stations totales, les scanners laser 3D et les lasers de construction. Le bois de bouleau soigneusement s\u00e9lectionn\u00e9 lui conf\u00e8re une excellente r\u00e9sistance \u00e0 la d\u00e9formation et aux fissures, ainsi qu&#039;une r\u00e9sistance sup\u00e9rieure \u00e0 la torsion, ce qui en fait un tr\u00e9pied en bois de tr\u00e8s haute qualit\u00e9, parfait pour les travaux de pr\u00e9cision.<\/p>\n<p>Dot\u00e9 d&#039;un boulon de fixation en laiton standard de 5\/8\u2033-11, il conserve une compatibilit\u00e9 totale avec divers instruments d&#039;arpentage, ce qui en fait le choix id\u00e9al pour les professionnels qui appr\u00e9cient \u00e0 la fois la forme et la fonction de leur \u00e9quipement.<\/p>\n<p>&nbsp;<\/p>\n<p><img fetchpriority=\"high\" decoding=\"async\" class=\"aligncenter wp-image-3323\" src=\"https:\/\/mountlaser.com\/wp-content\/uploads\/2025\/11\/DW-1-.webp\" alt=\"Good Quality Wooden Tripod\" width=\"500\" height=\"500\" srcset=\"https:\/\/mountlaser.com\/wp-content\/uploads\/2025\/11\/DW-1-.webp 800w, https:\/\/mountlaser.com\/wp-content\/uploads\/2025\/11\/DW-1--300x300.webp 300w, https:\/\/mountlaser.com\/wp-content\/uploads\/2025\/11\/DW-1--400x400.webp 400w, https:\/\/mountlaser.com\/wp-content\/uploads\/2025\/11\/DW-1--600x600.webp 600w, https:\/\/mountlaser.com\/wp-content\/uploads\/2025\/11\/DW-1--150x150.webp 150w, https:\/\/mountlaser.com\/wp-content\/uploads\/2025\/11\/DW-1--768x768.webp 768w, https:\/\/mountlaser.com\/wp-content\/uploads\/2025\/11\/DW-1--12x12.webp 12w\" sizes=\"(max-width: 500px) 100vw, 500px\" \/><\/p>\n<p><strong>Sp\u00e9cifications du tr\u00e9pied en bois de la s\u00e9rie DW-1 de style japonais<\/strong><\/p>\n<table style=\"border-collapse: collapse; width: 650.27pt;\" border=\"0\" width=\"867\" cellspacing=\"0\" cellpadding=\"0\">\n<tbody>\n<tr style=\"height: 14.25pt;\">\n<td class=\"et2\" style=\"height: 14.25pt; width: 122.25pt;\" width=\"163\" height=\"19\">NOMBRE<\/td>\n<td class=\"et2\" style=\"width: 97.50pt;\" width=\"130\">JAMBES<\/td>\n<td class=\"et2\" style=\"width: 90.75pt;\" width=\"121\">T\u00caTE<\/td>\n<td class=\"et2\" style=\"width: 100.50pt;\" width=\"134\">TYPE DE SERRURE<\/td>\n<td class=\"et2\" style=\"width: 99.00pt;\" width=\"132\">MAT\u00c9RIEL<\/td>\n<td class=\"et2\" style=\"width: 86.25pt;\" width=\"115\">EXTENSION<\/td>\n<td class=\"et2\" style=\"width: 54.00pt;\" width=\"72\">NO<\/td>\n<\/tr>\n<tr style=\"height: 14.25pt;\">\n<td class=\"et2\" style=\"height: 14.25pt;\" height=\"19\">DW-1-FCTGY<\/td>\n<td class=\"et2\">Bois<\/td>\n<td class=\"et2\">Plat de 160 mm<\/td>\n<td class=\"et2\">Double pince<\/td>\n<td class=\"et2\">Gris<\/td>\n<td class=\"et2\">174 cm<\/td>\n<td class=\"et2\">7,0 kg<\/td>\n<\/tr>\n<\/tbody>\n<\/table>","protected":false},"excerpt":{"rendered":"<ul>\n<li>Conception \u00e0 t\u00eate plate optimis\u00e9e pour les stations totales, les scanners laser 3D et les lasers de construction.<\/li>\n<li>Philosophie de conception d&#039;inspiration japonaise ax\u00e9e sur la simplicit\u00e9 et la fonctionnalit\u00e9<\/li>\n<li>Construction robuste adapt\u00e9e aux applications topographiques exigeantes<\/li>\n<\/ul>","protected":false},"featured_media":3322,"comment_status":"open","ping_status":"closed","template":"","meta":[],"product_brand":[],"product_cat":[91,113],"product_tag":[],"class_list":{"0":"post-3321","1":"product","2":"type-product","3":"status-publish","4":"has-post-thumbnail","6":"product_cat-bipod-tripod","7":"product_cat-wood-fiberglass-tripods","9":"first","10":"instock","11":"shipping-taxable","12":"product-type-simple"},"_links":{"self":[{"href":"https:\/\/mountlaser.com\/fr_fr\/wp-json\/wp\/v2\/product\/3321","targetHints":{"allow":["GET"]}}],"collection":[{"href":"https:\/\/mountlaser.com\/fr_fr\/wp-json\/wp\/v2\/product"}],"about":[{"href":"https:\/\/mountlaser.com\/fr_fr\/wp-json\/wp\/v2\/types\/product"}],"replies":[{"embeddable":true,"href":"https:\/\/mountlaser.com\/fr_fr\/wp-json\/wp\/v2\/comments?post=3321"}],"wp:featuredmedia":[{"embeddable":true,"href":"https:\/\/mountlaser.com\/fr_fr\/wp-json\/wp\/v2\/media\/3322"}],"wp:attachment":[{"href":"https:\/\/mountlaser.com\/fr_fr\/wp-json\/wp\/v2\/media?parent=3321"}],"wp:term":[{"taxonomy":"product_brand","embeddable":true,"href":"https:\/\/mountlaser.com\/fr_fr\/wp-json\/wp\/v2\/product_brand?post=3321"},{"taxonomy":"product_cat","embeddable":true,"href":"https:\/\/mountlaser.com\/fr_fr\/wp-json\/wp\/v2\/product_cat?post=3321"},{"taxonomy":"product_tag","embeddable":true,"href":"https:\/\/mountlaser.com\/fr_fr\/wp-json\/wp\/v2\/product_tag?post=3321"}],"curies":[{"name":"wp","href":"https:\/\/api.w.org\/{rel}","templated":true}]}}