{"id":3311,"date":"2025-11-04T08:19:40","date_gmt":"2025-11-04T08:19:40","guid":{"rendered":"https:\/\/mountlaser.com\/?post_type=product&#038;p=3311"},"modified":"2025-11-28T02:40:00","modified_gmt":"2025-11-28T02:40:00","slug":"swiss-style-gst120-9-series-wooden-tripod","status":"publish","type":"product","link":"https:\/\/mountlaser.com\/fr_fr\/produit\/swiss-style-gst120-9-series-wooden-tripod\/","title":{"rendered":"Tr\u00e9pied en bois de style suisse s\u00e9rie GST120-9"},"content":{"rendered":"<p>Le <a href=\"https:\/\/mountlaser.com\/fr_fr\/\"><strong>Tr\u00e9pied en bois de style suisse s\u00e9rie GST120-9<\/strong><\/a> Le tr\u00e9pied Mount Laser incarne le summum de l&#039;ing\u00e9nierie de pr\u00e9cision et du savoir-faire traditionnel. Con\u00e7u comme un tr\u00e9pied en bois robuste et r\u00e9sistant, ce syst\u00e8me de support exceptionnel est dot\u00e9 d&#039;un m\u00e9canisme de verrouillage automatique int\u00e9gr\u00e9 innovant qui en fait le tr\u00e9pied en bois autobloquant de r\u00e9f\u00e9rence dans sa cat\u00e9gorie.<\/p>\n<p>Fabriqu\u00e9 \u00e0 partir de bois de bouleau import\u00e9 de haute qualit\u00e9, ce remarquable <a href=\"https:\/\/mountlaser.com\/fr_fr\/products\/\"><strong>Tr\u00e9pied en bois robuste<\/strong><\/a> offre une stabilit\u00e9 exceptionnelle qui r\u00e9siste \u00e0 la d\u00e9formation et \u00e0 la fissuration tout en assurant des performances anti-torsion sup\u00e9rieures.<\/p>\n<p>Sa t\u00eate plate assure une compatibilit\u00e9 parfaite avec les stations totales, les scanners laser 3D et les lasers de chantier, faisant de ce tr\u00e9pied en bois autobloquant le choix id\u00e9al pour les g\u00e9om\u00e8tres exigeants qui recherchent \u00e0 la fois fiabilit\u00e9 traditionnelle et praticit\u00e9 moderne. Gr\u00e2ce \u00e0 sa conception ing\u00e9nieuse et \u00e0 ses mat\u00e9riaux haut de gamme, ce tr\u00e9pied sophistiqu\u00e9 en bois autobloquant \u00e9tablit de nouvelles normes pour les applications topographiques intensives.<\/p>\n<p>&nbsp;<\/p>\n<p><img fetchpriority=\"high\" decoding=\"async\" class=\"aligncenter wp-image-3313\" src=\"https:\/\/mountlaser.com\/wp-content\/uploads\/2025\/11\/GST120-9\uff084\uff09.webp\" alt=\"Heavy Duty Wooden Tripod\" width=\"500\" height=\"500\" srcset=\"https:\/\/mountlaser.com\/wp-content\/uploads\/2025\/11\/GST120-9\uff084\uff09.webp 1000w, https:\/\/mountlaser.com\/wp-content\/uploads\/2025\/11\/GST120-9\uff084\uff09-300x300.webp 300w, https:\/\/mountlaser.com\/wp-content\/uploads\/2025\/11\/GST120-9\uff084\uff09-400x400.webp 400w, https:\/\/mountlaser.com\/wp-content\/uploads\/2025\/11\/GST120-9\uff084\uff09-800x800.webp 800w, https:\/\/mountlaser.com\/wp-content\/uploads\/2025\/11\/GST120-9\uff084\uff09-600x600.webp 600w, https:\/\/mountlaser.com\/wp-content\/uploads\/2025\/11\/GST120-9\uff084\uff09-150x150.webp 150w, https:\/\/mountlaser.com\/wp-content\/uploads\/2025\/11\/GST120-9\uff084\uff09-768x768.webp 768w, https:\/\/mountlaser.com\/wp-content\/uploads\/2025\/11\/GST120-9\uff084\uff09-12x12.webp 12w\" sizes=\"(max-width: 500px) 100vw, 500px\" \/><\/p>\n<p><strong><a href=\"https:\/\/mountlaser.com\/fr_fr\/contact-us\/\">S\u00e9rie GST120-9 de style suisse<\/a> Caract\u00e9ristiques du tr\u00e9pied en bois :<\/strong><\/p>\n<table style=\"border-collapse: collapse; width: 650.27pt;\" border=\"0\" width=\"867\" cellspacing=\"0\" cellpadding=\"0\">\n<tbody>\n<tr style=\"height: 14.25pt;\">\n<td class=\"et2\" style=\"height: 14.25pt; width: 122.25pt;\" width=\"163\" height=\"19\">NOMBRE<\/td>\n<td class=\"et2\" style=\"width: 97.50pt;\" width=\"130\">JAMBES<\/td>\n<td class=\"et2\" style=\"width: 90.75pt;\" width=\"121\">T\u00caTE<\/td>\n<td class=\"et2\" style=\"width: 100.50pt;\" width=\"134\">TYPE DE SERRURE<\/td>\n<td class=\"et2\" style=\"width: 99.00pt;\" width=\"132\">MAT\u00c9RIEL<\/td>\n<td class=\"et2\" style=\"width: 86.25pt;\" width=\"115\">EXTENSION<\/td>\n<td class=\"et2\" style=\"width: 54.00pt;\" width=\"72\">NO<\/td>\n<\/tr>\n<tr style=\"height: 14.25pt;\">\n<td class=\"et2\" style=\"height: 14.25pt;\" height=\"19\">GST120-9-FCT<\/td>\n<td class=\"et2\">Bois<\/td>\n<td class=\"et2\">Plat de 160 mm<\/td>\n<td class=\"et2\">Pince \u00e0 torsion<\/td>\n<td class=\"et2\">Rouge<\/td>\n<td class=\"et2\">181 cm<\/td>\n<td class=\"et2\">6,0 kg<\/td>\n<\/tr>\n<\/tbody>\n<\/table>\n<p>&nbsp;<\/p>","protected":false},"excerpt":{"rendered":"<ul>\n<li>Fabriqu\u00e9 \u00e0 partir de bois de bouleau import\u00e9 de haute qualit\u00e9 pour une durabilit\u00e9 exceptionnelle<\/li>\n<li>Excellente stabilit\u00e9, r\u00e9sistant \u00e0 la d\u00e9formation et \u00e0 la fissuration dans diverses conditions m\u00e9t\u00e9orologiques.<\/li>\n<li>Performances anti-torsion sup\u00e9rieures pour maintenir la pr\u00e9cision de mesure<\/li>\n<\/ul>","protected":false},"featured_media":3314,"comment_status":"open","ping_status":"closed","template":"","meta":[],"product_brand":[],"product_cat":[91,113],"product_tag":[],"class_list":{"0":"post-3311","1":"product","2":"type-product","3":"status-publish","4":"has-post-thumbnail","6":"product_cat-bipod-tripod","7":"product_cat-wood-fiberglass-tripods","9":"first","10":"instock","11":"shipping-taxable","12":"product-type-simple"},"_links":{"self":[{"href":"https:\/\/mountlaser.com\/fr_fr\/wp-json\/wp\/v2\/product\/3311","targetHints":{"allow":["GET"]}}],"collection":[{"href":"https:\/\/mountlaser.com\/fr_fr\/wp-json\/wp\/v2\/product"}],"about":[{"href":"https:\/\/mountlaser.com\/fr_fr\/wp-json\/wp\/v2\/types\/product"}],"replies":[{"embeddable":true,"href":"https:\/\/mountlaser.com\/fr_fr\/wp-json\/wp\/v2\/comments?post=3311"}],"wp:featuredmedia":[{"embeddable":true,"href":"https:\/\/mountlaser.com\/fr_fr\/wp-json\/wp\/v2\/media\/3314"}],"wp:attachment":[{"href":"https:\/\/mountlaser.com\/fr_fr\/wp-json\/wp\/v2\/media?parent=3311"}],"wp:term":[{"taxonomy":"product_brand","embeddable":true,"href":"https:\/\/mountlaser.com\/fr_fr\/wp-json\/wp\/v2\/product_brand?post=3311"},{"taxonomy":"product_cat","embeddable":true,"href":"https:\/\/mountlaser.com\/fr_fr\/wp-json\/wp\/v2\/product_cat?post=3311"},{"taxonomy":"product_tag","embeddable":true,"href":"https:\/\/mountlaser.com\/fr_fr\/wp-json\/wp\/v2\/product_tag?post=3311"}],"curies":[{"name":"wp","href":"https:\/\/api.w.org\/{rel}","templated":true}]}}