{"id":3310,"date":"2025-11-04T09:08:26","date_gmt":"2025-11-04T09:08:26","guid":{"rendered":"https:\/\/mountlaser.com\/?post_type=product&#038;p=3310"},"modified":"2025-11-28T02:37:31","modified_gmt":"2025-11-28T02:37:31","slug":"bp003-ball-prism","status":"publish","type":"product","link":"https:\/\/mountlaser.com\/fr_fr\/produit\/bp003-ball-prism\/","title":{"rendered":"Prisme sph\u00e9rique BP003"},"content":{"rendered":"<p>Le <a href=\"https:\/\/mountlaser.com\/fr_fr\/\"><strong>Prisme sph\u00e9rique BP003<\/strong><\/a> Le prisme sph\u00e9rique BP003 est un prisme de pr\u00e9cision pour stations totales, con\u00e7u pour la surveillance des d\u00e9formations permanentes et temporaires dans des environnements exigeants tels que les tunnels, les voies ferr\u00e9es et les chantiers de construction. Offrant une pr\u00e9cision et une stabilit\u00e9 sup\u00e9rieures, il garantit un alignement et des r\u00e9sultats de mesure fiables pour diverses applications sur le terrain.<\/p>\n<p>Cette haute performance <a href=\"https:\/\/mountlaser.com\/fr_fr\/about-us\/\"><strong>prisme sph\u00e9rique<\/strong><\/a> Cette station totale est dot\u00e9e d&#039;une sph\u00e8re en acier inoxydable de 45 mm de diam\u00e8tre qui am\u00e9liore la visibilit\u00e9 et la pr\u00e9cision d&#039;alignement. Elle comprend un prisme de 25,4 mm (1 pouce) compatible avec la plupart des syst\u00e8mes de surveillance standard, ce qui en fait une solution id\u00e9ale pour les projets professionnels de lev\u00e9s topographiques et de surveillance g\u00e9od\u00e9sique.<\/p>\n<p><img fetchpriority=\"high\" decoding=\"async\" class=\"aligncenter wp-image-3337\" src=\"https:\/\/mountlaser.com\/wp-content\/uploads\/2025\/11\/3-9BP0034-1.webp\" alt=\"spherical prism for total stations\" width=\"500\" height=\"500\" srcset=\"https:\/\/mountlaser.com\/wp-content\/uploads\/2025\/11\/3-9BP0034-1.webp 1000w, https:\/\/mountlaser.com\/wp-content\/uploads\/2025\/11\/3-9BP0034-1-300x300.webp 300w, https:\/\/mountlaser.com\/wp-content\/uploads\/2025\/11\/3-9BP0034-1-400x400.webp 400w, https:\/\/mountlaser.com\/wp-content\/uploads\/2025\/11\/3-9BP0034-1-800x800.webp 800w, https:\/\/mountlaser.com\/wp-content\/uploads\/2025\/11\/3-9BP0034-1-600x600.webp 600w, https:\/\/mountlaser.com\/wp-content\/uploads\/2025\/11\/3-9BP0034-1-150x150.webp 150w, https:\/\/mountlaser.com\/wp-content\/uploads\/2025\/11\/3-9BP0034-1-768x768.webp 768w, https:\/\/mountlaser.com\/wp-content\/uploads\/2025\/11\/3-9BP0034-1-12x12.webp 12w\" sizes=\"(max-width: 500px) 100vw, 500px\" \/><\/p>\n<p>Le <a href=\"https:\/\/mountlaser.com\/fr_fr\/contact-us\/\">prisme sph\u00e9rique BP003<\/a> se d\u00e9cline en deux configurations pour s&#039;adapter aux diff\u00e9rents besoins d&#039;installation\u00a0:<\/p>\n<p>BP003\u00a0: avec une base magn\u00e9tique puissante pour une fixation rapide et s\u00fbre sur les surfaces m\u00e9talliques.<\/p>\n<p>BP004\u00a0: avec mini bipied pour une installation stable sur des surfaces non magn\u00e9tiques ou des terrains accident\u00e9s.<\/p>\n<p>Pour garantir une r\u00e9flexion optimale du signal et une grande pr\u00e9cision de mesure, ce prisme sph\u00e9rique pour stations totales est disponible avec un rev\u00eatement en cuivre ou en argent. Ces deux rev\u00eatements offrent une excellente r\u00e9flectivit\u00e9 et une performance durable m\u00eame dans des conditions ext\u00e9rieures difficiles.<\/p>","protected":false},"excerpt":{"rendered":"<ul>\n<li>Surveillance de pr\u00e9cision : Id\u00e9ale pour les t\u00e2ches de surveillance structurelle, de d\u00e9formation et g\u00e9otechnique.<\/li>\n<li>Construction robuste : Garantit durabilit\u00e9 et stabilit\u00e9 m\u00eame dans des conditions difficiles.<\/li>\n<li>Options de montage\u00a0: base magn\u00e9tique ou mini bipied pour un d\u00e9ploiement flexible.<\/li>\n<li>Haute compatibilit\u00e9 : Convient \u00e0 la plupart des syst\u00e8mes de stations totales.<\/li>\n<li>Choix de rev\u00eatements r\u00e9fl\u00e9chissants\u00a0: rev\u00eatement en cuivre pour une meilleure durabilit\u00e9 ou rev\u00eatement en argent pour une haute pr\u00e9cision.<\/li>\n<\/ul>","protected":false},"featured_media":3339,"comment_status":"open","ping_status":"closed","template":"","meta":[],"product_brand":[],"product_cat":[72,112],"product_tag":[],"class_list":{"0":"post-3310","1":"product","2":"type-product","3":"status-publish","4":"has-post-thumbnail","6":"product_cat-reflective-target-prism","7":"product_cat-monitoring-prism","9":"first","10":"instock","11":"shipping-taxable","12":"product-type-simple"},"_links":{"self":[{"href":"https:\/\/mountlaser.com\/fr_fr\/wp-json\/wp\/v2\/product\/3310","targetHints":{"allow":["GET"]}}],"collection":[{"href":"https:\/\/mountlaser.com\/fr_fr\/wp-json\/wp\/v2\/product"}],"about":[{"href":"https:\/\/mountlaser.com\/fr_fr\/wp-json\/wp\/v2\/types\/product"}],"replies":[{"embeddable":true,"href":"https:\/\/mountlaser.com\/fr_fr\/wp-json\/wp\/v2\/comments?post=3310"}],"wp:featuredmedia":[{"embeddable":true,"href":"https:\/\/mountlaser.com\/fr_fr\/wp-json\/wp\/v2\/media\/3339"}],"wp:attachment":[{"href":"https:\/\/mountlaser.com\/fr_fr\/wp-json\/wp\/v2\/media?parent=3310"}],"wp:term":[{"taxonomy":"product_brand","embeddable":true,"href":"https:\/\/mountlaser.com\/fr_fr\/wp-json\/wp\/v2\/product_brand?post=3310"},{"taxonomy":"product_cat","embeddable":true,"href":"https:\/\/mountlaser.com\/fr_fr\/wp-json\/wp\/v2\/product_cat?post=3310"},{"taxonomy":"product_tag","embeddable":true,"href":"https:\/\/mountlaser.com\/fr_fr\/wp-json\/wp\/v2\/product_tag?post=3310"}],"curies":[{"name":"wp","href":"https:\/\/api.w.org\/{rel}","templated":true}]}}