{"id":3296,"date":"2025-11-04T08:06:31","date_gmt":"2025-11-04T08:06:31","guid":{"rendered":"https:\/\/mountlaser.com\/?post_type=product&#038;p=3296"},"modified":"2025-11-28T02:41:47","modified_gmt":"2025-11-28T02:41:47","slug":"bp001-ball-prism-with-magnetic-base","status":"publish","type":"product","link":"https:\/\/mountlaser.com\/fr_fr\/produit\/bp001-ball-prism-with-magnetic-base\/","title":{"rendered":"Prisme sph\u00e9rique BP001 avec base magn\u00e9tique"},"content":{"rendered":"<p>BP001 Prisme sph\u00e9rique \u00e0 base magn\u00e9tique - Pr\u00e9sentation du produit<\/p>\n<p>Le <a href=\"https:\/\/mountlaser.com\/fr_fr\/about-us\/\"><strong>Prisme sph\u00e9rique BP001 avec base magn\u00e9tique<\/strong><\/a> est un produit de conception pr\u00e9cise <a href=\"https:\/\/mountlaser.com\/fr_fr\/products\/\"><strong>prisme de surveillance sph\u00e9rique<\/strong><\/a> Con\u00e7u pour le suivi pr\u00e9cis des d\u00e9formations, l&#039;alignement et la surveillance des structures dans des environnements exigeants tels que les tunnels, les chantiers et les r\u00e9seaux g\u00e9od\u00e9siques, ce prisme \u00e0 bille BP001 de haute pr\u00e9cision, dot\u00e9 d&#039;une base magn\u00e9tique, allie flexibilit\u00e9, stabilit\u00e9 et r\u00e9p\u00e9tabilit\u00e9, ce qui en fait un outil id\u00e9al pour les g\u00e9om\u00e8tres et les ing\u00e9nieurs de surveillance professionnels.<\/p>\n<p>Fabriqu\u00e9 avec une sph\u00e8re en acier inoxydable r\u00e9sistant \u00e0 la corrosion et dot\u00e9 d&#039;un puissant support magn\u00e9tique, le prisme de contr\u00f4le sph\u00e9rique assure une fixation rapide et s\u00fbre sur les surfaces m\u00e9talliques sans outil. Sa base magn\u00e9tique permet un repositionnement ais\u00e9 pour des mesures r\u00e9p\u00e9t\u00e9es tout en garantissant une pr\u00e9cision constante.<\/p>\n<p><img fetchpriority=\"high\" decoding=\"async\" class=\"aligncenter wp-image-3298\" src=\"https:\/\/mountlaser.com\/wp-content\/uploads\/2025\/11\/BP0012.webp\" alt=\"spherical monitoring prism\" width=\"500\" height=\"500\" srcset=\"https:\/\/mountlaser.com\/wp-content\/uploads\/2025\/11\/BP0012.webp 1000w, https:\/\/mountlaser.com\/wp-content\/uploads\/2025\/11\/BP0012-300x300.webp 300w, https:\/\/mountlaser.com\/wp-content\/uploads\/2025\/11\/BP0012-400x400.webp 400w, https:\/\/mountlaser.com\/wp-content\/uploads\/2025\/11\/BP0012-800x800.webp 800w, https:\/\/mountlaser.com\/wp-content\/uploads\/2025\/11\/BP0012-600x600.webp 600w, https:\/\/mountlaser.com\/wp-content\/uploads\/2025\/11\/BP0012-150x150.webp 150w, https:\/\/mountlaser.com\/wp-content\/uploads\/2025\/11\/BP0012-768x768.webp 768w, https:\/\/mountlaser.com\/wp-content\/uploads\/2025\/11\/BP0012-12x12.webp 12w\" sizes=\"(max-width: 500px) 100vw, 500px\" \/><\/p>\n<p>Le <a href=\"https:\/\/mountlaser.com\/fr_fr\/contact-us\/\">Prisme sph\u00e9rique BP001 avec base magn\u00e9tique<\/a> est disponible en plusieurs configurations\u00a0:<\/p>\n<p>BP001A : Prisme \u00d817,8 mm, bille \u00d830 mm<\/p>\n<p>BP001B : Prisme \u00d825,4 mm, bille \u00d838,1 mm<\/p>\n<p>BP002A\u00a0: Prisme \u00d817,8 mm, bille \u00d830 mm avec bague de prisme noire<\/p>\n<p>BP002B\u00a0: Prisme \u00d825,4 mm, bille \u00d838,1 mm avec bague de prisme noire<\/p>\n<p>BP002C\u00a0: Prisme \u00d825,4 mm, bille \u00d845 mm avec bague de prisme noire<\/p>\n<p>Pour des besoins de mesure sp\u00e9cialis\u00e9s, ce prisme de surveillance sph\u00e9rique peut \u00eatre fourni avec des surfaces de prisme recouvertes de cuivre ou d&#039;argent pour un retour de signal am\u00e9lior\u00e9 dans des conditions de terrain variables.<\/p>","protected":false},"excerpt":{"rendered":"<ul>\n<li>Construction haute r\u00e9sistance : la sph\u00e8re en acier inoxydable offre une r\u00e9sistance \u00e0 la corrosion et une durabilit\u00e9 \u00e0 long terme.<\/li>\n<li>Fixation magn\u00e9tique : La base magn\u00e9tique puissante permet une fixation rapide et sans outil sur les surfaces m\u00e9talliques.<\/li>\n<li>Options de mod\u00e8les flexibles\u00a0: Plusieurs tailles de prismes et de billes pour s\u2019adapter aux configurations de surveillance.<\/li>\n<li>Rev\u00eatements personnalisables\u00a0: options de rev\u00eatement en cuivre ou en argent pour une r\u00e9flectivit\u00e9 optimis\u00e9e.<\/li>\n<\/ul>","protected":false},"featured_media":3302,"comment_status":"open","ping_status":"closed","template":"","meta":[],"product_brand":[],"product_cat":[72,112],"product_tag":[],"class_list":{"0":"post-3296","1":"product","2":"type-product","3":"status-publish","4":"has-post-thumbnail","6":"product_cat-reflective-target-prism","7":"product_cat-monitoring-prism","9":"first","10":"instock","11":"shipping-taxable","12":"product-type-simple"},"_links":{"self":[{"href":"https:\/\/mountlaser.com\/fr_fr\/wp-json\/wp\/v2\/product\/3296","targetHints":{"allow":["GET"]}}],"collection":[{"href":"https:\/\/mountlaser.com\/fr_fr\/wp-json\/wp\/v2\/product"}],"about":[{"href":"https:\/\/mountlaser.com\/fr_fr\/wp-json\/wp\/v2\/types\/product"}],"replies":[{"embeddable":true,"href":"https:\/\/mountlaser.com\/fr_fr\/wp-json\/wp\/v2\/comments?post=3296"}],"wp:featuredmedia":[{"embeddable":true,"href":"https:\/\/mountlaser.com\/fr_fr\/wp-json\/wp\/v2\/media\/3302"}],"wp:attachment":[{"href":"https:\/\/mountlaser.com\/fr_fr\/wp-json\/wp\/v2\/media?parent=3296"}],"wp:term":[{"taxonomy":"product_brand","embeddable":true,"href":"https:\/\/mountlaser.com\/fr_fr\/wp-json\/wp\/v2\/product_brand?post=3296"},{"taxonomy":"product_cat","embeddable":true,"href":"https:\/\/mountlaser.com\/fr_fr\/wp-json\/wp\/v2\/product_cat?post=3296"},{"taxonomy":"product_tag","embeddable":true,"href":"https:\/\/mountlaser.com\/fr_fr\/wp-json\/wp\/v2\/product_tag?post=3296"}],"curies":[{"name":"wp","href":"https:\/\/api.w.org\/{rel}","templated":true}]}}