{"id":3293,"date":"2025-11-04T07:46:37","date_gmt":"2025-11-04T07:46:37","guid":{"rendered":"https:\/\/mountlaser.com\/?post_type=product&#038;p=3293"},"modified":"2025-11-28T02:43:26","modified_gmt":"2025-11-28T02:43:26","slug":"premium-t-series-rtf30-fiberglass-tripod","status":"publish","type":"product","link":"https:\/\/mountlaser.com\/fr_fr\/produit\/premium-t-series-rtf30-fiberglass-tripod\/","title":{"rendered":"Tr\u00e9pied en fibre de verre de qualit\u00e9 sup\u00e9rieure s\u00e9rie T RTF30"},"content":{"rendered":"<p>Le <a href=\"https:\/\/mountlaser.com\/fr_fr\/\"><strong>Tr\u00e9pied en fibre de verre de qualit\u00e9 sup\u00e9rieure s\u00e9rie T RTF30<\/strong><\/a> Le tr\u00e9pied Mount Laser \u00e9tablit une nouvelle norme de fiabilit\u00e9 pour les environnements topographiques exigeants. Con\u00e7u comme un v\u00e9ritable tr\u00e9pied robuste \u00e0 pieds ronds en fibre de verre, ce mod\u00e8le offre une stabilit\u00e9 exceptionnelle pour les instruments de haute pr\u00e9cision tels que les stations totales et les scanners laser 3D.<\/p>\n<p>Dot\u00e9 d&#039;une t\u00eate ronde et robuste, ce tr\u00e9pied de topographie en fibre de verre est con\u00e7u pour r\u00e9sister \u00e0 une utilisation quotidienne intensive tout en conservant une pr\u00e9cision extr\u00eame. Fabriqu\u00e9 en fibre de verre de haute qualit\u00e9, il offre une r\u00e9sistance sup\u00e9rieure aux chocs et une grande durabilit\u00e9, ce qui en fait un outil id\u00e9al pour les travaux de topographie. <a href=\"https:\/\/mountlaser.com\/fr_fr\/products\/\"><strong>Tr\u00e9pied robuste en fibre de verre \u00e0 pieds ronds<\/strong><\/a> Le choix id\u00e9al pour les chantiers de construction et les lev\u00e9s topographiques complexes.<br \/>\nGr\u00e2ce \u00e0 ses propri\u00e9t\u00e9s anticorrosion et \u00e0 sa construction renforc\u00e9e, ce tr\u00e9pied de topographie professionnel en fibre de verre garantit des performances durables dans toutes les conditions de travail.<\/p>\n<figure id=\"attachment_3295\" aria-describedby=\"caption-attachment-3295\" style=\"width: 500px\" class=\"wp-caption aligncenter\"><img fetchpriority=\"high\" decoding=\"async\" class=\"wp-image-3295\" src=\"https:\/\/mountlaser.com\/wp-content\/uploads\/2025\/11\/RTF30-BCD2.webp\" alt=\"Heavy Duty Fiberglass Round Leg Tripod\" width=\"500\" height=\"500\" srcset=\"https:\/\/mountlaser.com\/wp-content\/uploads\/2025\/11\/RTF30-BCD2.webp 1000w, https:\/\/mountlaser.com\/wp-content\/uploads\/2025\/11\/RTF30-BCD2-300x300.webp 300w, https:\/\/mountlaser.com\/wp-content\/uploads\/2025\/11\/RTF30-BCD2-400x400.webp 400w, https:\/\/mountlaser.com\/wp-content\/uploads\/2025\/11\/RTF30-BCD2-800x800.webp 800w, https:\/\/mountlaser.com\/wp-content\/uploads\/2025\/11\/RTF30-BCD2-600x600.webp 600w, https:\/\/mountlaser.com\/wp-content\/uploads\/2025\/11\/RTF30-BCD2-150x150.webp 150w, https:\/\/mountlaser.com\/wp-content\/uploads\/2025\/11\/RTF30-BCD2-768x768.webp 768w, https:\/\/mountlaser.com\/wp-content\/uploads\/2025\/11\/RTF30-BCD2-12x12.webp 12w\" sizes=\"(max-width: 500px) 100vw, 500px\" \/><figcaption id=\"caption-attachment-3295\" class=\"wp-caption-text\">Tr\u00e9pied robuste en fibre de verre \u00e0 pieds ronds<\/figcaption><\/figure>\n<p>&nbsp;<\/p>\n<p><strong>Sp\u00e9cifications du tr\u00e9pied en fibre de verre haut de gamme s\u00e9rie T RTF30<\/strong><\/p>\n<table style=\"border-collapse: collapse; width: 650.27pt;\" border=\"0\" width=\"867\" cellspacing=\"0\" cellpadding=\"0\">\n<tbody>\n<tr style=\"height: 14.25pt;\">\n<td class=\"et2\" style=\"height: 14.25pt; width: 122.25pt;\" width=\"163\" height=\"19\">NOMBRE<\/td>\n<td class=\"et2\" style=\"width: 97.50pt;\" width=\"130\">JAMBES<\/td>\n<td class=\"et2\" style=\"width: 90.75pt;\" width=\"121\">T\u00caTE<\/td>\n<td class=\"et2\" style=\"width: 100.50pt;\" width=\"134\">TYPE DE SERRURE<\/td>\n<td class=\"et2\" style=\"width: 99.00pt;\" width=\"132\">MAT\u00c9RIEL<\/td>\n<td class=\"et2\" style=\"width: 86.25pt;\" width=\"115\">EXTENSION<\/td>\n<td class=\"et2\" style=\"width: 54.00pt;\" width=\"72\">NO<\/td>\n<\/tr>\n<tr style=\"height: 14.25pt;\">\n<td class=\"et2\" style=\"height: 14.25pt;\" height=\"19\">RTF30-BCD<\/td>\n<td class=\"et2\">Fibre de verre<\/td>\n<td class=\"et2\">Rond de 166 mm<\/td>\n<td class=\"et2\">Double pince<\/td>\n<td class=\"et2\">Noir<\/td>\n<td class=\"et2\">180 cm<\/td>\n<td class=\"et2\">8,0 kg<\/td>\n<\/tr>\n<\/tbody>\n<\/table>","protected":false},"excerpt":{"rendered":"<ul>\n<li>Sa construction robuste en fibre de verre avec pieds ronds assure une stabilit\u00e9 et une durabilit\u00e9 maximales<\/li>\n<li>Excellente r\u00e9sistance aux chocs et durabilit\u00e9 sous contrainte pour une fiabilit\u00e9 \u00e0 long terme<\/li>\n<li>Une r\u00e9sistance sup\u00e9rieure \u00e0 la corrosion prolonge la dur\u00e9e de vie dans les environnements difficiles.<\/li>\n<li>Tr\u00e9pied robuste en fibre de verre \u00e0 pieds ronds. Comprend une dragonne pratique pour un transport ais\u00e9 sur diff\u00e9rents chantiers.<\/li>\n<\/ul>","protected":false},"featured_media":3294,"comment_status":"open","ping_status":"closed","template":"","meta":[],"product_brand":[],"product_cat":[91,113],"product_tag":[],"class_list":{"0":"post-3293","1":"product","2":"type-product","3":"status-publish","4":"has-post-thumbnail","6":"product_cat-bipod-tripod","7":"product_cat-wood-fiberglass-tripods","9":"first","10":"instock","11":"shipping-taxable","12":"product-type-simple"},"_links":{"self":[{"href":"https:\/\/mountlaser.com\/fr_fr\/wp-json\/wp\/v2\/product\/3293","targetHints":{"allow":["GET"]}}],"collection":[{"href":"https:\/\/mountlaser.com\/fr_fr\/wp-json\/wp\/v2\/product"}],"about":[{"href":"https:\/\/mountlaser.com\/fr_fr\/wp-json\/wp\/v2\/types\/product"}],"replies":[{"embeddable":true,"href":"https:\/\/mountlaser.com\/fr_fr\/wp-json\/wp\/v2\/comments?post=3293"}],"wp:featuredmedia":[{"embeddable":true,"href":"https:\/\/mountlaser.com\/fr_fr\/wp-json\/wp\/v2\/media\/3294"}],"wp:attachment":[{"href":"https:\/\/mountlaser.com\/fr_fr\/wp-json\/wp\/v2\/media?parent=3293"}],"wp:term":[{"taxonomy":"product_brand","embeddable":true,"href":"https:\/\/mountlaser.com\/fr_fr\/wp-json\/wp\/v2\/product_brand?post=3293"},{"taxonomy":"product_cat","embeddable":true,"href":"https:\/\/mountlaser.com\/fr_fr\/wp-json\/wp\/v2\/product_cat?post=3293"},{"taxonomy":"product_tag","embeddable":true,"href":"https:\/\/mountlaser.com\/fr_fr\/wp-json\/wp\/v2\/product_tag?post=3293"}],"curies":[{"name":"wp","href":"https:\/\/api.w.org\/{rel}","templated":true}]}}