{"id":3280,"date":"2025-11-04T07:37:26","date_gmt":"2025-11-04T07:37:26","guid":{"rendered":"https:\/\/mountlaser.com\/?post_type=product&#038;p=3280"},"modified":"2025-11-28T02:53:40","modified_gmt":"2025-11-28T02:53:40","slug":"premium-t-series-rtw20a-wooden-tripod","status":"publish","type":"product","link":"https:\/\/mountlaser.com\/fr_fr\/produit\/premium-t-series-rtw20a-wooden-tripod\/","title":{"rendered":"Tr\u00e9pied en bois Premium s\u00e9rie T RTW20A"},"content":{"rendered":"<p>Le <a href=\"https:\/\/mountlaser.com\/fr_fr\/\"><strong>Tr\u00e9pied en bois Premium s\u00e9rie T RTW20A<\/strong><\/a> Le tr\u00e9pied en bois Mount Laser repr\u00e9sente la synth\u00e8se parfaite entre le savoir-faire traditionnel et les exigences modernes de la topographie. Con\u00e7u comme un tr\u00e9pied robuste en bois, il offre la stabilit\u00e9 exceptionnelle et les propri\u00e9t\u00e9s d&#039;amortissement des vibrations pl\u00e9biscit\u00e9es par les professionnels. Disponible en deux configurations\u00a0: le tr\u00e9pied en bois \u00e0 t\u00eate plate RTW20A et le tr\u00e9pied en bois \u00e0 t\u00eate plate RTW20A. <a href=\"https:\/\/mountlaser.com\/fr_fr\/products\/\">Tr\u00e9pied en bois Big Round Head RTW20A<\/a> \u2013 ce mod\u00e8le est id\u00e9al pour une utilisation avec des th\u00e9odolites et des stations totales, garantissant ainsi une fixation s\u00e9curis\u00e9e de vos instruments pour des lectures pr\u00e9cises.<\/p>\n<p><img fetchpriority=\"high\" decoding=\"async\" class=\"aligncenter wp-image-3282\" src=\"https:\/\/mountlaser.com\/wp-content\/uploads\/2025\/11\/rtw20a.webp\" alt=\"Medium-Duty Wooden Tripod\" width=\"500\" height=\"500\" srcset=\"https:\/\/mountlaser.com\/wp-content\/uploads\/2025\/11\/rtw20a.webp 800w, https:\/\/mountlaser.com\/wp-content\/uploads\/2025\/11\/rtw20a-300x300.webp 300w, https:\/\/mountlaser.com\/wp-content\/uploads\/2025\/11\/rtw20a-400x400.webp 400w, https:\/\/mountlaser.com\/wp-content\/uploads\/2025\/11\/rtw20a-600x600.webp 600w, https:\/\/mountlaser.com\/wp-content\/uploads\/2025\/11\/rtw20a-150x150.webp 150w, https:\/\/mountlaser.com\/wp-content\/uploads\/2025\/11\/rtw20a-768x768.webp 768w, https:\/\/mountlaser.com\/wp-content\/uploads\/2025\/11\/rtw20a-12x12.webp 12w\" sizes=\"(max-width: 500px) 100vw, 500px\" \/><\/p>\n<p>Fabriqu\u00e9 en bois de haute qualit\u00e9 et s\u00e9lectionn\u00e9 avec soin, ce tr\u00e9pied en bois de pr\u00e9cision \u00e0 usage moyen offre une stabilit\u00e9 sup\u00e9rieure et une r\u00e9sistance \u00e0 la torsion accrue par rapport aux mod\u00e8les standards. Sa conception de taille moyenne assure un \u00e9quilibre parfait entre une base solide sur le terrain et une portabilit\u00e9 optimale. Ce tr\u00e9pied en bois polyvalent est \u00e9quip\u00e9 d&#039;une vis de fixation standard en laiton 5\/8\u2033-11, garantissant une large compatibilit\u00e9 et une excellente r\u00e9sistance \u00e0 la corrosion. Pour les g\u00e9om\u00e8tres exigeants qui privil\u00e9gient la fiabilit\u00e9 et la robustesse naturelle du bois, le RTW20A est le tr\u00e9pied en bois de pr\u00e9cision par excellence pour une multitude d&#039;applications.<\/p>\n<p>&nbsp;<\/p>\n<p><strong><a href=\"https:\/\/mountlaser.com\/fr_fr\/contact-us\/\">S\u00e9rie T Premium RTW20A<\/a> Sp\u00e9cifications du tr\u00e9pied en bois<\/strong><\/p>\n<table style=\"border-collapse: collapse; width: 650.27pt;\" border=\"0\" width=\"867\" cellspacing=\"0\" cellpadding=\"0\">\n<tbody>\n<tr style=\"height: 14.25pt;\">\n<td class=\"et2\" style=\"height: 14.25pt; width: 122.25pt;\" width=\"163\" height=\"19\">NOMBRE<\/td>\n<td class=\"et2\" style=\"width: 97.50pt;\" width=\"130\">JAMBES<\/td>\n<td class=\"et2\" style=\"width: 90.75pt;\" width=\"121\">T\u00caTE<\/td>\n<td class=\"et2\" style=\"width: 100.50pt;\" width=\"134\">TYPE DE SERRURE<\/td>\n<td class=\"et2\" style=\"width: 99.00pt;\" width=\"132\">MAT\u00c9RIEL<\/td>\n<td class=\"et2\" style=\"width: 86.25pt;\" width=\"115\">EXTENSION<\/td>\n<td class=\"et2\" style=\"width: 54.00pt;\" width=\"72\">NO<\/td>\n<\/tr>\n<tr style=\"height: 14.25pt;\">\n<td class=\"et2\" style=\"height: 14.25pt;\" height=\"19\">RTW20A-FCTBK<\/td>\n<td class=\"et2\">Bois<\/td>\n<td class=\"et2\">Plat de 160 mm<\/td>\n<td class=\"et2\">Pince \u00e0 torsion<\/td>\n<td class=\"et2\">Noir<\/td>\n<td class=\"et2\">172 cm<\/td>\n<td class=\"et2\">5,8 kg<\/td>\n<\/tr>\n<tr style=\"height: 14.25pt;\">\n<td class=\"et2\" style=\"height: 14.25pt;\" height=\"19\">RTW20A-FCDBK<\/td>\n<td class=\"et2\">Bois<\/td>\n<td class=\"et2\">Plat de 160 mm<\/td>\n<td class=\"et2\">Double pince<\/td>\n<td class=\"et2\">Noir<\/td>\n<td class=\"et2\">167 cm<\/td>\n<td class=\"et2\">6,2 kg<\/td>\n<\/tr>\n<\/tbody>\n<\/table>","protected":false},"excerpt":{"rendered":"<ul>\n<li>Elle pr\u00e9sente des performances anti-torsion am\u00e9lior\u00e9es gr\u00e2ce \u00e0 sa construction robuste en bois.<\/li>\n<li>Sa conception robuste offre un \u00e9quilibre optimal entre solidit\u00e9 et portabilit\u00e9 sur le terrain.<\/li>\n<li>Le choix id\u00e9al pour les professionnels \u00e0 la recherche d&#039;un tr\u00e9pied en bois de pr\u00e9cision fiable pour des mesures critiques.<\/li>\n<\/ul>","protected":false},"featured_media":3281,"comment_status":"open","ping_status":"closed","template":"","meta":[],"product_brand":[],"product_cat":[91,113],"product_tag":[],"class_list":{"0":"post-3280","1":"product","2":"type-product","3":"status-publish","4":"has-post-thumbnail","6":"product_cat-bipod-tripod","7":"product_cat-wood-fiberglass-tripods","9":"first","10":"instock","11":"shipping-taxable","12":"product-type-simple"},"_links":{"self":[{"href":"https:\/\/mountlaser.com\/fr_fr\/wp-json\/wp\/v2\/product\/3280","targetHints":{"allow":["GET"]}}],"collection":[{"href":"https:\/\/mountlaser.com\/fr_fr\/wp-json\/wp\/v2\/product"}],"about":[{"href":"https:\/\/mountlaser.com\/fr_fr\/wp-json\/wp\/v2\/types\/product"}],"replies":[{"embeddable":true,"href":"https:\/\/mountlaser.com\/fr_fr\/wp-json\/wp\/v2\/comments?post=3280"}],"wp:featuredmedia":[{"embeddable":true,"href":"https:\/\/mountlaser.com\/fr_fr\/wp-json\/wp\/v2\/media\/3281"}],"wp:attachment":[{"href":"https:\/\/mountlaser.com\/fr_fr\/wp-json\/wp\/v2\/media?parent=3280"}],"wp:term":[{"taxonomy":"product_brand","embeddable":true,"href":"https:\/\/mountlaser.com\/fr_fr\/wp-json\/wp\/v2\/product_brand?post=3280"},{"taxonomy":"product_cat","embeddable":true,"href":"https:\/\/mountlaser.com\/fr_fr\/wp-json\/wp\/v2\/product_cat?post=3280"},{"taxonomy":"product_tag","embeddable":true,"href":"https:\/\/mountlaser.com\/fr_fr\/wp-json\/wp\/v2\/product_tag?post=3280"}],"curies":[{"name":"wp","href":"https:\/\/api.w.org\/{rel}","templated":true}]}}