{"id":3279,"date":"2025-11-04T07:43:20","date_gmt":"2025-11-04T07:43:20","guid":{"rendered":"https:\/\/mountlaser.com\/?post_type=product&#038;p=3279"},"modified":"2025-11-28T02:52:06","modified_gmt":"2025-11-28T02:52:06","slug":"mp109-angled-mini-prism","status":"publish","type":"product","link":"https:\/\/mountlaser.com\/fr_fr\/produit\/mp109-angled-mini-prism\/","title":{"rendered":"Mini prisme coud\u00e9 MP109"},"content":{"rendered":"<p>La s\u00e9rie de mini-prismes inclin\u00e9s MP109 est con\u00e7ue pour une surveillance pr\u00e9cise et \u00e0 long terme des structures et des d\u00e9formations dans des environnements difficiles tels que les voies ferr\u00e9es, les ponts et les tunnels. Disponible en deux mod\u00e8les\u00a0: le mini-prisme r\u00e9tro-r\u00e9fl\u00e9chissant simple MP109S et le MP109D. <a href=\"https:\/\/mountlaser.com\/fr_fr\/products\/\"><strong>Mini prisme r\u00e9tro-r\u00e9fl\u00e9chissant double<\/strong><\/a> \u2014 ce syst\u00e8me offre une pr\u00e9cision fiable et des options d&#039;installation flexibles pour diverses applications d&#039;ing\u00e9nierie.<\/p>\n<p>Le <a href=\"https:\/\/mountlaser.com\/fr_fr\/\"><strong>Mini-prisme double face<\/strong><\/a> Sa configuration permet des mesures simultan\u00e9es multidirectionnelles, garantissant une grande pr\u00e9cision et une efficacit\u00e9 optimale dans la collecte de donn\u00e9es. Mont\u00e9 sur une plaque inclin\u00e9e, le mini-prisme double face permet des lectures pr\u00e9cises m\u00eame sous des angles d&#039;observation obliques, ce qui le rend id\u00e9al pour les espaces confin\u00e9s ou d&#039;acc\u00e8s difficile.<\/p>\n<p><img fetchpriority=\"high\" decoding=\"async\" class=\"wp-image-3284 aligncenter\" src=\"https:\/\/mountlaser.com\/wp-content\/uploads\/2025\/11\/3-1MP1092.webp\" alt=\"mp109 Double side mini prism\" width=\"500\" height=\"500\" srcset=\"https:\/\/mountlaser.com\/wp-content\/uploads\/2025\/11\/3-1MP1092.webp 1000w, https:\/\/mountlaser.com\/wp-content\/uploads\/2025\/11\/3-1MP1092-300x300.webp 300w, https:\/\/mountlaser.com\/wp-content\/uploads\/2025\/11\/3-1MP1092-400x400.webp 400w, https:\/\/mountlaser.com\/wp-content\/uploads\/2025\/11\/3-1MP1092-800x800.webp 800w, https:\/\/mountlaser.com\/wp-content\/uploads\/2025\/11\/3-1MP1092-600x600.webp 600w, https:\/\/mountlaser.com\/wp-content\/uploads\/2025\/11\/3-1MP1092-150x150.webp 150w, https:\/\/mountlaser.com\/wp-content\/uploads\/2025\/11\/3-1MP1092-768x768.webp 768w, https:\/\/mountlaser.com\/wp-content\/uploads\/2025\/11\/3-1MP1092-12x12.webp 12w\" sizes=\"(max-width: 500px) 100vw, 500px\" \/><\/p>\n<p>Fabriqu\u00e9 \u00e0 partir de mat\u00e9riaux durables et r\u00e9sistants aux intemp\u00e9ries, le <a href=\"https:\/\/mountlaser.com\/fr_fr\/contact-us\/\">Mini-prisme double face<\/a> R\u00e9sistant aux conditions ext\u00e9rieures difficiles tout en conservant une pr\u00e9cision optique optimale, son montage permanent permet des mesures \u00e0 distance sans perturber la circulation ni les travaux, offrant ainsi s\u00e9curit\u00e9 et praticit\u00e9 pour les projets de surveillance \u00e0 long terme.<\/p>","protected":false},"excerpt":{"rendered":"<ul>\n<li>Conception \u00e0 montage permanent\u00a0: permet une surveillance \u00e0 distance et non intrusive sans perturber la circulation.<\/li>\n<li>Support de prisme inclin\u00e9\u00a0: Am\u00e9liore la pr\u00e9cision des mesures depuis diff\u00e9rentes directions d\u2019observation.<\/li>\n<li>Configuration double : Le mini-prisme double face offre une capacit\u00e9 de mesure bidirectionnelle et flexible.<\/li>\n<li>Durable et r\u00e9sistant aux intemp\u00e9ries : con\u00e7u pour une stabilit\u00e9 \u00e0 long terme en ext\u00e9rieur.<\/li>\n<li>Id\u00e9al pour les espaces confin\u00e9s\u00a0: efficace pour la surveillance des voies ferr\u00e9es, des tunnels et des ponts.<\/li>\n<\/ul>","protected":false},"featured_media":3284,"comment_status":"open","ping_status":"closed","template":"","meta":[],"product_brand":[],"product_cat":[72,112],"product_tag":[],"class_list":{"0":"post-3279","1":"product","2":"type-product","3":"status-publish","4":"has-post-thumbnail","6":"product_cat-reflective-target-prism","7":"product_cat-monitoring-prism","9":"first","10":"instock","11":"shipping-taxable","12":"product-type-simple"},"_links":{"self":[{"href":"https:\/\/mountlaser.com\/fr_fr\/wp-json\/wp\/v2\/product\/3279","targetHints":{"allow":["GET"]}}],"collection":[{"href":"https:\/\/mountlaser.com\/fr_fr\/wp-json\/wp\/v2\/product"}],"about":[{"href":"https:\/\/mountlaser.com\/fr_fr\/wp-json\/wp\/v2\/types\/product"}],"replies":[{"embeddable":true,"href":"https:\/\/mountlaser.com\/fr_fr\/wp-json\/wp\/v2\/comments?post=3279"}],"wp:featuredmedia":[{"embeddable":true,"href":"https:\/\/mountlaser.com\/fr_fr\/wp-json\/wp\/v2\/media\/3284"}],"wp:attachment":[{"href":"https:\/\/mountlaser.com\/fr_fr\/wp-json\/wp\/v2\/media?parent=3279"}],"wp:term":[{"taxonomy":"product_brand","embeddable":true,"href":"https:\/\/mountlaser.com\/fr_fr\/wp-json\/wp\/v2\/product_brand?post=3279"},{"taxonomy":"product_cat","embeddable":true,"href":"https:\/\/mountlaser.com\/fr_fr\/wp-json\/wp\/v2\/product_cat?post=3279"},{"taxonomy":"product_tag","embeddable":true,"href":"https:\/\/mountlaser.com\/fr_fr\/wp-json\/wp\/v2\/product_tag?post=3279"}],"curies":[{"name":"wp","href":"https:\/\/api.w.org\/{rel}","templated":true}]}}