{"id":3261,"date":"2025-11-04T06:28:51","date_gmt":"2025-11-04T06:28:51","guid":{"rendered":"https:\/\/mountlaser.com\/?post_type=product&#038;p=3261"},"modified":"2025-11-28T02:56:54","modified_gmt":"2025-11-28T02:56:54","slug":"premium-t-series-rtf20-fiberglass-tripod","status":"publish","type":"product","link":"https:\/\/mountlaser.com\/fr_fr\/produit\/premium-t-series-rtf20-fiberglass-tripod\/","title":{"rendered":"Tr\u00e9pied en fibre de verre Premium s\u00e9rie T RTF20"},"content":{"rendered":"<p><a href=\"https:\/\/mountlaser.com\/fr_fr\/\u3001\/\"><strong>Tr\u00e9pied en fibre de verre de qualit\u00e9 sup\u00e9rieure s\u00e9rie T RTF20<\/strong><\/a> De Mount Laser, le tr\u00e9pied RTF20 est le choix id\u00e9al pour les g\u00e9om\u00e8tres exigeants en mati\u00e8re de stabilit\u00e9 et de durabilit\u00e9. Con\u00e7u comme un tr\u00e9pied robuste en fibre de verre de moyenne capacit\u00e9, il offre des performances exceptionnelles sur le terrain, quelles que soient les conditions. Que vous optiez pour le tr\u00e9pied RTF20 \u00e0 t\u00eate plate ou celui \u00e0 t\u00eate ronde, vous b\u00e9n\u00e9ficiez d&#039;une configuration fiable, parfaitement adapt\u00e9e aux stations totales et autres instruments de pr\u00e9cision.<\/p>\n<p><img fetchpriority=\"high\" decoding=\"async\" class=\"aligncenter wp-image-3266\" src=\"https:\/\/mountlaser.com\/wp-content\/uploads\/2025\/11\/RTF20-FCD7.webp\" alt=\"Medium-duty Fiberglass Tripod\" width=\"500\" height=\"500\" srcset=\"https:\/\/mountlaser.com\/wp-content\/uploads\/2025\/11\/RTF20-FCD7.webp 1000w, https:\/\/mountlaser.com\/wp-content\/uploads\/2025\/11\/RTF20-FCD7-300x300.webp 300w, https:\/\/mountlaser.com\/wp-content\/uploads\/2025\/11\/RTF20-FCD7-400x400.webp 400w, https:\/\/mountlaser.com\/wp-content\/uploads\/2025\/11\/RTF20-FCD7-800x800.webp 800w, https:\/\/mountlaser.com\/wp-content\/uploads\/2025\/11\/RTF20-FCD7-600x600.webp 600w, https:\/\/mountlaser.com\/wp-content\/uploads\/2025\/11\/RTF20-FCD7-150x150.webp 150w, https:\/\/mountlaser.com\/wp-content\/uploads\/2025\/11\/RTF20-FCD7-768x768.webp 768w, https:\/\/mountlaser.com\/wp-content\/uploads\/2025\/11\/RTF20-FCD7-12x12.webp 12w\" sizes=\"(max-width: 500px) 100vw, 500px\" \/><\/p>\n<p>Fabriqu\u00e9 avec une structure robuste \u00e0 pieds carr\u00e9s, ce tr\u00e9pied de topographie en fibre de verre offre une rigidit\u00e9 accrue et r\u00e9siste \u00e0 la torsion sous charge. Il est compos\u00e9 de pi\u00e8ces en alliage d&#039;aluminium de haute qualit\u00e9., <a href=\"https:\/\/mountlaser.com\/fr_fr\/products\/\"><strong>tr\u00e9pied en fibre de verre de r\u00e9sistance moyenne<\/strong> <\/a>Offrant une r\u00e9sistance exceptionnelle aux chocs, le RTF20 garantit une utilisation durable m\u00eame sur les chantiers les plus exigeants. Dot\u00e9 d&#039;un boulon \u00e0 \u00e9trier universel en laiton 5\/8\u2033-11, il est compatible avec une large gamme d&#039;instruments topographiques, ce qui en fait un outil polyvalent et fiable. <a href=\"https:\/\/mountlaser.com\/fr_fr\/contact-us\/\">tr\u00e9pied en fibre de verre de r\u00e9sistance moyenne<\/a> pour tous vos besoins professionnels.<\/p>\n<p>&nbsp;<\/p>\n<p>Sp\u00e9cifications du tr\u00e9pied en fibre de verre Premium s\u00e9rie T RTF20<\/p>\n<table style=\"border-collapse: collapse; width: 622.52pt;\" border=\"0\" width=\"830\" cellspacing=\"0\" cellpadding=\"0\">\n<tbody>\n<tr style=\"height: 14.25pt;\">\n<td class=\"et2\" style=\"height: 14.25pt; width: 94.50pt;\" width=\"126\" height=\"19\">NOMBRE<\/td>\n<td class=\"et2\" style=\"width: 97.50pt;\" width=\"130\">JAMBES<\/td>\n<td class=\"et2\" style=\"width: 90.75pt;\" width=\"121\">T\u00caTE<\/td>\n<td class=\"et2\" style=\"width: 100.50pt;\" width=\"134\">TYPE DE SERRURE<\/td>\n<td class=\"et2\" style=\"width: 99.00pt;\" width=\"132\">MAT\u00c9RIEL<\/td>\n<td class=\"et2\" style=\"width: 86.25pt;\" width=\"115\">EXTENSION<\/td>\n<td class=\"et2\" style=\"width: 54.00pt;\" width=\"72\">NO<\/td>\n<\/tr>\n<tr style=\"height: 14.25pt;\">\n<td class=\"et2\" style=\"height: 14.25pt;\" height=\"19\">RTF20-FCD<\/td>\n<td class=\"et2\">Fibre de verre<\/td>\n<td class=\"et2\">Plat de 160 mm<\/td>\n<td class=\"et2\">Double pince<\/td>\n<td class=\"et2\">Noir<\/td>\n<td class=\"et2\">165 cm<\/td>\n<td class=\"et2\">5,6 kg<\/td>\n<\/tr>\n<tr style=\"height: 14.25pt;\">\n<td class=\"et2\" style=\"height: 14.25pt;\" height=\"19\">RTF20-BCD<\/td>\n<td class=\"et2\">Fibre de verre<\/td>\n<td class=\"et2\">Rond de 166 mm<\/td>\n<td class=\"et2\">Double pince<\/td>\n<td class=\"et2\">Noir<\/td>\n<td class=\"et2\">165 cm<\/td>\n<td class=\"et2\">5,8 kg<\/td>\n<\/tr>\n<\/tbody>\n<\/table>","protected":false},"excerpt":{"rendered":"<ul>\n<li>Sa construction robuste lui permet de r\u00e9sister aux conditions difficiles du terrain sans compromettre la pr\u00e9cision.<\/li>\n<li>Fabriqu\u00e9 en alliage d&#039;aluminium pour un \u00e9quilibre parfait entre r\u00e9sistance et r\u00e9sistance aux chocs.<\/li>\n<li>Un excellent exemple de tr\u00e9pied de topographie en fibre de verre, fiable et offrant une base stable pour des mesures de pr\u00e9cision.<\/li>\n<\/ul>","protected":false},"featured_media":3262,"comment_status":"open","ping_status":"closed","template":"","meta":[],"product_brand":[],"product_cat":[91,113],"product_tag":[],"class_list":{"0":"post-3261","1":"product","2":"type-product","3":"status-publish","4":"has-post-thumbnail","6":"product_cat-bipod-tripod","7":"product_cat-wood-fiberglass-tripods","9":"first","10":"instock","11":"shipping-taxable","12":"product-type-simple"},"_links":{"self":[{"href":"https:\/\/mountlaser.com\/fr_fr\/wp-json\/wp\/v2\/product\/3261","targetHints":{"allow":["GET"]}}],"collection":[{"href":"https:\/\/mountlaser.com\/fr_fr\/wp-json\/wp\/v2\/product"}],"about":[{"href":"https:\/\/mountlaser.com\/fr_fr\/wp-json\/wp\/v2\/types\/product"}],"replies":[{"embeddable":true,"href":"https:\/\/mountlaser.com\/fr_fr\/wp-json\/wp\/v2\/comments?post=3261"}],"wp:featuredmedia":[{"embeddable":true,"href":"https:\/\/mountlaser.com\/fr_fr\/wp-json\/wp\/v2\/media\/3262"}],"wp:attachment":[{"href":"https:\/\/mountlaser.com\/fr_fr\/wp-json\/wp\/v2\/media?parent=3261"}],"wp:term":[{"taxonomy":"product_brand","embeddable":true,"href":"https:\/\/mountlaser.com\/fr_fr\/wp-json\/wp\/v2\/product_brand?post=3261"},{"taxonomy":"product_cat","embeddable":true,"href":"https:\/\/mountlaser.com\/fr_fr\/wp-json\/wp\/v2\/product_cat?post=3261"},{"taxonomy":"product_tag","embeddable":true,"href":"https:\/\/mountlaser.com\/fr_fr\/wp-json\/wp\/v2\/product_tag?post=3261"}],"curies":[{"name":"wp","href":"https:\/\/api.w.org\/{rel}","templated":true}]}}