{"id":3259,"date":"2025-11-04T06:29:00","date_gmt":"2025-11-04T06:29:00","guid":{"rendered":"https:\/\/mountlaser.com\/?post_type=product&#038;p=3259"},"modified":"2025-11-28T02:55:50","modified_gmt":"2025-11-28T02:55:50","slug":"gmp101-mini-prism","status":"publish","type":"product","link":"https:\/\/mountlaser.com\/fr_fr\/produit\/gmp101-mini-prism\/","title":{"rendered":"Mini-prisme GMP101"},"content":{"rendered":"<p>Le <a href=\"https:\/\/mountlaser.com\/fr_fr\/\"><strong>Kit mini-prisme GMP101<\/strong><\/a> Le mini-prisme GMP101 est un appareil professionnel de haute pr\u00e9cision con\u00e7u pour les lev\u00e9s topographiques, la construction et la surveillance. Dot\u00e9 d&#039;un prisme cuivr\u00e9 de 25,4 mm, ce kit offre une r\u00e9flectivit\u00e9 du signal et une pr\u00e9cision de mesure exceptionnelles, ce qui en fait un choix fiable pour les travaux de terrain et les missions de surveillance \u00e0 long terme.<\/p>\n<p>Dot\u00e9 d&#039;un bo\u00eetier robuste en aluminium moul\u00e9 sous pression, le <a href=\"https:\/\/mountlaser.com\/fr_fr\/contact-us\/\"><strong>Mini-prisme de haute pr\u00e9cision<\/strong><\/a> Il garantit des performances constantes m\u00eame dans des environnements ext\u00e9rieurs exigeants. La plaque cible int\u00e9gr\u00e9e avec niveau \u00e0 bulle int\u00e9gr\u00e9 permet un alignement facile et pr\u00e9cis, tandis que le piquet de sol robuste assure une excellente stabilit\u00e9 sur les terrains accident\u00e9s.<\/p>\n<p><img fetchpriority=\"high\" decoding=\"async\" class=\"aligncenter wp-image-3272\" src=\"https:\/\/mountlaser.com\/wp-content\/uploads\/2025\/11\/5-5GMP1014.webp\" alt=\"GMP101 Mini Prism Kit\" width=\"500\" height=\"500\" srcset=\"https:\/\/mountlaser.com\/wp-content\/uploads\/2025\/11\/5-5GMP1014.webp 1000w, https:\/\/mountlaser.com\/wp-content\/uploads\/2025\/11\/5-5GMP1014-300x300.webp 300w, https:\/\/mountlaser.com\/wp-content\/uploads\/2025\/11\/5-5GMP1014-400x400.webp 400w, https:\/\/mountlaser.com\/wp-content\/uploads\/2025\/11\/5-5GMP1014-800x800.webp 800w, https:\/\/mountlaser.com\/wp-content\/uploads\/2025\/11\/5-5GMP1014-600x600.webp 600w, https:\/\/mountlaser.com\/wp-content\/uploads\/2025\/11\/5-5GMP1014-150x150.webp 150w, https:\/\/mountlaser.com\/wp-content\/uploads\/2025\/11\/5-5GMP1014-768x768.webp 768w, https:\/\/mountlaser.com\/wp-content\/uploads\/2025\/11\/5-5GMP1014-12x12.webp 12w\" sizes=\"(max-width: 500px) 100vw, 500px\" \/><\/p>\n<p>Disponible avec des options de pr\u00e9cision de 2\u2033, 3\u20134\u2033 ou 5\u20138\u2033, le kit de mini-prisme GMP101 r\u00e9pond \u00e0 diverses exigences de projets gr\u00e2ce \u00e0 une pr\u00e9cision de centrage jusqu&#039;\u00e0 \u00b12,0 mm et une constante de prisme de 17,5 mm (d\u00e9calage suisse). Ce mini-prisme de haute pr\u00e9cision est \u00e9galement fourni avec une housse de transport souple pour faciliter son transport et assurer sa protection, offrant ainsi un \u00e9quilibre parfait entre pr\u00e9cision, durabilit\u00e9 et portabilit\u00e9 pour les professionnels de terrain.<\/p>","protected":false},"excerpt":{"rendered":"<ul>\n<li>Niveau \u00e0 bulle int\u00e9gr\u00e9 : assure un alignement rapide et pr\u00e9cis sur le terrain.<\/li>\n<li>Conception durable : Bo\u00eetier en aluminium moul\u00e9 sous pression pour une utilisation robuste et durable.<\/li>\n<li>Fixation stable : \u00c9quip\u00e9 d&#039;un piquet de sol robuste pour une installation ferme.<\/li>\n<li>Kit pratique : Comprend un sac de transport pour un rangement et un transport faciles.<\/li>\n<\/ul>","protected":false},"featured_media":3270,"comment_status":"open","ping_status":"closed","template":"","meta":[],"product_brand":[],"product_cat":[72,112],"product_tag":[],"class_list":{"0":"post-3259","1":"product","2":"type-product","3":"status-publish","4":"has-post-thumbnail","6":"product_cat-reflective-target-prism","7":"product_cat-monitoring-prism","9":"first","10":"instock","11":"shipping-taxable","12":"product-type-simple"},"_links":{"self":[{"href":"https:\/\/mountlaser.com\/fr_fr\/wp-json\/wp\/v2\/product\/3259","targetHints":{"allow":["GET"]}}],"collection":[{"href":"https:\/\/mountlaser.com\/fr_fr\/wp-json\/wp\/v2\/product"}],"about":[{"href":"https:\/\/mountlaser.com\/fr_fr\/wp-json\/wp\/v2\/types\/product"}],"replies":[{"embeddable":true,"href":"https:\/\/mountlaser.com\/fr_fr\/wp-json\/wp\/v2\/comments?post=3259"}],"wp:featuredmedia":[{"embeddable":true,"href":"https:\/\/mountlaser.com\/fr_fr\/wp-json\/wp\/v2\/media\/3270"}],"wp:attachment":[{"href":"https:\/\/mountlaser.com\/fr_fr\/wp-json\/wp\/v2\/media?parent=3259"}],"wp:term":[{"taxonomy":"product_brand","embeddable":true,"href":"https:\/\/mountlaser.com\/fr_fr\/wp-json\/wp\/v2\/product_brand?post=3259"},{"taxonomy":"product_cat","embeddable":true,"href":"https:\/\/mountlaser.com\/fr_fr\/wp-json\/wp\/v2\/product_cat?post=3259"},{"taxonomy":"product_tag","embeddable":true,"href":"https:\/\/mountlaser.com\/fr_fr\/wp-json\/wp\/v2\/product_tag?post=3259"}],"curies":[{"name":"wp","href":"https:\/\/api.w.org\/{rel}","templated":true}]}}