{"id":3248,"date":"2025-11-04T05:40:20","date_gmt":"2025-11-04T05:40:20","guid":{"rendered":"https:\/\/mountlaser.com\/?post_type=product&#038;p=3248"},"modified":"2025-11-28T02:57:56","modified_gmt":"2025-11-28T02:57:56","slug":"mp112-rod-monitoring-prism","status":"publish","type":"product","link":"https:\/\/mountlaser.com\/fr_fr\/produit\/mp112-rod-monitoring-prism\/","title":{"rendered":"Prisme de surveillance de tige MP112"},"content":{"rendered":"<p>Pr\u00e9sentation du produit MP112 Metal Road Prism<\/p>\n<p>Le prisme de route m\u00e9tallique MP112 est un instrument de haute pr\u00e9cision. <a href=\"https:\/\/mountlaser.com\/fr_fr\/\"><strong>mini prisme pour la surveillance routi\u00e8re<\/strong><\/a>, Con\u00e7u pour l&#039;observation structurelle \u00e0 long terme et la mesure de la stabilit\u00e9 des infrastructures critiques, cet appareil s&#039;int\u00e8gre parfaitement aux syst\u00e8mes de stations totales motoris\u00e9es automatis\u00e9es (AMTS). <a href=\"https:\/\/mountlaser.com\/fr_fr\/products\/\"><strong>Prisme de surveillance de tige MP112<\/strong><\/a> assure une pr\u00e9cision constante et des performances fiables pour les projets concernant les routes, les chauss\u00e9es, les tunnels et les b\u00e2timents.<\/p>\n<p>Disponible en deux versions \u2014 le mini-prisme simple face MP112 et le mini-prisme double face MP112D \u2014, ce mini-prisme pour la surveillance routi\u00e8re offre une grande flexibilit\u00e9 d&#039;installation pour s&#039;adapter \u00e0 diverses conditions de chantier. Fabriqu\u00e9 avec un bo\u00eetier en aluminium moul\u00e9 avec pr\u00e9cision, le prisme de surveillance sur tige MP112 garantit une durabilit\u00e9 exceptionnelle, une r\u00e9sistance \u00e0 la corrosion et une fiabilit\u00e9 \u00e0 long terme, m\u00eame dans des conditions environnementales difficiles.<\/p>\n<p><img fetchpriority=\"high\" decoding=\"async\" class=\"aligncenter wp-image-3256\" src=\"https:\/\/mountlaser.com\/wp-content\/uploads\/2025\/11\/3-3MP1128.webp\" alt=\"MP112 rod monitoring prism\" width=\"500\" height=\"500\" srcset=\"https:\/\/mountlaser.com\/wp-content\/uploads\/2025\/11\/3-3MP1128.webp 1000w, https:\/\/mountlaser.com\/wp-content\/uploads\/2025\/11\/3-3MP1128-300x300.webp 300w, https:\/\/mountlaser.com\/wp-content\/uploads\/2025\/11\/3-3MP1128-400x400.webp 400w, https:\/\/mountlaser.com\/wp-content\/uploads\/2025\/11\/3-3MP1128-800x800.webp 800w, https:\/\/mountlaser.com\/wp-content\/uploads\/2025\/11\/3-3MP1128-600x600.webp 600w, https:\/\/mountlaser.com\/wp-content\/uploads\/2025\/11\/3-3MP1128-150x150.webp 150w, https:\/\/mountlaser.com\/wp-content\/uploads\/2025\/11\/3-3MP1128-768x768.webp 768w, https:\/\/mountlaser.com\/wp-content\/uploads\/2025\/11\/3-3MP1128-12x12.webp 12w\" sizes=\"(max-width: 500px) 100vw, 500px\" \/><\/p>\n<p>Gr\u00e2ce \u00e0 son profil compact et \u00e0 son inclinaison de 10\u00b0, ce mini-prisme pour la surveillance routi\u00e8re permet une installation en faible visibilit\u00e9 sans g\u00eaner la circulation routi\u00e8re, tout en maintenant un alignement parfait pour les syst\u00e8mes AMTS. <a href=\"https:\/\/mountlaser.com\/fr_fr\/contact-us\/\">Le prisme de surveillance de tige MP112<\/a> fournit des donn\u00e9es de d\u00e9formation pr\u00e9cises, permettant une surveillance pr\u00e9cise des routes et des infrastructures sur de longues p\u00e9riodes d&#039;exploitation.<\/p>","protected":false},"excerpt":{"rendered":"<ul>\n<li>Deux options de mod\u00e8le : MP112 (simple face) et MP112D (double face) pour des configurations de surveillance flexibles.<\/li>\n<li>Corps en m\u00e9tal durable<\/li>\n<li>Optimis\u00e9 pour AMTS<\/li>\n<li>Conception discr\u00e8te<\/li>\n<li>Haute pr\u00e9cision<\/li>\n<\/ul>","protected":false},"featured_media":3249,"comment_status":"open","ping_status":"closed","template":"","meta":[],"product_brand":[],"product_cat":[72,112],"product_tag":[],"class_list":{"0":"post-3248","1":"product","2":"type-product","3":"status-publish","4":"has-post-thumbnail","6":"product_cat-reflective-target-prism","7":"product_cat-monitoring-prism","9":"first","10":"instock","11":"shipping-taxable","12":"product-type-simple"},"_links":{"self":[{"href":"https:\/\/mountlaser.com\/fr_fr\/wp-json\/wp\/v2\/product\/3248","targetHints":{"allow":["GET"]}}],"collection":[{"href":"https:\/\/mountlaser.com\/fr_fr\/wp-json\/wp\/v2\/product"}],"about":[{"href":"https:\/\/mountlaser.com\/fr_fr\/wp-json\/wp\/v2\/types\/product"}],"replies":[{"embeddable":true,"href":"https:\/\/mountlaser.com\/fr_fr\/wp-json\/wp\/v2\/comments?post=3248"}],"wp:featuredmedia":[{"embeddable":true,"href":"https:\/\/mountlaser.com\/fr_fr\/wp-json\/wp\/v2\/media\/3249"}],"wp:attachment":[{"href":"https:\/\/mountlaser.com\/fr_fr\/wp-json\/wp\/v2\/media?parent=3248"}],"wp:term":[{"taxonomy":"product_brand","embeddable":true,"href":"https:\/\/mountlaser.com\/fr_fr\/wp-json\/wp\/v2\/product_brand?post=3248"},{"taxonomy":"product_cat","embeddable":true,"href":"https:\/\/mountlaser.com\/fr_fr\/wp-json\/wp\/v2\/product_cat?post=3248"},{"taxonomy":"product_tag","embeddable":true,"href":"https:\/\/mountlaser.com\/fr_fr\/wp-json\/wp\/v2\/product_tag?post=3248"}],"curies":[{"name":"wp","href":"https:\/\/api.w.org\/{rel}","templated":true}]}}