{"id":3237,"date":"2025-11-04T03:07:54","date_gmt":"2025-11-04T03:07:54","guid":{"rendered":"https:\/\/mountlaser.com\/?post_type=product&#038;p=3237"},"modified":"2025-11-28T02:59:26","modified_gmt":"2025-11-28T02:59:26","slug":"mp111-road-monitoring-prism","status":"publish","type":"product","link":"https:\/\/mountlaser.com\/fr_fr\/produit\/mp111-road-monitoring-prism\/","title":{"rendered":"Prisme de surveillance routi\u00e8re MP111"},"content":{"rendered":"<p>Prisme routier en plastique MP111 \u2013 Prisme fiable pour la surveillance des routes dans le cadre de projets d&#039;infrastructure<\/p>\n<p>Le <a href=\"https:\/\/mountlaser.com\/fr_fr\/products\/\"><strong>Prisme routier en plastique MP111<\/strong><\/a> est compact et durable <a href=\"https:\/\/mountlaser.com\/fr_fr\/about-us\/\"><strong>Prisme de surveillance routi\u00e8re<\/strong><\/a> Con\u00e7u pour une pr\u00e9cision et une long\u00e9vit\u00e9 optimales dans les environnements d&#039;infrastructures exigeants tels que les routes, les m\u00e9tros et les ponts, ce prisme de surveillance routi\u00e8re allie une structure compacte \u00e0 des performances optiques sup\u00e9rieures. Destin\u00e9 \u00e0 une surveillance discr\u00e8te et \u00e0 long terme, il est dot\u00e9 d&#039;une structure compacte.<\/p>\n<p>Fabriqu\u00e9 en ABS haute r\u00e9sistance et r\u00e9sistant \u00e0 l&#039;usure, le prisme routier MP111 garantit une durabilit\u00e9 \u00e0 long terme, m\u00eame dans des conditions ext\u00e9rieures difficiles. Son rev\u00eatement protecteur anti-rayures le prot\u00e8ge de la poussi\u00e8re, des chocs et de l&#039;abrasion, pr\u00e9servant ainsi sa r\u00e9flectivit\u00e9 et la pr\u00e9cision de ses mesures au fil du temps.<\/p>\n<p><img fetchpriority=\"high\" decoding=\"async\" class=\"aligncenter wp-image-3239\" src=\"https:\/\/mountlaser.com\/wp-content\/uploads\/2025\/11\/3-2MP1112.webp\" alt=\" MP111 Road Monitoring Prism\" width=\"500\" height=\"500\" srcset=\"https:\/\/mountlaser.com\/wp-content\/uploads\/2025\/11\/3-2MP1112.webp 1000w, https:\/\/mountlaser.com\/wp-content\/uploads\/2025\/11\/3-2MP1112-300x300.webp 300w, https:\/\/mountlaser.com\/wp-content\/uploads\/2025\/11\/3-2MP1112-400x400.webp 400w, https:\/\/mountlaser.com\/wp-content\/uploads\/2025\/11\/3-2MP1112-800x800.webp 800w, https:\/\/mountlaser.com\/wp-content\/uploads\/2025\/11\/3-2MP1112-600x600.webp 600w, https:\/\/mountlaser.com\/wp-content\/uploads\/2025\/11\/3-2MP1112-150x150.webp 150w, https:\/\/mountlaser.com\/wp-content\/uploads\/2025\/11\/3-2MP1112-768x768.webp 768w, https:\/\/mountlaser.com\/wp-content\/uploads\/2025\/11\/3-2MP1112-12x12.webp 12w\" sizes=\"(max-width: 500px) 100vw, 500px\" \/><\/p>\n<p>Ce <a href=\"https:\/\/mountlaser.com\/fr_fr\/\">Prisme de surveillance routi\u00e8re<\/a> Dot\u00e9 d&#039;un design ultra-plat (seulement 20 mm de hauteur et 145 mm de diam\u00e8tre), le prisme routier MP111 permet une installation s\u00e9curis\u00e9e sans g\u00eaner la circulation pi\u00e9tonne ou automobile. \u00c9quip\u00e9 d&#039;un prisme cuivr\u00e9 de 12,7 mm et de quatre trous de fixation s\u00e9curis\u00e9s, il garantit une installation stable et inviolable. Son inclinaison verticale de 10\u00b0 offre une visibilit\u00e9 optimale et une acquisition de donn\u00e9es pr\u00e9cise, m\u00eame en cas de surveillance \u00e0 faible angle.<\/p>","protected":false},"excerpt":{"rendered":"<ul>\n<li>Permet une surveillance pr\u00e9cise et \u00e0 long terme des routes et des ponts.<\/li>\n<li>R\u00e9sister aux intemp\u00e9ries et aux contraintes m\u00e9caniques.<\/li>\n<li>Sa structure discr\u00e8te garantit la s\u00e9curit\u00e9 et une visibilit\u00e9 minimale.<\/li>\n<li>Le prisme recouvert de cuivre assure des mesures stables et \u00e0 haute r\u00e9flectivit\u00e9.<\/li>\n<li>Installation facile et s\u00e9curis\u00e9e<\/li>\n<\/ul>","protected":false},"featured_media":3240,"comment_status":"open","ping_status":"closed","template":"","meta":[],"product_brand":[],"product_cat":[72,112],"product_tag":[],"class_list":{"0":"post-3237","1":"product","2":"type-product","3":"status-publish","4":"has-post-thumbnail","6":"product_cat-reflective-target-prism","7":"product_cat-monitoring-prism","9":"first","10":"instock","11":"shipping-taxable","12":"product-type-simple"},"_links":{"self":[{"href":"https:\/\/mountlaser.com\/fr_fr\/wp-json\/wp\/v2\/product\/3237","targetHints":{"allow":["GET"]}}],"collection":[{"href":"https:\/\/mountlaser.com\/fr_fr\/wp-json\/wp\/v2\/product"}],"about":[{"href":"https:\/\/mountlaser.com\/fr_fr\/wp-json\/wp\/v2\/types\/product"}],"replies":[{"embeddable":true,"href":"https:\/\/mountlaser.com\/fr_fr\/wp-json\/wp\/v2\/comments?post=3237"}],"wp:featuredmedia":[{"embeddable":true,"href":"https:\/\/mountlaser.com\/fr_fr\/wp-json\/wp\/v2\/media\/3240"}],"wp:attachment":[{"href":"https:\/\/mountlaser.com\/fr_fr\/wp-json\/wp\/v2\/media?parent=3237"}],"wp:term":[{"taxonomy":"product_brand","embeddable":true,"href":"https:\/\/mountlaser.com\/fr_fr\/wp-json\/wp\/v2\/product_brand?post=3237"},{"taxonomy":"product_cat","embeddable":true,"href":"https:\/\/mountlaser.com\/fr_fr\/wp-json\/wp\/v2\/product_cat?post=3237"},{"taxonomy":"product_tag","embeddable":true,"href":"https:\/\/mountlaser.com\/fr_fr\/wp-json\/wp\/v2\/product_tag?post=3237"}],"curies":[{"name":"wp","href":"https:\/\/api.w.org\/{rel}","templated":true}]}}