{"id":3227,"date":"2025-11-03T09:21:41","date_gmt":"2025-11-03T09:21:41","guid":{"rendered":"https:\/\/mountlaser.com\/?post_type=product&#038;p=3227"},"modified":"2025-11-28T03:00:58","modified_gmt":"2025-11-28T03:00:58","slug":"pfa1-series-aluminum-tripod","status":"publish","type":"product","link":"https:\/\/mountlaser.com\/fr_fr\/produit\/pfa1-series-aluminum-tripod\/","title":{"rendered":"Tr\u00e9pied en aluminium s\u00e9rie PFA1"},"content":{"rendered":"<p><a href=\"https:\/\/mountlaser.com\/fr_fr\/\"><strong>Tr\u00e9pied en aluminium s\u00e9rie PFA1<\/strong><\/a>, Ce tr\u00e9pied en aluminium \u00e0 tube dor\u00e9 de style Sok offre une base robuste et fiable pour vos instruments de topographie de pr\u00e9cision. Con\u00e7u pour les professionnels exigeants, il est disponible avec deux types de t\u00eates polyvalentes (plate et bomb\u00e9e) pour une compatibilit\u00e9 et une configuration optimales dans diverses applications.<\/p>\n<p><img fetchpriority=\"high\" decoding=\"async\" class=\"aligncenter wp-image-3234\" src=\"https:\/\/mountlaser.com\/wp-content\/uploads\/2025\/11\/PFA1-FCT7.webp\" alt=\"Sok Style Golden Tube Aluminum Tripod\" width=\"500\" height=\"500\" srcset=\"https:\/\/mountlaser.com\/wp-content\/uploads\/2025\/11\/PFA1-FCT7.webp 1000w, https:\/\/mountlaser.com\/wp-content\/uploads\/2025\/11\/PFA1-FCT7-300x300.webp 300w, https:\/\/mountlaser.com\/wp-content\/uploads\/2025\/11\/PFA1-FCT7-400x400.webp 400w, https:\/\/mountlaser.com\/wp-content\/uploads\/2025\/11\/PFA1-FCT7-800x800.webp 800w, https:\/\/mountlaser.com\/wp-content\/uploads\/2025\/11\/PFA1-FCT7-600x600.webp 600w, https:\/\/mountlaser.com\/wp-content\/uploads\/2025\/11\/PFA1-FCT7-150x150.webp 150w, https:\/\/mountlaser.com\/wp-content\/uploads\/2025\/11\/PFA1-FCT7-768x768.webp 768w, https:\/\/mountlaser.com\/wp-content\/uploads\/2025\/11\/PFA1-FCT7-12x12.webp 12w\" sizes=\"(max-width: 500px) 100vw, 500px\" \/><\/p>\n<p>Son atout majeur r\u00e9side dans sa construction \u00e0 pieds carr\u00e9s, qui lui conf\u00e8re une stabilit\u00e9 et une rigidit\u00e9 accrues sur tous les terrains. Fabriqu\u00e9 en alliage d&#039;aluminium haute r\u00e9sistance, ce tr\u00e9pied d&#039;extension PFA1 est con\u00e7u pour durer et r\u00e9sister aux conditions de terrain les plus difficiles, tout en offrant une excellente r\u00e9sistance aux chocs. Son boulon de fixation en laiton 5\/8\u2033-11 int\u00e9gr\u00e9 le rend compatible avec une large gamme d&#039;instruments, notamment les stations totales. Pour les professionnels \u00e0 la recherche d&#039;un parfait \u00e9quilibre entre robustesse traditionnelle et performance moderne, ce tr\u00e9pied est id\u00e9al. <a href=\"https:\/\/mountlaser.com\/fr_fr\/products\/\"><strong>Tr\u00e9pied en aluminium \u00e0 tube dor\u00e9 style Sok<\/strong><\/a> est le choix d\u00e9finitif.<\/p>\n<p>Faites confiance au tr\u00e9pied d&#039;extension en aluminium PFA1 pour un soutien ind\u00e9fectible dans toutes vos t\u00e2ches topographiques.<\/p>\n<p>&nbsp;<\/p>\n<p><strong>Sp\u00e9cifications des tr\u00e9pieds en aluminium de la s\u00e9rie PFA1<\/strong><\/p>\n<table style=\"border-collapse: collapse; width: 622.52pt;\" border=\"0\" width=\"830\" cellspacing=\"0\" cellpadding=\"0\">\n<tbody>\n<tr style=\"height: 14.25pt;\">\n<td class=\"et2\" style=\"height: 14.25pt; width: 94.50pt;\" width=\"126\" height=\"19\">NOMBRE<\/td>\n<td class=\"et2\" style=\"width: 97.50pt;\" width=\"130\">JAMBES<\/td>\n<td class=\"et2\" style=\"width: 90.75pt;\" width=\"121\">T\u00caTE<\/td>\n<td class=\"et2\" style=\"width: 100.50pt;\" width=\"134\">TYPE DE SERRURE<\/td>\n<td class=\"et2\" style=\"width: 99.00pt;\" width=\"132\">MAT\u00c9RIEL<\/td>\n<td class=\"et2\" style=\"width: 86.25pt;\" width=\"115\">EXTENSION<\/td>\n<td class=\"et2\" style=\"width: 54.00pt;\" width=\"72\">NO<\/td>\n<\/tr>\n<tr style=\"height: 14.25pt;\">\n<td class=\"et2\" style=\"height: 14.25pt;\" height=\"19\">PFA1- FCT<\/td>\n<td class=\"et2\">Aluminium<\/td>\n<td class=\"et2\">Plat de 160 mm<\/td>\n<td class=\"et2\">Pince \u00e0 torsion<\/td>\n<td class=\"et2\">Gris<\/td>\n<td class=\"et2\">165 cm<\/td>\n<td class=\"et2\">3,4 kg<\/td>\n<\/tr>\n<tr style=\"height: 14.25pt;\">\n<td class=\"et2\" style=\"height: 14.25pt;\" height=\"19\">PFA1- DCT<\/td>\n<td class=\"et2\">Aluminium<\/td>\n<td class=\"et2\">D\u00f4me de 160 mm<\/td>\n<td class=\"et2\">Pince \u00e0 torsion<\/td>\n<td class=\"et2\">Gris<\/td>\n<td class=\"et2\">165 cm<\/td>\n<td class=\"et2\">3,4 kg<\/td>\n<\/tr>\n<\/tbody>\n<\/table>","protected":false},"excerpt":{"rendered":"<ul>\n<li>Pour fournir une plateforme stable et rigide aux instruments topographiques tels que les stations totales gr\u00e2ce \u00e0 sa construction \u00e0 pieds carr\u00e9s.<\/li>\n<li>Pour offrir une excellente r\u00e9sistance aux chocs et une grande durabilit\u00e9 dans des conditions de terrain difficiles gr\u00e2ce \u00e0 sa construction robuste en alliage d&#039;aluminium.<\/li>\n<li>Pour assurer une large compatibilit\u00e9 avec divers instruments gr\u00e2ce \u00e0 un boulon de chape en laiton standard 5\/8\u2033-11.<\/li>\n<\/ul>","protected":false},"featured_media":3230,"comment_status":"open","ping_status":"closed","template":"","meta":[],"product_brand":[],"product_cat":[91,111],"product_tag":[],"class_list":{"0":"post-3227","1":"product","2":"type-product","3":"status-publish","4":"has-post-thumbnail","6":"product_cat-bipod-tripod","7":"product_cat-aluminum-surveying-tripod","9":"first","10":"instock","11":"shipping-taxable","12":"product-type-simple"},"_links":{"self":[{"href":"https:\/\/mountlaser.com\/fr_fr\/wp-json\/wp\/v2\/product\/3227","targetHints":{"allow":["GET"]}}],"collection":[{"href":"https:\/\/mountlaser.com\/fr_fr\/wp-json\/wp\/v2\/product"}],"about":[{"href":"https:\/\/mountlaser.com\/fr_fr\/wp-json\/wp\/v2\/types\/product"}],"replies":[{"embeddable":true,"href":"https:\/\/mountlaser.com\/fr_fr\/wp-json\/wp\/v2\/comments?post=3227"}],"wp:featuredmedia":[{"embeddable":true,"href":"https:\/\/mountlaser.com\/fr_fr\/wp-json\/wp\/v2\/media\/3230"}],"wp:attachment":[{"href":"https:\/\/mountlaser.com\/fr_fr\/wp-json\/wp\/v2\/media?parent=3227"}],"wp:term":[{"taxonomy":"product_brand","embeddable":true,"href":"https:\/\/mountlaser.com\/fr_fr\/wp-json\/wp\/v2\/product_brand?post=3227"},{"taxonomy":"product_cat","embeddable":true,"href":"https:\/\/mountlaser.com\/fr_fr\/wp-json\/wp\/v2\/product_cat?post=3227"},{"taxonomy":"product_tag","embeddable":true,"href":"https:\/\/mountlaser.com\/fr_fr\/wp-json\/wp\/v2\/product_tag?post=3227"}],"curies":[{"name":"wp","href":"https:\/\/api.w.org\/{rel}","templated":true}]}}