{"id":3218,"date":"2025-11-03T09:09:42","date_gmt":"2025-11-03T09:09:42","guid":{"rendered":"https:\/\/mountlaser.com\/?post_type=product&#038;p=3218"},"modified":"2025-11-28T03:04:21","modified_gmt":"2025-11-28T03:04:21","slug":"premium-t-series-heavy-duty-aluminum-tripod","status":"publish","type":"product","link":"https:\/\/mountlaser.com\/fr_fr\/produit\/premium-t-series-heavy-duty-aluminum-tripod\/","title":{"rendered":"Tr\u00e9pied en aluminium robuste de la s\u00e9rie T de qualit\u00e9 sup\u00e9rieure"},"content":{"rendered":"<p>S\u00e9rie T Premium <a href=\"https:\/\/mountlaser.com\/fr_fr\/\"><strong>Tr\u00e9pied robuste en aluminium STA30<\/strong><\/a>, Ce tr\u00e9pied de topographie en aluminium haute r\u00e9sistance est con\u00e7u pour une pr\u00e9cision et une durabilit\u00e9 optimales. Dot\u00e9 de pieds carr\u00e9s robustes, il est disponible avec trois types de t\u00eates (plate, bomb\u00e9e et ronde) pour s&#039;adapter parfaitement \u00e0 votre instrument, ce qui le rend id\u00e9al pour une utilisation avec des stations totales.<\/p>\n<p>Con\u00e7u avec un design de pied unique et une structure \u00e0 pieds carr\u00e9s, ce tr\u00e9pied offre une stabilit\u00e9 sup\u00e9rieure sur tous les terrains. Son m\u00e9canisme de verrouillage rapide avanc\u00e9 r\u00e9duit les efforts d&#039;utilisation et garantit une durabilit\u00e9 accrue. Fabriqu\u00e9 en alliage d&#039;aluminium haute r\u00e9sistance, ce tr\u00e9pied de topographie robuste en aluminium offre une excellente r\u00e9sistance aux chocs.<\/p>\n<p><img fetchpriority=\"high\" decoding=\"async\" class=\"aligncenter wp-image-3221\" src=\"https:\/\/mountlaser.com\/wp-content\/uploads\/2025\/11\/STA30-DCD2.webp\" alt=\"Square Leg Surveying Aluminum Tripod\" width=\"500\" height=\"500\" srcset=\"https:\/\/mountlaser.com\/wp-content\/uploads\/2025\/11\/STA30-DCD2.webp 1000w, https:\/\/mountlaser.com\/wp-content\/uploads\/2025\/11\/STA30-DCD2-300x300.webp 300w, https:\/\/mountlaser.com\/wp-content\/uploads\/2025\/11\/STA30-DCD2-400x400.webp 400w, https:\/\/mountlaser.com\/wp-content\/uploads\/2025\/11\/STA30-DCD2-800x800.webp 800w, https:\/\/mountlaser.com\/wp-content\/uploads\/2025\/11\/STA30-DCD2-600x600.webp 600w, https:\/\/mountlaser.com\/wp-content\/uploads\/2025\/11\/STA30-DCD2-150x150.webp 150w, https:\/\/mountlaser.com\/wp-content\/uploads\/2025\/11\/STA30-DCD2-768x768.webp 768w, https:\/\/mountlaser.com\/wp-content\/uploads\/2025\/11\/STA30-DCD2-12x12.webp 12w\" sizes=\"(max-width: 500px) 100vw, 500px\" \/><br \/>\nIl est \u00e9quip\u00e9 d&#039;un m\u00e9canisme autobloquant standard pour un transport facile et d&#039;un boulon de fixation en laiton 5\/8\u2033-11 pour une compatibilit\u00e9 universelle. Polyvalent, il offre de nombreuses possibilit\u00e9s. <a href=\"https:\/\/mountlaser.com\/fr_fr\/about-us\/\"><strong>Tr\u00e9pied en aluminium \u00e0 pieds carr\u00e9s<\/strong><\/a>, Nous proposons \u00e9galement des couleurs et des hauteurs personnalis\u00e9es sur demande afin de r\u00e9pondre aux exigences sp\u00e9cifiques de votre projet.<\/p>\n<p>&nbsp;<\/p>\n<p><strong>Sp\u00e9cifications du tr\u00e9pied en aluminium robuste de la s\u00e9rie T STA30<\/strong><\/p>\n<table style=\"border-collapse: collapse; width: 622.52pt;\" border=\"0\" width=\"830\" cellspacing=\"0\" cellpadding=\"0\">\n<tbody>\n<tr style=\"height: 14.25pt;\">\n<td class=\"et2\" style=\"height: 14.25pt; width: 94.50pt;\" width=\"126\" height=\"19\">NOMBRE<\/td>\n<td class=\"et2\" style=\"width: 97.50pt;\" width=\"130\">JAMBES<\/td>\n<td class=\"et2\" style=\"width: 90.75pt;\" width=\"121\">T\u00caTE<\/td>\n<td class=\"et2\" style=\"width: 100.50pt;\" width=\"134\">TYPE DE SERRURE<\/td>\n<td class=\"et2\" style=\"width: 99.00pt;\" width=\"132\">MAT\u00c9RIEL<\/td>\n<td class=\"et2\" style=\"width: 86.25pt;\" width=\"115\">EXTENSION<\/td>\n<td class=\"et2\" style=\"width: 54.00pt;\" width=\"72\">NO<\/td>\n<\/tr>\n<tr style=\"height: 14.25pt;\">\n<td class=\"et2\" style=\"height: 14.25pt;\" height=\"19\">STA30-FCTSYL<\/td>\n<td class=\"et2\">Aluminium<\/td>\n<td class=\"et2\">Plat de 160 mm<\/td>\n<td class=\"et2\">Pince \u00e0 torsion<\/td>\n<td class=\"et2\">Jaune<\/td>\n<td class=\"et2\">174 cm<\/td>\n<td class=\"et2\">4,5 kg<\/td>\n<\/tr>\n<tr style=\"height: 14.25pt;\">\n<td class=\"et2\" style=\"height: 14.25pt;\" height=\"19\">STA30-FCDSYL<\/td>\n<td class=\"et2\">Aluminium<\/td>\n<td class=\"et2\">Plat de 160 mm<\/td>\n<td class=\"et2\">Double pince<\/td>\n<td class=\"et2\">Jaune<\/td>\n<td class=\"et2\">168 cm<\/td>\n<td class=\"et2\">5,1 kg<\/td>\n<\/tr>\n<\/tbody>\n<\/table>","protected":false},"excerpt":{"rendered":"<ul>\n<li>Assure une installation rapide et s\u00e9curis\u00e9e ainsi qu&#039;un r\u00e9glage en hauteur sans effort gr\u00e2ce \u00e0 un m\u00e9canisme de verrouillage rapide avanc\u00e9.<\/li>\n<li>R\u00e9siste aux conditions de terrain les plus rigoureuses gr\u00e2ce \u00e0 sa construction robuste en alliage d&#039;aluminium.<\/li>\n<li>Offre une large compatibilit\u00e9 avec les instruments gr\u00e2ce \u00e0 un boulon de chape en laiton standard de 5\/8\u2033-11.<\/li>\n<\/ul>","protected":false},"featured_media":3219,"comment_status":"open","ping_status":"closed","template":"","meta":[],"product_brand":[],"product_cat":[91,111],"product_tag":[],"class_list":{"0":"post-3218","1":"product","2":"type-product","3":"status-publish","4":"has-post-thumbnail","6":"product_cat-bipod-tripod","7":"product_cat-aluminum-surveying-tripod","9":"first","10":"instock","11":"shipping-taxable","12":"product-type-simple"},"_links":{"self":[{"href":"https:\/\/mountlaser.com\/fr_fr\/wp-json\/wp\/v2\/product\/3218","targetHints":{"allow":["GET"]}}],"collection":[{"href":"https:\/\/mountlaser.com\/fr_fr\/wp-json\/wp\/v2\/product"}],"about":[{"href":"https:\/\/mountlaser.com\/fr_fr\/wp-json\/wp\/v2\/types\/product"}],"replies":[{"embeddable":true,"href":"https:\/\/mountlaser.com\/fr_fr\/wp-json\/wp\/v2\/comments?post=3218"}],"wp:featuredmedia":[{"embeddable":true,"href":"https:\/\/mountlaser.com\/fr_fr\/wp-json\/wp\/v2\/media\/3219"}],"wp:attachment":[{"href":"https:\/\/mountlaser.com\/fr_fr\/wp-json\/wp\/v2\/media?parent=3218"}],"wp:term":[{"taxonomy":"product_brand","embeddable":true,"href":"https:\/\/mountlaser.com\/fr_fr\/wp-json\/wp\/v2\/product_brand?post=3218"},{"taxonomy":"product_cat","embeddable":true,"href":"https:\/\/mountlaser.com\/fr_fr\/wp-json\/wp\/v2\/product_cat?post=3218"},{"taxonomy":"product_tag","embeddable":true,"href":"https:\/\/mountlaser.com\/fr_fr\/wp-json\/wp\/v2\/product_tag?post=3218"}],"curies":[{"name":"wp","href":"https:\/\/api.w.org\/{rel}","templated":true}]}}