{"id":3216,"date":"2025-11-03T08:57:28","date_gmt":"2025-11-03T08:57:28","guid":{"rendered":"https:\/\/mountlaser.com\/?post_type=product&#038;p=3216"},"modified":"2025-11-28T03:05:22","modified_gmt":"2025-11-28T03:05:22","slug":"standard-j-series-sja30-heavy-duty-aluminum-tripod","status":"publish","type":"product","link":"https:\/\/mountlaser.com\/fr_fr\/produit\/standard-j-series-sja30-heavy-duty-aluminum-tripod\/","title":{"rendered":"Tr\u00e9pied robuste en aluminium de la s\u00e9rie J SJA30 de Standard"},"content":{"rendered":"<p>Mount Laser \u2014 l&#039;un des plus fiables<a href=\"https:\/\/mountlaser.com\/fr_fr\/\"><strong> Fournisseurs de tr\u00e9pieds en aluminium SJA30<\/strong><\/a>\u2014pr\u00e9sente le Standard J Series SJA30, le tr\u00e9pied de chantier robuste en aluminium con\u00e7u pour les \u00e9quipes qui refusent tout compromis.<\/p>\n<p><img fetchpriority=\"high\" decoding=\"async\" class=\"aligncenter wp-image-3217\" src=\"https:\/\/mountlaser.com\/wp-content\/uploads\/2025\/11\/\u672a\u6807\u9898-1.webp\" alt=\"Aluminum Heavy Duty Contractor Tripod\" width=\"500\" height=\"500\" srcset=\"https:\/\/mountlaser.com\/wp-content\/uploads\/2025\/11\/\u672a\u6807\u9898-1.webp 800w, https:\/\/mountlaser.com\/wp-content\/uploads\/2025\/11\/\u672a\u6807\u9898-1-300x300.webp 300w, https:\/\/mountlaser.com\/wp-content\/uploads\/2025\/11\/\u672a\u6807\u9898-1-400x400.webp 400w, https:\/\/mountlaser.com\/wp-content\/uploads\/2025\/11\/\u672a\u6807\u9898-1-600x600.webp 600w, https:\/\/mountlaser.com\/wp-content\/uploads\/2025\/11\/\u672a\u6807\u9898-1-150x150.webp 150w, https:\/\/mountlaser.com\/wp-content\/uploads\/2025\/11\/\u672a\u6807\u9898-1-768x768.webp 768w, https:\/\/mountlaser.com\/wp-content\/uploads\/2025\/11\/\u672a\u6807\u9898-1-12x12.webp 12w\" sizes=\"(max-width: 500px) 100vw, 500px\" \/><br \/>\nLa configuration \u00e0 t\u00eate plate s&#039;accorde parfaitement avec n&#039;importe quelle station totale, tandis que la g\u00e9om\u00e9trie \u00e0 jambes carr\u00e9es conf\u00e8re \u00e0 cette configuration <a href=\"https:\/\/mountlaser.com\/fr_fr\/products\/\"><strong>Tr\u00e9pied de chantier robuste en aluminium<\/strong> <\/a>Rigidit\u00e9 torsionnelle in\u00e9gal\u00e9e sur terrains rocailleux ou expos\u00e9s au vent. Fabriqu\u00e9 en alliage d&#039;aluminium de haute qualit\u00e9, le SJA30 r\u00e9siste aux chocs et aux vibrations, et sa vis de fixation en laiton 5\/8\u2033-11 se monte directement sur votre instrument sans adaptateur.<br \/>\nLorsque les fournisseurs de tr\u00e9pieds en aluminium SJA30 parlent de \u201c robustesse \u201d, ils font r\u00e9f\u00e9rence au SJA30 : un tr\u00e9pied con\u00e7u pour r\u00e9sister \u00e0 des ann\u00e9es d&#039;utilisation intensive par les entrepreneurs.<\/p>\n<p><strong>Sp\u00e9cifications du tr\u00e9pied robuste en aluminium de la s\u00e9rie J SJA30\u00a0:<\/strong><\/p>\n<table style=\"border-collapse: collapse; width: 622.52pt;\" border=\"0\" width=\"830\" cellspacing=\"0\" cellpadding=\"0\">\n<tbody>\n<tr style=\"height: 14.25pt;\">\n<td class=\"et2\" style=\"height: 14.25pt; width: 94.50pt;\" width=\"126\" height=\"19\">NOMBRE<\/td>\n<td class=\"et2\" style=\"width: 97.50pt;\" width=\"130\">JAMBES<\/td>\n<td class=\"et2\" style=\"width: 90.75pt;\" width=\"121\">T\u00caTE<\/td>\n<td class=\"et2\" style=\"width: 100.50pt;\" width=\"134\">TYPE DE SERRURE<\/td>\n<td class=\"et2\" style=\"width: 99.00pt;\" width=\"132\">MAT\u00c9RIEL<\/td>\n<td class=\"et2\" style=\"width: 86.25pt;\" width=\"115\">EXTENSION<\/td>\n<td class=\"et2\" style=\"width: 54.00pt;\" width=\"72\">NO<\/td>\n<\/tr>\n<tr style=\"height: 14.25pt;\">\n<td class=\"et2\" style=\"height: 14.25pt;\" height=\"19\">SJA30-FCDOR<\/td>\n<td class=\"et2\">Aluminium<\/td>\n<td class=\"et2\">Plat de 160 mm<\/td>\n<td class=\"et2\">Double pince<\/td>\n<td class=\"et2\">Orange<\/td>\n<td class=\"et2\">161 cm<\/td>\n<td class=\"et2\">4,5 kg<\/td>\n<\/tr>\n<\/tbody>\n<\/table>","protected":false},"excerpt":{"rendered":"<ul>\n<li>Les pieds carr\u00e9s se verrouillent de mani\u00e8re extr\u00eamement solide, \u00e9liminant toute torsion et tout balancement m\u00eame lorsqu&#039;une lunette 30\u00d7 est r\u00e9gl\u00e9e \u00e0 son grossissement maximal.<\/li>\n<li>La large t\u00eate plate r\u00e9partit uniform\u00e9ment le poids de l&#039;instrument, tandis que les pinces surdimensionn\u00e9es se r\u00e8glent en quelques secondes, m\u00eame avec des gants.<\/li>\n<\/ul>","protected":false},"featured_media":3217,"comment_status":"open","ping_status":"closed","template":"","meta":[],"product_brand":[],"product_cat":[91,111],"product_tag":[],"class_list":{"0":"post-3216","1":"product","2":"type-product","3":"status-publish","4":"has-post-thumbnail","6":"product_cat-bipod-tripod","7":"product_cat-aluminum-surveying-tripod","9":"first","10":"instock","11":"shipping-taxable","12":"product-type-simple"},"_links":{"self":[{"href":"https:\/\/mountlaser.com\/fr_fr\/wp-json\/wp\/v2\/product\/3216","targetHints":{"allow":["GET"]}}],"collection":[{"href":"https:\/\/mountlaser.com\/fr_fr\/wp-json\/wp\/v2\/product"}],"about":[{"href":"https:\/\/mountlaser.com\/fr_fr\/wp-json\/wp\/v2\/types\/product"}],"replies":[{"embeddable":true,"href":"https:\/\/mountlaser.com\/fr_fr\/wp-json\/wp\/v2\/comments?post=3216"}],"wp:featuredmedia":[{"embeddable":true,"href":"https:\/\/mountlaser.com\/fr_fr\/wp-json\/wp\/v2\/media\/3217"}],"wp:attachment":[{"href":"https:\/\/mountlaser.com\/fr_fr\/wp-json\/wp\/v2\/media?parent=3216"}],"wp:term":[{"taxonomy":"product_brand","embeddable":true,"href":"https:\/\/mountlaser.com\/fr_fr\/wp-json\/wp\/v2\/product_brand?post=3216"},{"taxonomy":"product_cat","embeddable":true,"href":"https:\/\/mountlaser.com\/fr_fr\/wp-json\/wp\/v2\/product_cat?post=3216"},{"taxonomy":"product_tag","embeddable":true,"href":"https:\/\/mountlaser.com\/fr_fr\/wp-json\/wp\/v2\/product_tag?post=3216"}],"curies":[{"name":"wp","href":"https:\/\/api.w.org\/{rel}","templated":true}]}}