{"id":3205,"date":"2025-11-03T09:10:57","date_gmt":"2025-11-03T09:10:57","guid":{"rendered":"https:\/\/mountlaser.com\/?post_type=product&#038;p=3205"},"modified":"2025-11-28T03:02:14","modified_gmt":"2025-11-28T03:02:14","slug":"mp108-mini-prism","status":"publish","type":"product","link":"https:\/\/mountlaser.com\/fr_fr\/produit\/mp108-mini-prism\/","title":{"rendered":"Mini prisme MP108"},"content":{"rendered":"<p>Mini-prisme MP108 \u2013 Prisme de surveillance de haute pr\u00e9cision pour applications \u00e0 courte port\u00e9e<\/p>\n<p>Le <a href=\"https:\/\/mountlaser.com\/fr_fr\/about-us\/\"><strong>Mini prisme MP108<\/strong><\/a> Il s&#039;agit d&#039;un prisme de surveillance de haute pr\u00e9cision con\u00e7u pour des mesures pr\u00e9cises dans des environnements exigeants tels que les ponts, les tunnels, les voies ferr\u00e9es et les m\u00e9tros. Con\u00e7u pour la surveillance \u00e0 courte port\u00e9e, ce <a href=\"https:\/\/mountlaser.com\/fr_fr\/products\/\"><strong>Prisme de surveillance de haute pr\u00e9cision<\/strong><\/a> offre une durabilit\u00e9 exceptionnelle et des performances constantes m\u00eame dans des conditions extr\u00eames.<\/p>\n<p>Disponible en deux tailles de prisme \u2013 MP108A (\u00d825,4 mm) et MP108B (\u00d838,1 mm) \u2013 le mini prisme MP108 est dot\u00e9 d&#039;un prisme usin\u00e9 avec pr\u00e9cision, herm\u00e9tiquement scell\u00e9 dans un bo\u00eetier m\u00e9tallique antichoc et \u00e9tanche pour assurer une stabilit\u00e9 \u00e0 long terme et une protection contre les impacts environnementaux.<\/p>\n<p><img fetchpriority=\"high\" decoding=\"async\" class=\"aligncenter wp-image-3214\" src=\"https:\/\/mountlaser.com\/wp-content\/uploads\/2025\/11\/5-1MP1089.webp\" alt=\"MP108 mini prism\" width=\"500\" height=\"500\" srcset=\"https:\/\/mountlaser.com\/wp-content\/uploads\/2025\/11\/5-1MP1089.webp 1000w, https:\/\/mountlaser.com\/wp-content\/uploads\/2025\/11\/5-1MP1089-300x300.webp 300w, https:\/\/mountlaser.com\/wp-content\/uploads\/2025\/11\/5-1MP1089-400x400.webp 400w, https:\/\/mountlaser.com\/wp-content\/uploads\/2025\/11\/5-1MP1089-800x800.webp 800w, https:\/\/mountlaser.com\/wp-content\/uploads\/2025\/11\/5-1MP1089-600x600.webp 600w, https:\/\/mountlaser.com\/wp-content\/uploads\/2025\/11\/5-1MP1089-150x150.webp 150w, https:\/\/mountlaser.com\/wp-content\/uploads\/2025\/11\/5-1MP1089-768x768.webp 768w, https:\/\/mountlaser.com\/wp-content\/uploads\/2025\/11\/5-1MP1089-12x12.webp 12w\" sizes=\"(max-width: 500px) 100vw, 500px\" \/><\/p>\n<p>Les utilisateurs peuvent choisir parmi des options de pr\u00e9cision personnalisables (2\u2033, 3\u20134\u2033 ou 5\u20138\u2033) et des rev\u00eatements (cuivre ou argent) pour obtenir une r\u00e9flectivit\u00e9 et une pr\u00e9cision de mesure optimales. Avec une pr\u00e9cision de rotation \u00e0 360\u00b0 de \u00b10,2 mm, cet appareil <a href=\"https:\/\/mountlaser.com\/fr_fr\/contact-us\/\">Prisme de surveillance de haute pr\u00e9cision<\/a> garantit des relev\u00e9s fiables quelle que soit leur provenance, ce qui en fait une solution de confiance pour la surveillance des infrastructures et des processus industriels critiques.<\/p>","protected":false},"excerpt":{"rendered":"<ul>\n<li>Assure une surveillance de haute pr\u00e9cision pour les infrastructures et les applications industrielles.<\/li>\n<li>Le bo\u00eetier m\u00e9tallique herm\u00e9tique garantit une \u00e9tanch\u00e9it\u00e9 et une r\u00e9sistance aux chocs optimales.<\/li>\n<li>La pr\u00e9cision du prisme personnalisable (de 2\u2033 \u00e0 8\u2033) s\u2019adapte \u00e0 une vari\u00e9t\u00e9 de besoins de projets.<\/li>\n<li>Le rev\u00eatement en cuivre ou en argent am\u00e9liore la r\u00e9flectivit\u00e9 et la puissance du signal.<\/li>\n<li>La pr\u00e9cision de rotation garantit des lectures coh\u00e9rentes quel que soit l&#039;angle.<\/li>\n<\/ul>","protected":false},"featured_media":3206,"comment_status":"open","ping_status":"closed","template":"","meta":[],"product_brand":[],"product_cat":[72,112],"product_tag":[],"class_list":{"0":"post-3205","1":"product","2":"type-product","3":"status-publish","4":"has-post-thumbnail","6":"product_cat-reflective-target-prism","7":"product_cat-monitoring-prism","9":"first","10":"instock","11":"shipping-taxable","12":"product-type-simple"},"_links":{"self":[{"href":"https:\/\/mountlaser.com\/fr_fr\/wp-json\/wp\/v2\/product\/3205","targetHints":{"allow":["GET"]}}],"collection":[{"href":"https:\/\/mountlaser.com\/fr_fr\/wp-json\/wp\/v2\/product"}],"about":[{"href":"https:\/\/mountlaser.com\/fr_fr\/wp-json\/wp\/v2\/types\/product"}],"replies":[{"embeddable":true,"href":"https:\/\/mountlaser.com\/fr_fr\/wp-json\/wp\/v2\/comments?post=3205"}],"wp:featuredmedia":[{"embeddable":true,"href":"https:\/\/mountlaser.com\/fr_fr\/wp-json\/wp\/v2\/media\/3206"}],"wp:attachment":[{"href":"https:\/\/mountlaser.com\/fr_fr\/wp-json\/wp\/v2\/media?parent=3205"}],"wp:term":[{"taxonomy":"product_brand","embeddable":true,"href":"https:\/\/mountlaser.com\/fr_fr\/wp-json\/wp\/v2\/product_brand?post=3205"},{"taxonomy":"product_cat","embeddable":true,"href":"https:\/\/mountlaser.com\/fr_fr\/wp-json\/wp\/v2\/product_cat?post=3205"},{"taxonomy":"product_tag","embeddable":true,"href":"https:\/\/mountlaser.com\/fr_fr\/wp-json\/wp\/v2\/product_tag?post=3205"}],"curies":[{"name":"wp","href":"https:\/\/api.w.org\/{rel}","templated":true}]}}