{"id":3187,"date":"2025-11-03T08:34:14","date_gmt":"2025-11-03T08:34:14","guid":{"rendered":"https:\/\/mountlaser.com\/?post_type=product&#038;p=3187"},"modified":"2025-11-28T03:06:41","modified_gmt":"2025-11-28T03:06:41","slug":"premium-t-series-rta20-medium-duty-aluminum-tripod","status":"publish","type":"product","link":"https:\/\/mountlaser.com\/fr_fr\/produit\/premium-t-series-rta20-medium-duty-aluminum-tripod\/","title":{"rendered":"Tr\u00e9pied en aluminium robuste de la s\u00e9rie T RTA20 de qualit\u00e9 sup\u00e9rieure"},"content":{"rendered":"<p>Tr\u00e9pied en aluminium robuste de la s\u00e9rie T RTA20 de qualit\u00e9 sup\u00e9rieure, <a href=\"https:\/\/mountlaser.com\/fr_fr\/\"><strong>Tr\u00e9pied en aluminium \u00e0 pieds ronds<\/strong><\/a> \u00e0 laquelle les \u00e9quipes sur le terrain font confiance lorsque chaque millim\u00e8tre compte.<\/p>\n<p>Disponible avec des options de t\u00eate plate, de t\u00eate bomb\u00e9e ou de grosse t\u00eate ronde, le<a href=\"https:\/\/mountlaser.com\/fr_fr\/products\/\"><strong> Tr\u00e9pied en aluminium RTA20 de taille moyenne<\/strong> <\/a>Elle associe des pieds en alliage d&#039;aluminium ultra-r\u00e9sistants \u00e0 une conception unique qui s&#039;ancre sur tous les terrains.<\/p>\n<p><img fetchpriority=\"high\" decoding=\"async\" class=\"aligncenter wp-image-3202\" src=\"https:\/\/mountlaser.com\/wp-content\/uploads\/2025\/11\/RTA20-DCD7.webp\" alt=\"Round Leg Surveying Aluminum Tripod\" width=\"500\" height=\"500\" srcset=\"https:\/\/mountlaser.com\/wp-content\/uploads\/2025\/11\/RTA20-DCD7.webp 1000w, https:\/\/mountlaser.com\/wp-content\/uploads\/2025\/11\/RTA20-DCD7-300x300.webp 300w, https:\/\/mountlaser.com\/wp-content\/uploads\/2025\/11\/RTA20-DCD7-400x400.webp 400w, https:\/\/mountlaser.com\/wp-content\/uploads\/2025\/11\/RTA20-DCD7-800x800.webp 800w, https:\/\/mountlaser.com\/wp-content\/uploads\/2025\/11\/RTA20-DCD7-600x600.webp 600w, https:\/\/mountlaser.com\/wp-content\/uploads\/2025\/11\/RTA20-DCD7-150x150.webp 150w, https:\/\/mountlaser.com\/wp-content\/uploads\/2025\/11\/RTA20-DCD7-768x768.webp 768w, https:\/\/mountlaser.com\/wp-content\/uploads\/2025\/11\/RTA20-DCD7-12x12.webp 12w\" sizes=\"(max-width: 500px) 100vw, 500px\" \/><\/p>\n<p>Un boulon de fixation en laiton 5\/8\u2033-11 garantit la compatibilit\u00e9 avec tous les instruments, tandis que le m\u00e9canisme de verrouillage rapide de ce tr\u00e9pied d&#039;arpentage en aluminium \u00e0 pieds ronds r\u00e9duit consid\u00e9rablement le temps d&#039;installation et la fatigue de l&#039;op\u00e9rateur. Besoin de couleurs ou de hauteurs personnalis\u00e9es\u00a0? Nous fabriquons le tr\u00e9pied sur mesure. <a href=\"https:\/\/mountlaser.com\/fr_fr\/contact-us\/\">Tr\u00e9pied en aluminium RTA20 de taille moyenne<\/a> selon vos sp\u00e9cifications, et le syst\u00e8me autobloquant int\u00e9gr\u00e9 (S) vous permet de transporter le tr\u00e9pied sans sangle, sans que les pieds ne flottent au vent.<\/p>","protected":false},"excerpt":{"rendered":"<ul>\n<li>Le support Premium T Series RTA20 assure une stabilit\u00e9 sans vibrations pour les stations totales, les th\u00e9odolites et les lasers. Sa g\u00e9om\u00e9trie \u00e0 pieds arrondis r\u00e9partit la charge uniform\u00e9ment.<\/li>\n<li>conf\u00e9rant au tr\u00e9pied d&#039;arpentage en aluminium \u00e0 pieds ronds une rigidit\u00e9 torsionnelle sup\u00e9rieure sur le pav\u00e9, le gravier ou l&#039;herbe.<\/li>\n<li>Les pinces \u00e0 verrouillage rapide \u00e0 une main permettent d&#039;\u00e9tendre ou de r\u00e9tracter chaque pied en quelques secondes, et le syst\u00e8me autobloquant maintient le tout bien en place pendant le transport \u2013 aucune sangle n&#039;est n\u00e9cessaire.<\/li>\n<\/ul>","protected":false},"featured_media":3201,"comment_status":"open","ping_status":"closed","template":"","meta":[],"product_brand":[],"product_cat":[91,111],"product_tag":[],"class_list":{"0":"post-3187","1":"product","2":"type-product","3":"status-publish","4":"has-post-thumbnail","6":"product_cat-bipod-tripod","7":"product_cat-aluminum-surveying-tripod","9":"first","10":"instock","11":"shipping-taxable","12":"product-type-simple"},"_links":{"self":[{"href":"https:\/\/mountlaser.com\/fr_fr\/wp-json\/wp\/v2\/product\/3187","targetHints":{"allow":["GET"]}}],"collection":[{"href":"https:\/\/mountlaser.com\/fr_fr\/wp-json\/wp\/v2\/product"}],"about":[{"href":"https:\/\/mountlaser.com\/fr_fr\/wp-json\/wp\/v2\/types\/product"}],"replies":[{"embeddable":true,"href":"https:\/\/mountlaser.com\/fr_fr\/wp-json\/wp\/v2\/comments?post=3187"}],"wp:featuredmedia":[{"embeddable":true,"href":"https:\/\/mountlaser.com\/fr_fr\/wp-json\/wp\/v2\/media\/3201"}],"wp:attachment":[{"href":"https:\/\/mountlaser.com\/fr_fr\/wp-json\/wp\/v2\/media?parent=3187"}],"wp:term":[{"taxonomy":"product_brand","embeddable":true,"href":"https:\/\/mountlaser.com\/fr_fr\/wp-json\/wp\/v2\/product_brand?post=3187"},{"taxonomy":"product_cat","embeddable":true,"href":"https:\/\/mountlaser.com\/fr_fr\/wp-json\/wp\/v2\/product_cat?post=3187"},{"taxonomy":"product_tag","embeddable":true,"href":"https:\/\/mountlaser.com\/fr_fr\/wp-json\/wp\/v2\/product_tag?post=3187"}],"curies":[{"name":"wp","href":"https:\/\/api.w.org\/{rel}","templated":true}]}}