{"id":3186,"date":"2025-11-03T08:23:15","date_gmt":"2025-11-03T08:23:15","guid":{"rendered":"https:\/\/mountlaser.com\/?post_type=product&#038;p=3186"},"modified":"2025-11-28T03:07:39","modified_gmt":"2025-11-28T03:07:39","slug":"mp105-mini-prism","status":"publish","type":"product","link":"https:\/\/mountlaser.com\/fr_fr\/produit\/mp105-mini-prism\/","title":{"rendered":"Mini-prisme MP105"},"content":{"rendered":"<p>Mini-prisme MP105 \u2013 Surveillance de haute pr\u00e9cision pour applications industrielles<\/p>\n<p>Le <a href=\"https:\/\/mountlaser.com\/fr_fr\/\"><strong>Mini prisme MP105<\/strong><\/a> est un <a href=\"https:\/\/mountlaser.com\/fr_fr\/products\/\"><strong>Mini-prisme de surveillance jaune<\/strong><\/a> Con\u00e7u pour une pr\u00e9cision et une durabilit\u00e9 exceptionnelles lors de la surveillance industrielle et g\u00e9otechnique \u00e0 long terme, ce mini-prisme de surveillance jaune est disponible avec des prismes de 25,4 mm et 38,1 mm, garantissant ainsi des performances fiables et stables m\u00eame dans les environnements de terrain les plus exigeants.<\/p>\n<p>Dot\u00e9 d&#039;un support en plastique haute r\u00e9sistance et \u00e9tanche, le mini-prisme MP105 dispose d&#039;une monture rotative \u00e0 360\u00b0 pour un positionnement flexible et un alignement pr\u00e9cis. Son syst\u00e8me de pivotement sans jeu am\u00e9liore la pr\u00e9cision des mesures, tandis que la hauteur de l&#039;axe d&#039;inclinaison de 86 mm garantit une g\u00e9om\u00e9trie constante pour un contr\u00f4le pr\u00e9cis.<\/p>\n<p><img fetchpriority=\"high\" decoding=\"async\" class=\"aligncenter wp-image-3188\" src=\"https:\/\/mountlaser.com\/wp-content\/uploads\/2025\/11\/2-9MP1051.webp\" alt=\"MP105 mini prism\" width=\"500\" height=\"500\" srcset=\"https:\/\/mountlaser.com\/wp-content\/uploads\/2025\/11\/2-9MP1051.webp 1000w, https:\/\/mountlaser.com\/wp-content\/uploads\/2025\/11\/2-9MP1051-300x300.webp 300w, https:\/\/mountlaser.com\/wp-content\/uploads\/2025\/11\/2-9MP1051-400x400.webp 400w, https:\/\/mountlaser.com\/wp-content\/uploads\/2025\/11\/2-9MP1051-800x800.webp 800w, https:\/\/mountlaser.com\/wp-content\/uploads\/2025\/11\/2-9MP1051-600x600.webp 600w, https:\/\/mountlaser.com\/wp-content\/uploads\/2025\/11\/2-9MP1051-150x150.webp 150w, https:\/\/mountlaser.com\/wp-content\/uploads\/2025\/11\/2-9MP1051-768x768.webp 768w, https:\/\/mountlaser.com\/wp-content\/uploads\/2025\/11\/2-9MP1051-12x12.webp 12w\" sizes=\"(max-width: 500px) 100vw, 500px\" \/><\/p>\n<p>Le <a href=\"https:\/\/mountlaser.com\/fr_fr\/contact-us\/\">Mini prisme MP105<\/a> Ce syst\u00e8me offre plusieurs configurations d&#039;adaptateurs (filetages 5\/8\u2033, 3\/8\u2033 et M8) pour une installation polyvalente dans diverses configurations. Gr\u00e2ce \u00e0 ses constantes de prisme absolues et de type suisse, le mini-prisme de surveillance jaune s&#039;adapte \u00e0 diff\u00e9rents syst\u00e8mes de stations totales et exigences de projet, garantissant une stabilit\u00e9 exceptionnelle \u00e0 long terme.<\/p>","protected":false},"excerpt":{"rendered":"<ul>\n<li>Fournit des mesures de haute pr\u00e9cision pour les t\u00e2ches de surveillance industrielle et g\u00e9otechnique.<\/li>\n<li>Le support r\u00e9glable permet une vis\u00e9e et un alignement flexibles.<\/li>\n<li>Sa structure r\u00e9sistante aux intemp\u00e9ries garantit un fonctionnement fiable m\u00eame dans des conditions difficiles.<\/li>\n<li>Le support stable minimise les vibrations et la d\u00e9rive des mesures.<\/li>\n<li>Compatible avec diff\u00e9rents adaptateurs de filetage pour des applications de montage universelles.<\/li>\n<\/ul>","protected":false},"featured_media":3193,"comment_status":"open","ping_status":"closed","template":"","meta":[],"product_brand":[],"product_cat":[72,112],"product_tag":[],"class_list":{"0":"post-3186","1":"product","2":"type-product","3":"status-publish","4":"has-post-thumbnail","6":"product_cat-reflective-target-prism","7":"product_cat-monitoring-prism","9":"first","10":"instock","11":"shipping-taxable","12":"product-type-simple"},"_links":{"self":[{"href":"https:\/\/mountlaser.com\/fr_fr\/wp-json\/wp\/v2\/product\/3186","targetHints":{"allow":["GET"]}}],"collection":[{"href":"https:\/\/mountlaser.com\/fr_fr\/wp-json\/wp\/v2\/product"}],"about":[{"href":"https:\/\/mountlaser.com\/fr_fr\/wp-json\/wp\/v2\/types\/product"}],"replies":[{"embeddable":true,"href":"https:\/\/mountlaser.com\/fr_fr\/wp-json\/wp\/v2\/comments?post=3186"}],"wp:featuredmedia":[{"embeddable":true,"href":"https:\/\/mountlaser.com\/fr_fr\/wp-json\/wp\/v2\/media\/3193"}],"wp:attachment":[{"href":"https:\/\/mountlaser.com\/fr_fr\/wp-json\/wp\/v2\/media?parent=3186"}],"wp:term":[{"taxonomy":"product_brand","embeddable":true,"href":"https:\/\/mountlaser.com\/fr_fr\/wp-json\/wp\/v2\/product_brand?post=3186"},{"taxonomy":"product_cat","embeddable":true,"href":"https:\/\/mountlaser.com\/fr_fr\/wp-json\/wp\/v2\/product_cat?post=3186"},{"taxonomy":"product_tag","embeddable":true,"href":"https:\/\/mountlaser.com\/fr_fr\/wp-json\/wp\/v2\/product_tag?post=3186"}],"curies":[{"name":"wp","href":"https:\/\/api.w.org\/{rel}","templated":true}]}}