{"id":3173,"date":"2025-11-03T07:54:36","date_gmt":"2025-11-03T07:54:36","guid":{"rendered":"https:\/\/mountlaser.com\/?post_type=product&#038;p=3173"},"modified":"2025-11-28T03:19:32","modified_gmt":"2025-11-28T03:19:32","slug":"standard-j-series-rja20-medium-duty-aluminum-tripod","status":"publish","type":"product","link":"https:\/\/mountlaser.com\/fr_fr\/produit\/standard-j-series-rja20-medium-duty-aluminum-tripod\/","title":{"rendered":"Tr\u00e9pied standard en aluminium RJA20 s\u00e9rie J, robuste"},"content":{"rendered":"<p>Chez Mount Laser, nous sommes sp\u00e9cialis\u00e9s dans les accessoires de mesure de pr\u00e9cision, et le tr\u00e9pied en aluminium standard de la s\u00e9rie J RJA20 \u00e0 usage moyen ne fait pas exception.<\/p>\n<figure id=\"attachment_3182\" aria-describedby=\"caption-attachment-3182\" style=\"width: 300px\" class=\"wp-caption aligncenter\"><img fetchpriority=\"high\" decoding=\"async\" class=\"wp-image-3182 size-medium\" src=\"https:\/\/mountlaser.com\/wp-content\/uploads\/2025\/11\/RJA20-FAT6-300x300.webp\" alt=\"Precision Medium-Duty Aluminum Tripod\" width=\"300\" height=\"300\" srcset=\"https:\/\/mountlaser.com\/wp-content\/uploads\/2025\/11\/RJA20-FAT6-300x300.webp 300w, https:\/\/mountlaser.com\/wp-content\/uploads\/2025\/11\/RJA20-FAT6-400x400.webp 400w, https:\/\/mountlaser.com\/wp-content\/uploads\/2025\/11\/RJA20-FAT6-800x800.webp 800w, https:\/\/mountlaser.com\/wp-content\/uploads\/2025\/11\/RJA20-FAT6-600x600.webp 600w, https:\/\/mountlaser.com\/wp-content\/uploads\/2025\/11\/RJA20-FAT6-150x150.webp 150w, https:\/\/mountlaser.com\/wp-content\/uploads\/2025\/11\/RJA20-FAT6-768x768.webp 768w, https:\/\/mountlaser.com\/wp-content\/uploads\/2025\/11\/RJA20-FAT6-12x12.webp 12w, https:\/\/mountlaser.com\/wp-content\/uploads\/2025\/11\/RJA20-FAT6.webp 1000w\" sizes=\"(max-width: 300px) 100vw, 300px\" \/><figcaption id=\"caption-attachment-3182\" class=\"wp-caption-text\">Tr\u00e9pied en aluminium \u00e0 t\u00eate plate RJA20 de r\u00e9sistance moyenne<\/figcaption><\/figure>\n<p>&nbsp;<\/p>\n<p>Con\u00e7u pour les professionnels exigeants en mati\u00e8re de fiabilit\u00e9, ce <a href=\"https:\/\/mountlaser.com\/fr_fr\/\"><strong>Tr\u00e9pied de pr\u00e9cision en aluminium de r\u00e9sistance moyenne<\/strong><\/a> Disponible en trois mod\u00e8les de t\u00eate (plate, bomb\u00e9e et ronde), le tr\u00e9pied RJA20 assure la compatibilit\u00e9 avec les th\u00e9odolites et les stations totales. Fabriqu\u00e9 en alliage d&#039;aluminium haute r\u00e9sistance, il offre une excellente r\u00e9sistance aux chocs et est \u00e9quip\u00e9 d&#039;un boulon de fixation en laiton 5\/8\u2033-11 pour une compatibilit\u00e9 universelle avec les instruments. Que vous optiez pour la version \u00e0 pince tournante, \u00e0 pince \u00e0 d\u00e9gagement rapide ou \u00e0 double pince, ce tr\u00e9pied en aluminium robuste avec pince \u00e0 d\u00e9gagement rapide garantit une installation rapide et une stabilit\u00e9 \u00e0 toute \u00e9preuve. Un m\u00e9canisme autobloquant (S) et des couleurs ou hauteurs personnalis\u00e9es sont disponibles sur demande.<\/p>\n<p>&nbsp;<\/p>\n<figure id=\"attachment_3180\" aria-describedby=\"caption-attachment-3180\" style=\"width: 300px\" class=\"wp-caption aligncenter\"><img decoding=\"async\" class=\"wp-image-3180 size-medium\" src=\"https:\/\/mountlaser.com\/wp-content\/uploads\/2025\/11\/RJA20-DAD7-300x300.webp\" alt=\"Precision Medium-Duty Aluminum Tripod\" width=\"300\" height=\"300\" srcset=\"https:\/\/mountlaser.com\/wp-content\/uploads\/2025\/11\/RJA20-DAD7-300x300.webp 300w, https:\/\/mountlaser.com\/wp-content\/uploads\/2025\/11\/RJA20-DAD7-400x400.webp 400w, https:\/\/mountlaser.com\/wp-content\/uploads\/2025\/11\/RJA20-DAD7-800x800.webp 800w, https:\/\/mountlaser.com\/wp-content\/uploads\/2025\/11\/RJA20-DAD7-600x600.webp 600w, https:\/\/mountlaser.com\/wp-content\/uploads\/2025\/11\/RJA20-DAD7-150x150.webp 150w, https:\/\/mountlaser.com\/wp-content\/uploads\/2025\/11\/RJA20-DAD7-768x768.webp 768w, https:\/\/mountlaser.com\/wp-content\/uploads\/2025\/11\/RJA20-DAD7-12x12.webp 12w, https:\/\/mountlaser.com\/wp-content\/uploads\/2025\/11\/RJA20-DAD7.webp 1000w\" sizes=\"(max-width: 300px) 100vw, 300px\" \/><figcaption id=\"caption-attachment-3180\" class=\"wp-caption-text\">Tr\u00e9pied en aluminium robuste RJA20 avec t\u00eate bomb\u00e9e<\/figcaption><\/figure>\n<p>&nbsp;<\/p>\n<figure id=\"attachment_3178\" aria-describedby=\"caption-attachment-3178\" style=\"width: 300px\" class=\"wp-caption aligncenter\"><img decoding=\"async\" class=\"wp-image-3178 size-medium\" src=\"https:\/\/mountlaser.com\/wp-content\/uploads\/2025\/11\/RJA20-BAD7-300x300.webp\" alt=\"Precision Medium-Duty Aluminum Tripod\" width=\"300\" height=\"300\" srcset=\"https:\/\/mountlaser.com\/wp-content\/uploads\/2025\/11\/RJA20-BAD7-300x300.webp 300w, https:\/\/mountlaser.com\/wp-content\/uploads\/2025\/11\/RJA20-BAD7-400x400.webp 400w, https:\/\/mountlaser.com\/wp-content\/uploads\/2025\/11\/RJA20-BAD7-800x800.webp 800w, https:\/\/mountlaser.com\/wp-content\/uploads\/2025\/11\/RJA20-BAD7-600x600.webp 600w, https:\/\/mountlaser.com\/wp-content\/uploads\/2025\/11\/RJA20-BAD7-150x150.webp 150w, https:\/\/mountlaser.com\/wp-content\/uploads\/2025\/11\/RJA20-BAD7-768x768.webp 768w, https:\/\/mountlaser.com\/wp-content\/uploads\/2025\/11\/RJA20-BAD7-12x12.webp 12w, https:\/\/mountlaser.com\/wp-content\/uploads\/2025\/11\/RJA20-BAD7.webp 1000w\" sizes=\"(max-width: 300px) 100vw, 300px\" \/><figcaption id=\"caption-attachment-3178\" class=\"wp-caption-text\">Tr\u00e9pied en aluminium robuste RJA20 \u00e0 t\u00eate ronde<\/figcaption><\/figure>\n<p>Le <a href=\"https:\/\/mountlaser.com\/fr_fr\/products\/\"><strong>Tr\u00e9pied en aluminium RJA20 de r\u00e9sistance moyenne<\/strong> <\/a>Ce tr\u00e9pied offre un support s\u00fbr et sans vibrations pour les instruments de pr\u00e9cision sur le terrain. Sa conception l\u00e9g\u00e8re et robuste facilite le transport sans compromettre sa solidit\u00e9. Le tr\u00e9pied de pr\u00e9cision en aluminium de r\u00e9sistance moyenne garantit une pr\u00e9cision constante, tandis que le tr\u00e9pied en aluminium de r\u00e9sistance moyenne avec pince rapide permet un d\u00e9ploiement et un r\u00e9glage rapides, ce qui repr\u00e9sente un gain de temps pr\u00e9cieux sur le terrain.<\/p>\n<p>&nbsp;<\/p>\n<p><strong>Sp\u00e9cifications du tr\u00e9pied en aluminium standard s\u00e9rie J RJA20 de r\u00e9sistance moyenne<\/strong><\/p>\n<table width=\"830\">\n<tbody>\n<tr>\n<td width=\"126\">NOMBRE<\/td>\n<td width=\"130\">JAMBES<\/td>\n<td width=\"121\">T\u00caTE<\/td>\n<td width=\"134\">TYPE DE SERRURE<\/td>\n<td width=\"132\">MAT\u00c9RIEL<\/td>\n<td width=\"115\">EXTENSION<\/td>\n<td width=\"72\">NO<\/td>\n<\/tr>\n<tr>\n<td>RJA20-FCTOR<\/td>\n<td>Aluminium<\/td>\n<td>Plat de 160 mm<\/td>\n<td>Pince \u00e0 torsion<\/td>\n<td>Orange<\/td>\n<td>170 cm<\/td>\n<td>3,7 kg<\/td>\n<\/tr>\n<tr>\n<td>RJA20-FCDOR<\/td>\n<td>Aluminium<\/td>\n<td>Plat de 160 mm<\/td>\n<td>Double pince<\/td>\n<td>Orange<\/td>\n<td>160 cm<\/td>\n<td>4,3 kg<\/td>\n<\/tr>\n<\/tbody>\n<\/table>","protected":false},"excerpt":{"rendered":"<ul>\n<li>Pour les g\u00e9om\u00e8tres et les ing\u00e9nieurs qui ont besoin d&#039;un syst\u00e8me d&#039;assistance fiable et personnalisable<\/li>\n<li>Le tr\u00e9pied standard en aluminium de la s\u00e9rie J RJA20, de r\u00e9sistance moyenne, est le choix id\u00e9al.<\/li>\n<li>Avec de multiples options de t\u00eates, de styles de fixation et la robustesse d&#039;un tr\u00e9pied de pr\u00e9cision en aluminium de qualit\u00e9 moyenne.<\/li>\n<\/ul>","protected":false},"featured_media":3174,"comment_status":"open","ping_status":"closed","template":"","meta":[],"product_brand":[],"product_cat":[91,111],"product_tag":[],"class_list":{"0":"post-3173","1":"product","2":"type-product","3":"status-publish","4":"has-post-thumbnail","6":"product_cat-bipod-tripod","7":"product_cat-aluminum-surveying-tripod","9":"first","10":"instock","11":"shipping-taxable","12":"product-type-simple"},"_links":{"self":[{"href":"https:\/\/mountlaser.com\/fr_fr\/wp-json\/wp\/v2\/product\/3173","targetHints":{"allow":["GET"]}}],"collection":[{"href":"https:\/\/mountlaser.com\/fr_fr\/wp-json\/wp\/v2\/product"}],"about":[{"href":"https:\/\/mountlaser.com\/fr_fr\/wp-json\/wp\/v2\/types\/product"}],"replies":[{"embeddable":true,"href":"https:\/\/mountlaser.com\/fr_fr\/wp-json\/wp\/v2\/comments?post=3173"}],"wp:featuredmedia":[{"embeddable":true,"href":"https:\/\/mountlaser.com\/fr_fr\/wp-json\/wp\/v2\/media\/3174"}],"wp:attachment":[{"href":"https:\/\/mountlaser.com\/fr_fr\/wp-json\/wp\/v2\/media?parent=3173"}],"wp:term":[{"taxonomy":"product_brand","embeddable":true,"href":"https:\/\/mountlaser.com\/fr_fr\/wp-json\/wp\/v2\/product_brand?post=3173"},{"taxonomy":"product_cat","embeddable":true,"href":"https:\/\/mountlaser.com\/fr_fr\/wp-json\/wp\/v2\/product_cat?post=3173"},{"taxonomy":"product_tag","embeddable":true,"href":"https:\/\/mountlaser.com\/fr_fr\/wp-json\/wp\/v2\/product_tag?post=3173"}],"curies":[{"name":"wp","href":"https:\/\/api.w.org\/{rel}","templated":true}]}}