{"id":3167,"date":"2025-11-03T07:50:02","date_gmt":"2025-11-03T07:50:02","guid":{"rendered":"https:\/\/mountlaser.com\/?post_type=product&#038;p=3167"},"modified":"2025-11-28T03:21:56","modified_gmt":"2025-11-28T03:21:56","slug":"mp104-monitoring-prism","status":"publish","type":"product","link":"https:\/\/mountlaser.com\/fr_fr\/produit\/mp104-monitoring-prism\/","title":{"rendered":"Prisme de surveillance MP104"},"content":{"rendered":"<p>Mini-prisme MP104 \u2013 Mini-prisme de surveillance blanc r\u00e9sistant aux intemp\u00e9ries pour une pr\u00e9cision \u00e0 long terme<\/p>\n<p>Le <a href=\"https:\/\/mountlaser.com\/fr_fr\/\"><strong>Mini prisme MP104<\/strong><\/a> est de qualit\u00e9 professionnelle <a href=\"https:\/\/mountlaser.com\/fr_fr\/about-us\/\"><strong>mini prisme de surveillance blanc<\/strong><\/a> Con\u00e7u pour une surveillance pr\u00e9cise et \u00e0 long terme des d\u00e9formations dans les projets de construction, de g\u00e9otechnique et d&#039;int\u00e9grit\u00e9 structurale, ce prisme est robuste et garantit une collecte de donn\u00e9es stable et pr\u00e9cise sur de longues p\u00e9riodes de surveillance, m\u00eame dans des conditions de terrain difficiles.<\/p>\n<p>Dot\u00e9 d&#039;un prisme de haute pr\u00e9cision de 25,4 mm et d&#039;un axe d&#039;inclinaison de 86 mm, le mini-prisme MP104 offre un d\u00e9calage de -17,5 mm, garantissant des r\u00e9sultats fiables pour les lev\u00e9s topographiques les plus exigeants. Sa conception r\u00e9sistante aux intemp\u00e9ries, avec son couvercle de protection et son verre trait\u00e9, lui conf\u00e8re une excellente r\u00e9sistance aux conditions climatiques extr\u00eames telles que la pluie, la poussi\u00e8re et les variations de temp\u00e9rature.<\/p>\n<p>&nbsp;<\/p>\n<p><img fetchpriority=\"high\" decoding=\"async\" class=\"aligncenter wp-image-3169\" src=\"https:\/\/mountlaser.com\/wp-content\/uploads\/2025\/11\/2-8MP1042.webp\" alt=\"MP104 MINI prism\" width=\"500\" height=\"500\" srcset=\"https:\/\/mountlaser.com\/wp-content\/uploads\/2025\/11\/2-8MP1042.webp 1000w, https:\/\/mountlaser.com\/wp-content\/uploads\/2025\/11\/2-8MP1042-300x300.webp 300w, https:\/\/mountlaser.com\/wp-content\/uploads\/2025\/11\/2-8MP1042-400x400.webp 400w, https:\/\/mountlaser.com\/wp-content\/uploads\/2025\/11\/2-8MP1042-800x800.webp 800w, https:\/\/mountlaser.com\/wp-content\/uploads\/2025\/11\/2-8MP1042-600x600.webp 600w, https:\/\/mountlaser.com\/wp-content\/uploads\/2025\/11\/2-8MP1042-150x150.webp 150w, https:\/\/mountlaser.com\/wp-content\/uploads\/2025\/11\/2-8MP1042-768x768.webp 768w, https:\/\/mountlaser.com\/wp-content\/uploads\/2025\/11\/2-8MP1042-12x12.webp 12w\" sizes=\"(max-width: 500px) 100vw, 500px\" \/><\/p>\n<p>Le mini-prisme de surveillance blanc est dot\u00e9 d&#039;un bo\u00eetier en plastique haute r\u00e9sistance de type suisse, alliant l\u00e9g\u00e8ret\u00e9 et durabilit\u00e9. Il est \u00e9galement disponible avec un prisme recouvert de cuivre ou d&#039;argent, permettant ainsi d&#039;optimiser le retour du signal en fonction des conditions environnementales et de r\u00e9flexion.<\/p>\n<p>Pour une installation flexible, le <a href=\"https:\/\/mountlaser.com\/fr_fr\/products\/\">Mini prisme MP104<\/a> comprend trois options d&#039;adaptateur\u00a0:<\/p>\n<p>Adaptateur de filetage MP104-A01 \u2013 5\/8\u2033<\/p>\n<p>Adaptateur de filetage MP104-A02 \u2013 3\/8\u2033<\/p>\n<p>Adaptateur de filetage M8 MP104-A03<\/p>\n<p>Ces options rendent le mini-prisme de surveillance blanc compatible avec une vari\u00e9t\u00e9 de configurations de montage, offrant une polyvalence maximale sur le terrain.<\/p>","protected":false},"excerpt":{"rendered":"<ul>\n<li>Bo\u00eetier prot\u00e9g\u00e9 contre les intemp\u00e9ries et verre trait\u00e9 pour une durabilit\u00e9 ext\u00e9rieure<\/li>\n<li>Support en plastique haute r\u00e9sistance de style suisse pour une stabilit\u00e9 \u00e0 long terme<\/li>\n<li>Disponible avec rev\u00eatement en cuivre ou en argent pour une r\u00e9flexion am\u00e9lior\u00e9e<\/li>\n<li>Plusieurs options d&#039;adaptateurs pour une installation universelle<\/li>\n<\/ul>","protected":false},"featured_media":3168,"comment_status":"open","ping_status":"closed","template":"","meta":[],"product_brand":[],"product_cat":[72,112],"product_tag":[],"class_list":{"0":"post-3167","1":"product","2":"type-product","3":"status-publish","4":"has-post-thumbnail","6":"product_cat-reflective-target-prism","7":"product_cat-monitoring-prism","9":"first","10":"instock","11":"shipping-taxable","12":"product-type-simple"},"_links":{"self":[{"href":"https:\/\/mountlaser.com\/fr_fr\/wp-json\/wp\/v2\/product\/3167","targetHints":{"allow":["GET"]}}],"collection":[{"href":"https:\/\/mountlaser.com\/fr_fr\/wp-json\/wp\/v2\/product"}],"about":[{"href":"https:\/\/mountlaser.com\/fr_fr\/wp-json\/wp\/v2\/types\/product"}],"replies":[{"embeddable":true,"href":"https:\/\/mountlaser.com\/fr_fr\/wp-json\/wp\/v2\/comments?post=3167"}],"wp:featuredmedia":[{"embeddable":true,"href":"https:\/\/mountlaser.com\/fr_fr\/wp-json\/wp\/v2\/media\/3168"}],"wp:attachment":[{"href":"https:\/\/mountlaser.com\/fr_fr\/wp-json\/wp\/v2\/media?parent=3167"}],"wp:term":[{"taxonomy":"product_brand","embeddable":true,"href":"https:\/\/mountlaser.com\/fr_fr\/wp-json\/wp\/v2\/product_brand?post=3167"},{"taxonomy":"product_cat","embeddable":true,"href":"https:\/\/mountlaser.com\/fr_fr\/wp-json\/wp\/v2\/product_cat?post=3167"},{"taxonomy":"product_tag","embeddable":true,"href":"https:\/\/mountlaser.com\/fr_fr\/wp-json\/wp\/v2\/product_tag?post=3167"}],"curies":[{"name":"wp","href":"https:\/\/api.w.org\/{rel}","templated":true}]}}