{"id":3155,"date":"2025-11-03T05:29:54","date_gmt":"2025-11-03T05:29:54","guid":{"rendered":"https:\/\/mountlaser.com\/?post_type=product&#038;p=3155"},"modified":"2025-11-28T03:23:39","modified_gmt":"2025-11-28T03:23:39","slug":"rt108-magnetic-rotary-reflective-target","status":"publish","type":"product","link":"https:\/\/mountlaser.com\/fr_fr\/produit\/rt108-magnetic-rotary-reflective-target\/","title":{"rendered":"Cible r\u00e9fl\u00e9chissante rotative magn\u00e9tique RT108"},"content":{"rendered":"<p>Cible r\u00e9fl\u00e9chissante rotative magn\u00e9tique RT108 \u2013 Pr\u00e9cision \u00e0 360\u00b0 pour un alignement professionnel<\/p>\n<p>Le RT108 <a href=\"https:\/\/mountlaser.com\/fr_fr\/\"><strong>Cible r\u00e9fl\u00e9chissante rotative avec feuille magn\u00e9tique<\/strong><\/a> La cible de Mount Laser est con\u00e7ue pour les applications d&#039;alignement, de tra\u00e7age et de contr\u00f4le de haute pr\u00e9cision. Disponible en deux mod\u00e8les \u2014 RT108-50 avec une feuille r\u00e9fl\u00e9chissante de 50 \u00d7 50 mm et RT108-90 avec une feuille r\u00e9fl\u00e9chissante de 90 \u00d7 90 mm \u2014, elle offre des options flexibles pour r\u00e9pondre \u00e0 diff\u00e9rents besoins de mesure.<\/p>\n<p>Dot\u00e9e d&#039;une conception rotative \u00e0 360 degr\u00e9s, la cible r\u00e9fl\u00e9chissante rotative avec feuille magn\u00e9tique permet un r\u00e9glage ais\u00e9 dans toutes les directions, garantissant une r\u00e9flexion laser pr\u00e9cise quel que soit l&#039;angle. Sa structure principale en aluminium robuste assure une stabilit\u00e9 et des performances durables, m\u00eame dans les environnements industriels les plus exigeants.<\/p>\n<p><img fetchpriority=\"high\" decoding=\"async\" class=\"aligncenter wp-image-3134\" src=\"https:\/\/mountlaser.com\/wp-content\/uploads\/2025\/10\/1-9RT1083.webp\" alt=\"RT108 Rotary Reflective Target With Magnetic Sheet\" width=\"500\" height=\"500\" srcset=\"https:\/\/mountlaser.com\/wp-content\/uploads\/2025\/10\/1-9RT1083.webp 1000w, https:\/\/mountlaser.com\/wp-content\/uploads\/2025\/10\/1-9RT1083-300x300.webp 300w, https:\/\/mountlaser.com\/wp-content\/uploads\/2025\/10\/1-9RT1083-400x400.webp 400w, https:\/\/mountlaser.com\/wp-content\/uploads\/2025\/10\/1-9RT1083-800x800.webp 800w, https:\/\/mountlaser.com\/wp-content\/uploads\/2025\/10\/1-9RT1083-600x600.webp 600w, https:\/\/mountlaser.com\/wp-content\/uploads\/2025\/10\/1-9RT1083-150x150.webp 150w, https:\/\/mountlaser.com\/wp-content\/uploads\/2025\/10\/1-9RT1083-768x768.webp 768w, https:\/\/mountlaser.com\/wp-content\/uploads\/2025\/10\/1-9RT1083-12x12.webp 12w\" sizes=\"(max-width: 500px) 100vw, 500px\" \/><\/p>\n<p>Dot\u00e9e d&#039;une feuille adh\u00e9sive r\u00e9fl\u00e9chissante 3M haute visibilit\u00e9, la cible r\u00e9fl\u00e9chissante rotative avec feuille magn\u00e9tique offre une r\u00e9flectivit\u00e9 sup\u00e9rieure pour les syst\u00e8mes laser et les stations totales. Sa base magn\u00e9tique puissante permet une fixation rapide et s\u00fbre directement sur les surfaces m\u00e9talliques ou les points de mesure, ce qui la rend id\u00e9ale pour les structures en acier, les machines lourdes et les travaux d&#039;implantation de pr\u00e9cision.<\/p>\n<p>Le <a href=\"https:\/\/mountlaser.com\/fr_fr\/products\/\"><strong>Nouvelle cible r\u00e9fl\u00e9chissante rotative magn\u00e9tique<\/strong><\/a> Elle associe la technologie r\u00e9fl\u00e9chissante 3M \u00e0 la polyvalence magn\u00e9tique, offrant aux professionnels un \u00e9quilibre parfait entre durabilit\u00e9, efficacit\u00e9 et pr\u00e9cision de mesure.<\/p>","protected":false},"excerpt":{"rendered":"<ul>\n<li>Alignement laser flexible<\/li>\n<li>Deux mod\u00e8les : RT108-50 (50\u00d750 mm) et RT108-90 (90\u00d790 mm)<\/li>\n<li>Feuille r\u00e9fl\u00e9chissante haute visibilit\u00e9 3M pour une meilleure r\u00e9flexion du signal<\/li>\n<li>Fixation s\u00e9curis\u00e9e sur surfaces m\u00e9talliques<\/li>\n<li>Corps principal en aluminium durable pour une stabilit\u00e9 \u00e0 long terme dans des environnements difficiles<\/li>\n<li>Pour la construction, la surveillance et l&#039;alignement des machines<\/li>\n<\/ul>","protected":false},"featured_media":3137,"comment_status":"open","ping_status":"closed","template":"","meta":[],"product_brand":[],"product_cat":[72,104],"product_tag":[],"class_list":{"0":"post-3155","1":"product","2":"type-product","3":"status-publish","4":"has-post-thumbnail","6":"product_cat-reflective-target-prism","7":"product_cat-reflective-target","9":"first","10":"instock","11":"shipping-taxable","12":"product-type-simple"},"_links":{"self":[{"href":"https:\/\/mountlaser.com\/fr_fr\/wp-json\/wp\/v2\/product\/3155","targetHints":{"allow":["GET"]}}],"collection":[{"href":"https:\/\/mountlaser.com\/fr_fr\/wp-json\/wp\/v2\/product"}],"about":[{"href":"https:\/\/mountlaser.com\/fr_fr\/wp-json\/wp\/v2\/types\/product"}],"replies":[{"embeddable":true,"href":"https:\/\/mountlaser.com\/fr_fr\/wp-json\/wp\/v2\/comments?post=3155"}],"wp:featuredmedia":[{"embeddable":true,"href":"https:\/\/mountlaser.com\/fr_fr\/wp-json\/wp\/v2\/media\/3137"}],"wp:attachment":[{"href":"https:\/\/mountlaser.com\/fr_fr\/wp-json\/wp\/v2\/media?parent=3155"}],"wp:term":[{"taxonomy":"product_brand","embeddable":true,"href":"https:\/\/mountlaser.com\/fr_fr\/wp-json\/wp\/v2\/product_brand?post=3155"},{"taxonomy":"product_cat","embeddable":true,"href":"https:\/\/mountlaser.com\/fr_fr\/wp-json\/wp\/v2\/product_cat?post=3155"},{"taxonomy":"product_tag","embeddable":true,"href":"https:\/\/mountlaser.com\/fr_fr\/wp-json\/wp\/v2\/product_tag?post=3155"}],"curies":[{"name":"wp","href":"https:\/\/api.w.org\/{rel}","templated":true}]}}