{"id":3112,"date":"2025-10-31T09:18:04","date_gmt":"2025-10-31T09:18:04","guid":{"rendered":"https:\/\/mountlaser.com\/?post_type=product&#038;p=3112"},"modified":"2025-11-28T03:26:02","modified_gmt":"2025-11-28T03:26:02","slug":"premium-t-series-rta10-aluminum-tripod","status":"publish","type":"product","link":"https:\/\/mountlaser.com\/fr_fr\/produit\/premium-t-series-rta10-aluminum-tripod\/","title":{"rendered":"Tr\u00e9pied en aluminium de qualit\u00e9 sup\u00e9rieure s\u00e9rie T RTA10"},"content":{"rendered":"<p>Le <a href=\"https:\/\/mountlaser.com\/fr_fr\/\"><strong>Tr\u00e9pied en aluminium de qualit\u00e9 sup\u00e9rieure s\u00e9rie T RTA10<\/strong> <\/a>Ce tr\u00e9pied repr\u00e9sente le summum de l&#039;excellence en ing\u00e9nierie des syst\u00e8mes de support topographiques, \u00e9tablissant de nouvelles normes de fiabilit\u00e9 et de performance. Fabriqu\u00e9 avec une pr\u00e9cision m\u00e9ticuleuse, il r\u00e9pond aux exigences rigoureuses des g\u00e9om\u00e8tres professionnels qui ne peuvent faire aucun compromis sur la stabilit\u00e9 et la pr\u00e9cision.<br \/>\nDot\u00e9 d&#039;une configuration \u00e0 t\u00eate plate sp\u00e9cialis\u00e9e assurant une stabilit\u00e9 optimale de l&#039;instrument et un montage s\u00e9curis\u00e9.<br \/>\nDot\u00e9 d&#039;un boulon de fixation en aluminium standard de 5\/8\u2033-11 pour une int\u00e9gration parfaite avec les niveaux automatiques et les lasers rotatifs.<\/p>\n<p><img fetchpriority=\"high\" decoding=\"async\" class=\"aligncenter wp-image-3115\" src=\"https:\/\/mountlaser.com\/wp-content\/uploads\/2025\/10\/RTA10-FCD3.webp\" alt=\"Flat Head Aluminum Tripod\" width=\"500\" height=\"500\" srcset=\"https:\/\/mountlaser.com\/wp-content\/uploads\/2025\/10\/RTA10-FCD3.webp 1000w, https:\/\/mountlaser.com\/wp-content\/uploads\/2025\/10\/RTA10-FCD3-300x300.webp 300w, https:\/\/mountlaser.com\/wp-content\/uploads\/2025\/10\/RTA10-FCD3-400x400.webp 400w, https:\/\/mountlaser.com\/wp-content\/uploads\/2025\/10\/RTA10-FCD3-800x800.webp 800w, https:\/\/mountlaser.com\/wp-content\/uploads\/2025\/10\/RTA10-FCD3-600x600.webp 600w, https:\/\/mountlaser.com\/wp-content\/uploads\/2025\/10\/RTA10-FCD3-150x150.webp 150w, https:\/\/mountlaser.com\/wp-content\/uploads\/2025\/10\/RTA10-FCD3-768x768.webp 768w, https:\/\/mountlaser.com\/wp-content\/uploads\/2025\/10\/RTA10-FCD3-12x12.webp 12w\" sizes=\"(max-width: 500px) 100vw, 500px\" \/><br \/>\nLe RTA10 est un tr\u00e9pied sophistiqu\u00e9 en aluminium \u00e0 verrouillage automatique, dot\u00e9 de m\u00e9canismes de verrouillage avanc\u00e9s qui garantissent un positionnement stable de l&#039;instrument tout au long de longues sessions de mesure.<br \/>\nLe design innovant de ce <a href=\"https:\/\/mountlaser.com\/fr_fr\/products\/\"><strong>tr\u00e9pied en aluminium \u00e0 t\u00eate plate<\/strong> <\/a>Offrant une compatibilit\u00e9 in\u00e9gal\u00e9e avec divers instruments topographiques, ce tr\u00e9pied en aluminium autobloquant garantit la portabilit\u00e9 indispensable aux techniciens de terrain. Con\u00e7u pour allier durabilit\u00e9 et facilit\u00e9 d&#039;utilisation, il t\u00e9moigne de l&#039;engagement de Mountlaser \u00e0 fournir des solutions topographiques de pointe, am\u00e9liorant la productivit\u00e9 et la pr\u00e9cision des mesures m\u00eame dans les environnements de travail les plus exigeants.<\/p>\n<p><img decoding=\"async\" class=\"aligncenter wp-image-3118\" src=\"https:\/\/mountlaser.com\/wp-content\/uploads\/2025\/10\/RTA10-FCD6.webp\" alt=\"Flat Head Aluminum Tripod\" width=\"500\" height=\"500\" srcset=\"https:\/\/mountlaser.com\/wp-content\/uploads\/2025\/10\/RTA10-FCD6.webp 1000w, https:\/\/mountlaser.com\/wp-content\/uploads\/2025\/10\/RTA10-FCD6-300x300.webp 300w, https:\/\/mountlaser.com\/wp-content\/uploads\/2025\/10\/RTA10-FCD6-400x400.webp 400w, https:\/\/mountlaser.com\/wp-content\/uploads\/2025\/10\/RTA10-FCD6-800x800.webp 800w, https:\/\/mountlaser.com\/wp-content\/uploads\/2025\/10\/RTA10-FCD6-600x600.webp 600w, https:\/\/mountlaser.com\/wp-content\/uploads\/2025\/10\/RTA10-FCD6-150x150.webp 150w, https:\/\/mountlaser.com\/wp-content\/uploads\/2025\/10\/RTA10-FCD6-768x768.webp 768w, https:\/\/mountlaser.com\/wp-content\/uploads\/2025\/10\/RTA10-FCD6-12x12.webp 12w\" sizes=\"(max-width: 500px) 100vw, 500px\" \/><\/p>\n<p>&nbsp;<\/p>\n<p><strong><a href=\"https:\/\/mountlaser.com\/fr_fr\/contact-us\/\">Tr\u00e9pied en aluminium de qualit\u00e9 sup\u00e9rieure s\u00e9rie T RTA10<\/a> Caract\u00e9ristiques<\/strong><\/p>\n<table style=\"border-collapse: collapse; width: 622.52pt;\" border=\"0\" width=\"830\" cellspacing=\"0\" cellpadding=\"0\">\n<tbody>\n<tr style=\"height: 14.25pt;\">\n<td class=\"et2\" style=\"height: 14.25pt; width: 94.50pt;\" width=\"126\" height=\"19\">NOMBRE<\/td>\n<td class=\"et2\" style=\"width: 97.50pt;\" width=\"130\">JAMBES<\/td>\n<td class=\"et2\" style=\"width: 90.75pt;\" width=\"121\">T\u00caTE<\/td>\n<td class=\"et2\" style=\"width: 100.50pt;\" width=\"134\">TYPE DE SERRURE<\/td>\n<td class=\"et2\" style=\"width: 99.00pt;\" width=\"132\">MAT\u00c9RIEL<\/td>\n<td class=\"et2\" style=\"width: 86.25pt;\" width=\"115\">EXTENSION<\/td>\n<td class=\"et2\" style=\"width: 54.00pt;\" width=\"72\">NO<\/td>\n<\/tr>\n<tr style=\"height: 14.25pt;\">\n<td class=\"et2\" style=\"height: 14.25pt;\" height=\"19\">RTA10-FATYL<\/td>\n<td class=\"et2\">Aluminium<\/td>\n<td class=\"et2\">Plat de 140 mm<\/td>\n<td class=\"et2\">Pince \u00e0 torsion<\/td>\n<td class=\"et2\">Jaune<\/td>\n<td class=\"et2\">170 cm<\/td>\n<td class=\"et2\">3,0 kg<\/td>\n<\/tr>\n<tr style=\"height: 14.25pt;\">\n<td class=\"et2\" style=\"height: 14.25pt;\" height=\"19\">RTA10-FADYL<\/td>\n<td class=\"et2\">Aluminium<\/td>\n<td class=\"et2\">Plat de 140 mm<\/td>\n<td class=\"et2\">Double pince<\/td>\n<td class=\"et2\">Jaune<\/td>\n<td class=\"et2\">165 cm<\/td>\n<td class=\"et2\">3,6 kg<\/td>\n<\/tr>\n<\/tbody>\n<\/table>","protected":false},"excerpt":{"rendered":"<p>\u2022 Construction en aluminium de qualit\u00e9 a\u00e9ronautique\u00a0: Fabriqu\u00e9 \u00e0 partir d\u2019un alliage d\u2019aluminium haute r\u00e9sistance offrant une r\u00e9sistance aux chocs exceptionnelle<br \/>\n\u2022 Plusieurs options de serrage\u00a0: Disponible avec serrage par rotation, serrage \u00e0 d\u00e9gagement rapide ou configurations \u00e0 double serrage.<br \/>\n\u2022 Sp\u00e9cifications personnalisables\u00a0: Couleurs et hauteurs personnalis\u00e9es disponibles sur demande pour r\u00e9pondre aux exigences sp\u00e9cifiques du projet<\/p>","protected":false},"featured_media":3117,"comment_status":"open","ping_status":"closed","template":"","meta":[],"product_brand":[],"product_cat":[91,111],"product_tag":[],"class_list":{"0":"post-3112","1":"product","2":"type-product","3":"status-publish","4":"has-post-thumbnail","6":"product_cat-bipod-tripod","7":"product_cat-aluminum-surveying-tripod","9":"first","10":"instock","11":"shipping-taxable","12":"product-type-simple"},"_links":{"self":[{"href":"https:\/\/mountlaser.com\/fr_fr\/wp-json\/wp\/v2\/product\/3112","targetHints":{"allow":["GET"]}}],"collection":[{"href":"https:\/\/mountlaser.com\/fr_fr\/wp-json\/wp\/v2\/product"}],"about":[{"href":"https:\/\/mountlaser.com\/fr_fr\/wp-json\/wp\/v2\/types\/product"}],"replies":[{"embeddable":true,"href":"https:\/\/mountlaser.com\/fr_fr\/wp-json\/wp\/v2\/comments?post=3112"}],"wp:featuredmedia":[{"embeddable":true,"href":"https:\/\/mountlaser.com\/fr_fr\/wp-json\/wp\/v2\/media\/3117"}],"wp:attachment":[{"href":"https:\/\/mountlaser.com\/fr_fr\/wp-json\/wp\/v2\/media?parent=3112"}],"wp:term":[{"taxonomy":"product_brand","embeddable":true,"href":"https:\/\/mountlaser.com\/fr_fr\/wp-json\/wp\/v2\/product_brand?post=3112"},{"taxonomy":"product_cat","embeddable":true,"href":"https:\/\/mountlaser.com\/fr_fr\/wp-json\/wp\/v2\/product_cat?post=3112"},{"taxonomy":"product_tag","embeddable":true,"href":"https:\/\/mountlaser.com\/fr_fr\/wp-json\/wp\/v2\/product_tag?post=3112"}],"curies":[{"name":"wp","href":"https:\/\/api.w.org\/{rel}","templated":true}]}}