{"id":3101,"date":"2025-10-31T08:52:31","date_gmt":"2025-10-31T08:52:31","guid":{"rendered":"https:\/\/mountlaser.com\/?post_type=product&#038;p=3101"},"modified":"2025-11-28T03:27:10","modified_gmt":"2025-11-28T03:27:10","slug":"rja10-aluminum-tripod","status":"publish","type":"product","link":"https:\/\/mountlaser.com\/fr_fr\/produit\/rja10-aluminum-tripod\/","title":{"rendered":"Tr\u00e9pied en aluminium RJA10"},"content":{"rendered":"<p>Le<a href=\"https:\/\/mountlaser.com\/fr_fr\/\"> <strong>Tr\u00e9pied en aluminium RJA10<\/strong> <\/a>repr\u00e9sente la solution id\u00e9ale dans <a href=\"https:\/\/mountlaser.com\/fr_fr\/about-us\/\"><strong>tr\u00e9pied l\u00e9ger en aluminium<\/strong> <\/a>Des syst\u00e8mes con\u00e7us sp\u00e9cifiquement pour les professionnels de la topographie qui ont besoin d&#039;un support fiable pour leurs instruments de pr\u00e9cision.<\/p>\n<p>Ce tr\u00e9pied polyvalent en aluminium est disponible en trois configurations distinctes pour r\u00e9pondre aux exigences des diff\u00e9rents chantiers\u00a0:<\/p>\n<figure id=\"attachment_3110\" aria-describedby=\"caption-attachment-3110\" style=\"width: 300px\" class=\"wp-caption aligncenter\"><img fetchpriority=\"high\" decoding=\"async\" class=\"wp-image-3110 size-medium\" src=\"https:\/\/mountlaser.com\/wp-content\/uploads\/2025\/10\/RJA10-FAT7-300x300.webp\" alt=\"Light-Duty Aluminum Tripod\" width=\"300\" height=\"300\" srcset=\"https:\/\/mountlaser.com\/wp-content\/uploads\/2025\/10\/RJA10-FAT7-300x300.webp 300w, https:\/\/mountlaser.com\/wp-content\/uploads\/2025\/10\/RJA10-FAT7-400x400.webp 400w, https:\/\/mountlaser.com\/wp-content\/uploads\/2025\/10\/RJA10-FAT7-800x800.webp 800w, https:\/\/mountlaser.com\/wp-content\/uploads\/2025\/10\/RJA10-FAT7-600x600.webp 600w, https:\/\/mountlaser.com\/wp-content\/uploads\/2025\/10\/RJA10-FAT7-150x150.webp 150w, https:\/\/mountlaser.com\/wp-content\/uploads\/2025\/10\/RJA10-FAT7-768x768.webp 768w, https:\/\/mountlaser.com\/wp-content\/uploads\/2025\/10\/RJA10-FAT7-12x12.webp 12w, https:\/\/mountlaser.com\/wp-content\/uploads\/2025\/10\/RJA10-FAT7.webp 1000w\" sizes=\"(max-width: 300px) 100vw, 300px\" \/><figcaption id=\"caption-attachment-3110\" class=\"wp-caption-text\">Tr\u00e9pied en aluminium \u00e0 t\u00eate plate RJA10<\/figcaption><\/figure>\n<p>&nbsp;<\/p>\n<p>Le tr\u00e9pied en aluminium RJA10 \u00e0 t\u00eate plate, le tr\u00e9pied en aluminium RJA10 \u00e0 t\u00eate bomb\u00e9e et le tr\u00e9pied en aluminium RJA10 \u00e0 grande t\u00eate ronde.<\/p>\n<figure id=\"attachment_3109\" aria-describedby=\"caption-attachment-3109\" style=\"width: 300px\" class=\"wp-caption aligncenter\"><img decoding=\"async\" class=\"wp-image-3109 size-medium\" src=\"https:\/\/mountlaser.com\/wp-content\/uploads\/2025\/10\/RJA10-DAD8-300x300.webp\" alt=\"Light-Duty Aluminum Tripod\" width=\"300\" height=\"300\" srcset=\"https:\/\/mountlaser.com\/wp-content\/uploads\/2025\/10\/RJA10-DAD8-300x300.webp 300w, https:\/\/mountlaser.com\/wp-content\/uploads\/2025\/10\/RJA10-DAD8-400x400.webp 400w, https:\/\/mountlaser.com\/wp-content\/uploads\/2025\/10\/RJA10-DAD8-800x800.webp 800w, https:\/\/mountlaser.com\/wp-content\/uploads\/2025\/10\/RJA10-DAD8-600x600.webp 600w, https:\/\/mountlaser.com\/wp-content\/uploads\/2025\/10\/RJA10-DAD8-150x150.webp 150w, https:\/\/mountlaser.com\/wp-content\/uploads\/2025\/10\/RJA10-DAD8-768x768.webp 768w, https:\/\/mountlaser.com\/wp-content\/uploads\/2025\/10\/RJA10-DAD8-12x12.webp 12w, https:\/\/mountlaser.com\/wp-content\/uploads\/2025\/10\/RJA10-DAD8.webp 1000w\" sizes=\"(max-width: 300px) 100vw, 300px\" \/><figcaption id=\"caption-attachment-3109\" class=\"wp-caption-text\">Tr\u00e9pied en aluminium RJA10 avec t\u00eate d\u00f4me<\/figcaption><\/figure>\n<p>&nbsp;<\/p>\n<p>Dans le cadre de notre engagement \u00e0 fournir des solutions flexibles, chaque tr\u00e9pied l\u00e9ger en aluminium RJA10 offre deux options de m\u00e9canisme de verrouillage : la pince Twist Clamp traditionnelle pour une fixation s\u00e9curis\u00e9e et le syst\u00e8me innovant Dual Clamp pour des r\u00e9glages rapides et une stabilit\u00e9 accrue.<\/p>\n<figure id=\"attachment_3108\" aria-describedby=\"caption-attachment-3108\" style=\"width: 300px\" class=\"wp-caption aligncenter\"><img decoding=\"async\" class=\"wp-image-3108 size-medium\" src=\"https:\/\/mountlaser.com\/wp-content\/uploads\/2025\/10\/RJA10-BAT7-300x300.webp\" alt=\"Light-Duty Aluminum Tripod\" width=\"300\" height=\"300\" srcset=\"https:\/\/mountlaser.com\/wp-content\/uploads\/2025\/10\/RJA10-BAT7-300x300.webp 300w, https:\/\/mountlaser.com\/wp-content\/uploads\/2025\/10\/RJA10-BAT7-400x400.webp 400w, https:\/\/mountlaser.com\/wp-content\/uploads\/2025\/10\/RJA10-BAT7-800x800.webp 800w, https:\/\/mountlaser.com\/wp-content\/uploads\/2025\/10\/RJA10-BAT7-600x600.webp 600w, https:\/\/mountlaser.com\/wp-content\/uploads\/2025\/10\/RJA10-BAT7-150x150.webp 150w, https:\/\/mountlaser.com\/wp-content\/uploads\/2025\/10\/RJA10-BAT7-768x768.webp 768w, https:\/\/mountlaser.com\/wp-content\/uploads\/2025\/10\/RJA10-BAT7-12x12.webp 12w, https:\/\/mountlaser.com\/wp-content\/uploads\/2025\/10\/RJA10-BAT7.webp 1000w\" sizes=\"(max-width: 300px) 100vw, 300px\" \/><figcaption id=\"caption-attachment-3108\" class=\"wp-caption-text\">Tr\u00e9pied en aluminium RJA10 \u00e0 t\u00eate ronde<\/figcaption><\/figure>\n<p>Ce tr\u00e9pied en aluminium est con\u00e7u pour allier performance et praticit\u00e9, ce qui en fait un outil indispensable pour tout projet de lev\u00e9 topographique.<\/p>\n<p><strong><a href=\"https:\/\/mountlaser.com\/fr_fr\/products\/\">Tr\u00e9pied en aluminium RJA10<\/a> Caract\u00e9ristiques:<\/strong><\/p>\n<table style=\"border-collapse: collapse; width: 622.52pt;\" border=\"0\" width=\"830\" cellspacing=\"0\" cellpadding=\"0\">\n<tbody>\n<tr style=\"height: 14.25pt;\">\n<td class=\"et2\" style=\"height: 14.25pt; width: 94.50pt;\" width=\"126\" height=\"19\">NOMBRE<\/td>\n<td class=\"et2\" style=\"width: 97.50pt;\" width=\"130\">JAMBES<\/td>\n<td class=\"et2\" style=\"width: 90.75pt;\" width=\"121\">T\u00caTE<\/td>\n<td class=\"et2\" style=\"width: 100.50pt;\" width=\"134\">TYPE DE SERRURE<\/td>\n<td class=\"et2\" style=\"width: 99.00pt;\" width=\"132\">MAT\u00c9RIEL<\/td>\n<td class=\"et2\" style=\"width: 86.25pt;\" width=\"115\">EXTENSION<\/td>\n<td class=\"et2\" style=\"width: 54.00pt;\" width=\"72\">NO<\/td>\n<\/tr>\n<tr style=\"height: 14.25pt;\">\n<td class=\"et2\" style=\"height: 14.25pt;\" height=\"19\">RJA10-FATOR<\/td>\n<td class=\"et2\">Aluminium<\/td>\n<td class=\"et2\">126 mm plat<\/td>\n<td class=\"et2\">Pince \u00e0 torsion<\/td>\n<td class=\"et2\">Orange<\/td>\n<td class=\"et2\">160 cm<\/td>\n<td class=\"et2\">2,7 kg<\/td>\n<\/tr>\n<tr style=\"height: 14.25pt;\">\n<td class=\"et2\" style=\"height: 14.25pt;\" height=\"19\">RJA10-FADOR<\/td>\n<td class=\"et2\">Aluminium<\/td>\n<td class=\"et2\">126 mm plat<\/td>\n<td class=\"et2\">Double pince<\/td>\n<td class=\"et2\">Orange<\/td>\n<td class=\"et2\">150 cm<\/td>\n<td class=\"et2\">3,3 kg<\/td>\n<\/tr>\n<\/tbody>\n<\/table>","protected":false},"excerpt":{"rendered":"<p>\u2022 Compatibilit\u00e9 universelle\u00a0: \u00c9quip\u00e9 d\u2019un boulon de fixation en aluminium 5\/8\u2033-11, assurant la compatibilit\u00e9 avec les niveaux automatiques, les lasers rotatifs et autres \u00e9quipements topographiques.<br \/>\n\u2022 Durabilit\u00e9 accrue : Une excellente r\u00e9sistance aux chocs assure une fiabilit\u00e9 \u00e0 long terme sur le terrain.<br \/>\n\u2022 \u00c9quilibre de poids optimal : Sa conception de poids mod\u00e9r\u00e9 facilite le transport tout en maintenant une stabilit\u00e9 optimale pendant l&#039;utilisation.<\/p>","protected":false},"featured_media":3102,"comment_status":"open","ping_status":"closed","template":"","meta":[],"product_brand":[],"product_cat":[91,111],"product_tag":[],"class_list":{"0":"post-3101","1":"product","2":"type-product","3":"status-publish","4":"has-post-thumbnail","6":"product_cat-bipod-tripod","7":"product_cat-aluminum-surveying-tripod","9":"first","10":"instock","11":"shipping-taxable","12":"product-type-simple"},"_links":{"self":[{"href":"https:\/\/mountlaser.com\/fr_fr\/wp-json\/wp\/v2\/product\/3101","targetHints":{"allow":["GET"]}}],"collection":[{"href":"https:\/\/mountlaser.com\/fr_fr\/wp-json\/wp\/v2\/product"}],"about":[{"href":"https:\/\/mountlaser.com\/fr_fr\/wp-json\/wp\/v2\/types\/product"}],"replies":[{"embeddable":true,"href":"https:\/\/mountlaser.com\/fr_fr\/wp-json\/wp\/v2\/comments?post=3101"}],"wp:featuredmedia":[{"embeddable":true,"href":"https:\/\/mountlaser.com\/fr_fr\/wp-json\/wp\/v2\/media\/3102"}],"wp:attachment":[{"href":"https:\/\/mountlaser.com\/fr_fr\/wp-json\/wp\/v2\/media?parent=3101"}],"wp:term":[{"taxonomy":"product_brand","embeddable":true,"href":"https:\/\/mountlaser.com\/fr_fr\/wp-json\/wp\/v2\/product_brand?post=3101"},{"taxonomy":"product_cat","embeddable":true,"href":"https:\/\/mountlaser.com\/fr_fr\/wp-json\/wp\/v2\/product_cat?post=3101"},{"taxonomy":"product_tag","embeddable":true,"href":"https:\/\/mountlaser.com\/fr_fr\/wp-json\/wp\/v2\/product_tag?post=3101"}],"curies":[{"name":"wp","href":"https:\/\/api.w.org\/{rel}","templated":true}]}}