{"id":3088,"date":"2025-10-31T07:44:32","date_gmt":"2025-10-31T07:44:32","guid":{"rendered":"https:\/\/mountlaser.com\/?post_type=product&#038;p=3088"},"modified":"2025-11-28T03:28:07","modified_gmt":"2025-11-28T03:28:07","slug":"rt105-reflective-target","status":"publish","type":"product","link":"https:\/\/mountlaser.com\/fr_fr\/produit\/rt105-reflective-target\/","title":{"rendered":"Cible r\u00e9fl\u00e9chissante RT105"},"content":{"rendered":"<p>Le <a href=\"https:\/\/mountlaser.com\/fr_fr\/\"><strong>Feuille cible r\u00e9fl\u00e9chissante RT105<\/strong><\/a> de Mount Laser est un professionnel <a href=\"https:\/\/mountlaser.com\/fr_fr\/products\/\"><strong>Feuille cible pour station totale<\/strong><\/a> Con\u00e7u pour offrir une pr\u00e9cision d&#039;alignement et de mesure laser optimale, ce mod\u00e8le, fabriqu\u00e9 avec un mat\u00e9riau r\u00e9fl\u00e9chissant 3M authentique et un corps en nylon haute r\u00e9sistance, garantit une r\u00e9flectivit\u00e9 fiable, une durabilit\u00e9 exceptionnelle et une longue dur\u00e9e de vie, m\u00eame dans des conditions de terrain exigeantes.<\/p>\n<p>Dot\u00e9e d&#039;une surface r\u00e9fl\u00e9chissante de 60 mm de diam\u00e8tre, la cible r\u00e9fl\u00e9chissante RT105 offre une visibilit\u00e9 claire et contrast\u00e9e pour un ciblage pr\u00e9cis et un retour de signal rapide. Son syst\u00e8me de fixation rapide permet une installation et un retrait ais\u00e9s, ce qui la rend particuli\u00e8rement pratique pour les utilisateurs qui repositionnent fr\u00e9quemment leur cible de station totale dans des environnements de travail vari\u00e9s.<\/p>\n<p>Con\u00e7ue pour la construction, la topographie et les applications industrielles, la cible r\u00e9fl\u00e9chissante RT105 garantit des performances stables m\u00eame dans des conditions ext\u00e9rieures difficiles. L&#039;association de la technologie r\u00e9fl\u00e9chissante 3M et d&#039;un bo\u00eetier robuste en nylon assure un alignement optimal et une grande pr\u00e9cision de mesure.<\/p>\n<p><img fetchpriority=\"high\" decoding=\"async\" class=\"aligncenter wp-image-3093\" src=\"https:\/\/mountlaser.com\/wp-content\/uploads\/2025\/10\/1-6RT1055.webp\" alt=\"RT105 Total Station Target Sheet\" width=\"500\" height=\"500\" srcset=\"https:\/\/mountlaser.com\/wp-content\/uploads\/2025\/10\/1-6RT1055.webp 1000w, https:\/\/mountlaser.com\/wp-content\/uploads\/2025\/10\/1-6RT1055-300x300.webp 300w, https:\/\/mountlaser.com\/wp-content\/uploads\/2025\/10\/1-6RT1055-400x400.webp 400w, https:\/\/mountlaser.com\/wp-content\/uploads\/2025\/10\/1-6RT1055-800x800.webp 800w, https:\/\/mountlaser.com\/wp-content\/uploads\/2025\/10\/1-6RT1055-600x600.webp 600w, https:\/\/mountlaser.com\/wp-content\/uploads\/2025\/10\/1-6RT1055-150x150.webp 150w, https:\/\/mountlaser.com\/wp-content\/uploads\/2025\/10\/1-6RT1055-768x768.webp 768w, https:\/\/mountlaser.com\/wp-content\/uploads\/2025\/10\/1-6RT1055-12x12.webp 12w\" sizes=\"(max-width: 500px) 100vw, 500px\" \/><\/p>\n<p>Mont Laser <a href=\"https:\/\/mountlaser.com\/fr_fr\/about-us\/\">Feuille cible r\u00e9fl\u00e9chissante RT105<\/a> L&#039;association de la pr\u00e9cision r\u00e9fl\u00e9chissante 3M et d&#039;une structure en nylon l\u00e9g\u00e8re et \u00e0 d\u00e9gagement rapide conf\u00e8re \u00e0 cette feuille cible pour station totale une grande fiabilit\u00e9. Con\u00e7ue pour les professionnels exigeants en mati\u00e8re de rapidit\u00e9, de durabilit\u00e9 et de pr\u00e9cision, elle garantit des performances constantes et efficaces pour toutes les applications de mesure.<\/p>","protected":false},"excerpt":{"rendered":"<ul>\n<li>Haute performance<\/li>\n<li>Retour de signal sup\u00e9rieur<\/li>\n<li>Conception \u00e0 d\u00e9gagement rapide<\/li>\n<li>Feuille cible id\u00e9ale pour station totale, adapt\u00e9e aux travaux de construction, de topographie et d&#039;alignement.<\/li>\n<\/ul>","protected":false},"featured_media":3091,"comment_status":"open","ping_status":"closed","template":"","meta":[],"product_brand":[],"product_cat":[72,104],"product_tag":[],"class_list":{"0":"post-3088","1":"product","2":"type-product","3":"status-publish","4":"has-post-thumbnail","6":"product_cat-reflective-target-prism","7":"product_cat-reflective-target","9":"first","10":"instock","11":"shipping-taxable","12":"product-type-simple"},"_links":{"self":[{"href":"https:\/\/mountlaser.com\/fr_fr\/wp-json\/wp\/v2\/product\/3088","targetHints":{"allow":["GET"]}}],"collection":[{"href":"https:\/\/mountlaser.com\/fr_fr\/wp-json\/wp\/v2\/product"}],"about":[{"href":"https:\/\/mountlaser.com\/fr_fr\/wp-json\/wp\/v2\/types\/product"}],"replies":[{"embeddable":true,"href":"https:\/\/mountlaser.com\/fr_fr\/wp-json\/wp\/v2\/comments?post=3088"}],"wp:featuredmedia":[{"embeddable":true,"href":"https:\/\/mountlaser.com\/fr_fr\/wp-json\/wp\/v2\/media\/3091"}],"wp:attachment":[{"href":"https:\/\/mountlaser.com\/fr_fr\/wp-json\/wp\/v2\/media?parent=3088"}],"wp:term":[{"taxonomy":"product_brand","embeddable":true,"href":"https:\/\/mountlaser.com\/fr_fr\/wp-json\/wp\/v2\/product_brand?post=3088"},{"taxonomy":"product_cat","embeddable":true,"href":"https:\/\/mountlaser.com\/fr_fr\/wp-json\/wp\/v2\/product_cat?post=3088"},{"taxonomy":"product_tag","embeddable":true,"href":"https:\/\/mountlaser.com\/fr_fr\/wp-json\/wp\/v2\/product_tag?post=3088"}],"curies":[{"name":"wp","href":"https:\/\/api.w.org\/{rel}","templated":true}]}}