{"id":3077,"date":"2025-10-31T07:29:54","date_gmt":"2025-10-31T07:29:54","guid":{"rendered":"https:\/\/mountlaser.com\/?post_type=product&#038;p=3077"},"modified":"2025-11-28T03:29:48","modified_gmt":"2025-11-28T03:29:48","slug":"rt104-reflective-target","status":"publish","type":"product","link":"https:\/\/mountlaser.com\/fr_fr\/produit\/rt104-reflective-target\/","title":{"rendered":"Cible r\u00e9fl\u00e9chissante RT104"},"content":{"rendered":"<p>Cible r\u00e9fl\u00e9chissante RT104 \u2013 Feuille cible en aluminium de pr\u00e9cision pour station totale<\/p>\n<p>Le <a href=\"https:\/\/mountlaser.com\/fr_fr\/\"><strong>Cible r\u00e9fl\u00e9chissante RT104<\/strong><\/a> La cible pour station totale de Mount Laser est un mod\u00e8le professionnel con\u00e7u pour les applications de mesure laser de haute pr\u00e9cision, d&#039;alignement et de topographie. Fabriqu\u00e9e avec un mat\u00e9riau r\u00e9fl\u00e9chissant 3M de qualit\u00e9 sup\u00e9rieure, elle garantit une r\u00e9flectivit\u00e9 optimale et un retour de signal fiable, m\u00eame en conditions d&#039;\u00e9clairage difficiles ou \u00e0 longue distance.<\/p>\n<p>Fabriqu\u00e9 en aluminium durable, le <a href=\"https:\/\/mountlaser.com\/fr_fr\/products\/\"><strong>feuille de cible de station totale<\/strong> <\/a>Offrant une excellente stabilit\u00e9 et une grande r\u00e9sistance aux chocs, ce produit est id\u00e9al pour une utilisation sur le terrain. Sa surface r\u00e9fl\u00e9chissante de 60 \u00d7 60 mm fournit un point de rep\u00e8re clair et tr\u00e8s visible, tandis que le filetage 5\/8\u2033-11 permet une installation facile sur tr\u00e9pieds, perches ou autres \u00e9quipements standard.<\/p>\n<p>En tant que cible fiable pour station totale, ce mod\u00e8le am\u00e9liore la pr\u00e9cision et la r\u00e9p\u00e9tabilit\u00e9 des mesures, garantissant ainsi des r\u00e9sultats constants pour les ing\u00e9nieurs et les g\u00e9om\u00e8tres. Que ce soit pour l&#039;implantation de chantiers, l&#039;alignement industriel ou les lev\u00e9s g\u00e9od\u00e9siques, la RT104 offre une performance durable et une pr\u00e9cision exceptionnelle.<\/p>\n<p><img fetchpriority=\"high\" decoding=\"async\" class=\"aligncenter wp-image-3082\" src=\"https:\/\/mountlaser.com\/wp-content\/uploads\/2025\/10\/1-5RT1044.webp\" alt=\"RT104 Reflective target\" width=\"500\" height=\"500\" srcset=\"https:\/\/mountlaser.com\/wp-content\/uploads\/2025\/10\/1-5RT1044.webp 1000w, https:\/\/mountlaser.com\/wp-content\/uploads\/2025\/10\/1-5RT1044-300x300.webp 300w, https:\/\/mountlaser.com\/wp-content\/uploads\/2025\/10\/1-5RT1044-400x400.webp 400w, https:\/\/mountlaser.com\/wp-content\/uploads\/2025\/10\/1-5RT1044-800x800.webp 800w, https:\/\/mountlaser.com\/wp-content\/uploads\/2025\/10\/1-5RT1044-600x600.webp 600w, https:\/\/mountlaser.com\/wp-content\/uploads\/2025\/10\/1-5RT1044-150x150.webp 150w, https:\/\/mountlaser.com\/wp-content\/uploads\/2025\/10\/1-5RT1044-768x768.webp 768w, https:\/\/mountlaser.com\/wp-content\/uploads\/2025\/10\/1-5RT1044-12x12.webp 12w\" sizes=\"(max-width: 500px) 100vw, 500px\" \/><\/p>\n<p>Mont Laser <a href=\"https:\/\/mountlaser.com\/fr_fr\/contact-us\/\">Cible r\u00e9fl\u00e9chissante RT104<\/a> L&#039;alliance des performances r\u00e9fl\u00e9chissantes 3M et de la robustesse de la conception en aluminium conf\u00e8re \u00e0 cette cible pour station totale une fiabilit\u00e9 \u00e0 toute \u00e9preuve. Con\u00e7ue pour la pr\u00e9cision, la stabilit\u00e9 et une longue dur\u00e9e de vie, elle repr\u00e9sente un choix de confiance pour les professionnels exigeants qui privil\u00e9gient l&#039;exactitude de chaque mesure.<\/p>","protected":false},"excerpt":{"rendered":"<ul>\n<li>Cible r\u00e9fl\u00e9chissante haute pr\u00e9cision RT104 pour syst\u00e8mes de stations totales<\/li>\n<li>Compatible avec les tr\u00e9pieds et les perches<\/li>\n<li>Feuille cible id\u00e9ale pour station totale, pour les lev\u00e9s topographiques et les travaux d&#039;alignement<\/li>\n<\/ul>","protected":false},"featured_media":3079,"comment_status":"open","ping_status":"closed","template":"","meta":[],"product_brand":[],"product_cat":[104,72],"product_tag":[],"class_list":{"0":"post-3077","1":"product","2":"type-product","3":"status-publish","4":"has-post-thumbnail","6":"product_cat-reflective-target","7":"product_cat-reflective-target-prism","9":"first","10":"instock","11":"shipping-taxable","12":"product-type-simple"},"_links":{"self":[{"href":"https:\/\/mountlaser.com\/fr_fr\/wp-json\/wp\/v2\/product\/3077","targetHints":{"allow":["GET"]}}],"collection":[{"href":"https:\/\/mountlaser.com\/fr_fr\/wp-json\/wp\/v2\/product"}],"about":[{"href":"https:\/\/mountlaser.com\/fr_fr\/wp-json\/wp\/v2\/types\/product"}],"replies":[{"embeddable":true,"href":"https:\/\/mountlaser.com\/fr_fr\/wp-json\/wp\/v2\/comments?post=3077"}],"wp:featuredmedia":[{"embeddable":true,"href":"https:\/\/mountlaser.com\/fr_fr\/wp-json\/wp\/v2\/media\/3079"}],"wp:attachment":[{"href":"https:\/\/mountlaser.com\/fr_fr\/wp-json\/wp\/v2\/media?parent=3077"}],"wp:term":[{"taxonomy":"product_brand","embeddable":true,"href":"https:\/\/mountlaser.com\/fr_fr\/wp-json\/wp\/v2\/product_brand?post=3077"},{"taxonomy":"product_cat","embeddable":true,"href":"https:\/\/mountlaser.com\/fr_fr\/wp-json\/wp\/v2\/product_cat?post=3077"},{"taxonomy":"product_tag","embeddable":true,"href":"https:\/\/mountlaser.com\/fr_fr\/wp-json\/wp\/v2\/product_tag?post=3077"}],"curies":[{"name":"wp","href":"https:\/\/api.w.org\/{rel}","templated":true}]}}